{"id":624,"date":"2022-09-29T15:04:14","date_gmt":"2022-09-29T13:04:14","guid":{"rendered":"https:\/\/www.datinstruments.com\/es\/?page_id=624"},"modified":"2022-09-29T15:40:12","modified_gmt":"2022-09-29T13:40:12","slug":"instalaciones","status":"publish","type":"page","link":"https:\/\/www.datinstruments.com\/es\/instalaciones\/","title":{"rendered":"Instalaciones"},"content":{"rendered":"\t\t<div data-elementor-type=\"wp-page\" data-elementor-id=\"624\" class=\"elementor elementor-624\" data-elementor-post-type=\"page\">\n\t\t\t\t\t\t<section class=\"elementor-section elementor-top-section elementor-element elementor-element-e3fe77d elementor-section-boxed elementor-section-height-default elementor-section-height-default\" data-id=\"e3fe77d\" data-element_type=\"section\">\n\t\t\t\t\t\t<div class=\"elementor-container elementor-column-gap-default\">\n\t\t\t\t\t<div class=\"elementor-column elementor-col-100 elementor-top-column elementor-element elementor-element-14b402f\" data-id=\"14b402f\" data-element_type=\"column\">\n\t\t\t<div class=\"elementor-widget-wrap elementor-element-populated\">\n\t\t\t\t\t\t<div class=\"elementor-element elementor-element-97fd50c elementor-grid-mobile-2 elementor-grid-3 elementor-grid-tablet-2 elementor-posts--thumbnail-top elementor-widget elementor-widget-posts\" data-id=\"97fd50c\" data-element_type=\"widget\" data-settings=\"{&quot;classic_columns_mobile&quot;:&quot;2&quot;,&quot;classic_columns&quot;:&quot;3&quot;,&quot;classic_columns_tablet&quot;:&quot;2&quot;,&quot;classic_row_gap&quot;:{&quot;unit&quot;:&quot;px&quot;,&quot;size&quot;:35,&quot;sizes&quot;:[]},&quot;classic_row_gap_tablet&quot;:{&quot;unit&quot;:&quot;px&quot;,&quot;size&quot;:&quot;&quot;,&quot;sizes&quot;:[]},&quot;classic_row_gap_mobile&quot;:{&quot;unit&quot;:&quot;px&quot;,&quot;size&quot;:&quot;&quot;,&quot;sizes&quot;:[]}}\" data-widget_type=\"posts.classic\">\n\t\t\t\t<div class=\"elementor-widget-container\">\n\t\t\t\t\t\t\t<div class=\"elementor-posts-container elementor-posts elementor-posts--skin-classic elementor-grid\">\n\t\t\t\t<article class=\"elementor-post elementor-grid-item post-449 post type-post status-publish format-standard has-post-thumbnail hentry category-instalaciones tag-dat-tinylog tag-datalogger tag-trabajos-de-soil-mixing\">\n\t\t\t\t<a class=\"elementor-post__thumbnail__link\" href=\"https:\/\/www.datinstruments.com\/es\/dat-tinylog-trabajos-de-soil-mixing-para-ampliacion-de-carretera\/\" tabindex=\"-1\" >\n\t\t\t<div class=\"elementor-post__thumbnail\"><img fetchpriority=\"high\" decoding=\"async\" width=\"768\" height=\"480\" src=\"https:\/\/www.datinstruments.com\/es\/files\/2020\/11\/DAT-Instruments-DAT-TinyLog-datalogger-registrador-de-datos-Puerto-de-Karasu-Obras-soil-mixing-para-ampliacion-de-carretera-768x480.jpg\" class=\"attachment-medium_large size-medium_large wp-image-451\" alt=\"DAT Instruments, DAT TinyLog, datalogger, registrador de datos, Puerto de Karasu, Obras, soil mixing para ampliaci\u00f3n de carretera\" srcset=\"https:\/\/www.datinstruments.com\/es\/files\/2020\/11\/DAT-Instruments-DAT-TinyLog-datalogger-registrador-de-datos-Puerto-de-Karasu-Obras-soil-mixing-para-ampliacion-de-carretera-768x480.jpg 768w, https:\/\/www.datinstruments.com\/es\/files\/2020\/11\/DAT-Instruments-DAT-TinyLog-datalogger-registrador-de-datos-Puerto-de-Karasu-Obras-soil-mixing-para-ampliacion-de-carretera-770x481.jpg 770w, https:\/\/www.datinstruments.com\/es\/files\/2020\/11\/DAT-Instruments-DAT-TinyLog-datalogger-registrador-de-datos-Puerto-de-Karasu-Obras-soil-mixing-para-ampliacion-de-carretera-200x125.jpg 200w, https:\/\/www.datinstruments.com\/es\/files\/2020\/11\/DAT-Instruments-DAT-TinyLog-datalogger-registrador-de-datos-Puerto-de-Karasu-Obras-soil-mixing-para-ampliacion-de-carretera-436x272.jpg 436w, https:\/\/www.datinstruments.com\/es\/files\/2020\/11\/DAT-Instruments-DAT-TinyLog-datalogger-registrador-de-datos-Puerto-de-Karasu-Obras-soil-mixing-para-ampliacion-de-carretera-440x275.jpg 440w, https:\/\/www.datinstruments.com\/es\/files\/2020\/11\/DAT-Instruments-DAT-TinyLog-datalogger-registrador-de-datos-Puerto-de-Karasu-Obras-soil-mixing-para-ampliacion-de-carretera.jpg 1000w\" sizes=\"(max-width: 768px) 100vw, 768px\" \/><\/div>\n\t\t<\/a>\n\t\t\t\t<div class=\"elementor-post__text\">\n\t\t\t\t<h3 class=\"elementor-post__title\">\n\t\t\t<a href=\"https:\/\/www.datinstruments.com\/es\/dat-tinylog-trabajos-de-soil-mixing-para-ampliacion-de-carretera\/\" >\n\t\t\t\tEl DAT TinyLog utilizado en trabajos de soil mixing para ampliaci\u00f3n de carretera (Turqu\u00eda, 2020)\t\t\t<\/a>\n\t\t<\/h3>\n\t\t\n\t\t<a class=\"elementor-post__read-more\" href=\"https:\/\/www.datinstruments.com\/es\/dat-tinylog-trabajos-de-soil-mixing-para-ampliacion-de-carretera\/\" aria-label=\"M\u00e1s informaci\u00f3n sobre El DAT TinyLog utilizado en trabajos de soil mixing para ampliaci\u00f3n de carretera (Turqu\u00eda, 2020)\" tabindex=\"-1\" >\n\t\t\tLee mas\t\t<\/a>\n\n\t\t\t\t<\/div>\n\t\t\t\t<\/article>\n\t\t\t\t<article class=\"elementor-post elementor-grid-item post-498 post type-post status-publish format-standard has-post-thumbnail hentry category-instalaciones\">\n\t\t\t\t<a class=\"elementor-post__thumbnail__link\" href=\"https:\/\/www.datinstruments.com\/es\/solidos-cimientos-para-un-edificio-en-el-lago-de-como\/\" tabindex=\"-1\" >\n\t\t\t<div class=\"elementor-post__thumbnail\"><img decoding=\"async\" width=\"768\" height=\"480\" src=\"https:\/\/www.datinstruments.com\/es\/files\/2021\/01\/DAT-instruments-DAT-TinyLog-Italia-2019-datalogger-ciminetos-de-edificio-Como-768x480.jpg\" class=\"attachment-medium_large size-medium_large wp-image-500\" alt=\"DAT instruments, DAT TinyLog, Italia-2019, datalogger, cimientos de edificio, Como, cimientos para un edificio\" srcset=\"https:\/\/www.datinstruments.com\/es\/files\/2021\/01\/DAT-instruments-DAT-TinyLog-Italia-2019-datalogger-ciminetos-de-edificio-Como-768x480.jpg 768w, https:\/\/www.datinstruments.com\/es\/files\/2021\/01\/DAT-instruments-DAT-TinyLog-Italia-2019-datalogger-ciminetos-de-edificio-Como-770x481.jpg 770w, https:\/\/www.datinstruments.com\/es\/files\/2021\/01\/DAT-instruments-DAT-TinyLog-Italia-2019-datalogger-ciminetos-de-edificio-Como-200x125.jpg 200w, https:\/\/www.datinstruments.com\/es\/files\/2021\/01\/DAT-instruments-DAT-TinyLog-Italia-2019-datalogger-ciminetos-de-edificio-Como-436x272.jpg 436w, https:\/\/www.datinstruments.com\/es\/files\/2021\/01\/DAT-instruments-DAT-TinyLog-Italia-2019-datalogger-ciminetos-de-edificio-Como-440x275.jpg 440w, https:\/\/www.datinstruments.com\/es\/files\/2021\/01\/DAT-instruments-DAT-TinyLog-Italia-2019-datalogger-ciminetos-de-edificio-Como.jpg 1000w\" sizes=\"(max-width: 768px) 100vw, 768px\" \/><\/div>\n\t\t<\/a>\n\t\t\t\t<div class=\"elementor-post__text\">\n\t\t\t\t<h3 class=\"elementor-post__title\">\n\t\t\t<a href=\"https:\/\/www.datinstruments.com\/es\/solidos-cimientos-para-un-edificio-en-el-lago-de-como\/\" >\n\t\t\t\tS\u00f3lidos cimientos para un edificio en el Lago de Como con el DAT TinyLog (Italia, 2019)\t\t\t<\/a>\n\t\t<\/h3>\n\t\t\n\t\t<a class=\"elementor-post__read-more\" href=\"https:\/\/www.datinstruments.com\/es\/solidos-cimientos-para-un-edificio-en-el-lago-de-como\/\" aria-label=\"M\u00e1s informaci\u00f3n sobre S\u00f3lidos cimientos para un edificio en el Lago de Como con el DAT TinyLog (Italia, 2019)\" tabindex=\"-1\" >\n\t\t\tLee mas\t\t<\/a>\n\n\t\t\t\t<\/div>\n\t\t\t\t<\/article>\n\t\t\t\t<article class=\"elementor-post elementor-grid-item post-559 post type-post status-publish format-standard has-post-thumbnail hentry category-instalaciones\">\n\t\t\t\t<a class=\"elementor-post__thumbnail__link\" href=\"https:\/\/www.datinstruments.com\/es\/trabajos-de-soil-mixing-certificados\/\" tabindex=\"-1\" >\n\t\t\t<div class=\"elementor-post__thumbnail\"><img decoding=\"async\" width=\"768\" height=\"480\" src=\"https:\/\/www.datinstruments.com\/es\/files\/2021\/02\/DAT-instruments-JET-4000-AME-J-MM-datalogger-perforadora-Espana-768x480.jpg\" class=\"attachment-medium_large size-medium_large wp-image-561\" alt=\"DAT instruments, JET 4000 AME J MM, datalogger, perforadora, Espa\u00f1a\" srcset=\"https:\/\/www.datinstruments.com\/es\/files\/2021\/02\/DAT-instruments-JET-4000-AME-J-MM-datalogger-perforadora-Espana-768x480.jpg 768w, https:\/\/www.datinstruments.com\/es\/files\/2021\/02\/DAT-instruments-JET-4000-AME-J-MM-datalogger-perforadora-Espana-770x481.jpg 770w, https:\/\/www.datinstruments.com\/es\/files\/2021\/02\/DAT-instruments-JET-4000-AME-J-MM-datalogger-perforadora-Espana-1080x675.jpg 1080w, https:\/\/www.datinstruments.com\/es\/files\/2021\/02\/DAT-instruments-JET-4000-AME-J-MM-datalogger-perforadora-Espana-200x125.jpg 200w, https:\/\/www.datinstruments.com\/es\/files\/2021\/02\/DAT-instruments-JET-4000-AME-J-MM-datalogger-perforadora-Espana-436x272.jpg 436w, https:\/\/www.datinstruments.com\/es\/files\/2021\/02\/DAT-instruments-JET-4000-AME-J-MM-datalogger-perforadora-Espana-440x275.jpg 440w, https:\/\/www.datinstruments.com\/es\/files\/2021\/02\/DAT-instruments-JET-4000-AME-J-MM-datalogger-perforadora-Espana.jpg 1120w\" sizes=\"(max-width: 768px) 100vw, 768px\" \/><\/div>\n\t\t<\/a>\n\t\t\t\t<div class=\"elementor-post__text\">\n\t\t\t\t<h3 class=\"elementor-post__title\">\n\t\t\t<a href=\"https:\/\/www.datinstruments.com\/es\/trabajos-de-soil-mixing-certificados\/\" >\n\t\t\t\tTrabajos de soil mixing certificados con DAT instruments (Espa\u00f1a, 2019)\t\t\t<\/a>\n\t\t<\/h3>\n\t\t\n\t\t<a class=\"elementor-post__read-more\" href=\"https:\/\/www.datinstruments.com\/es\/trabajos-de-soil-mixing-certificados\/\" aria-label=\"M\u00e1s informaci\u00f3n sobre Trabajos de soil mixing certificados con DAT instruments (Espa\u00f1a, 2019)\" tabindex=\"-1\" >\n\t\t\tLee mas\t\t<\/a>\n\n\t\t\t\t<\/div>\n\t\t\t\t<\/article>\n\t\t\t\t<article class=\"elementor-post elementor-grid-item post-490 post type-post status-publish format-standard has-post-thumbnail hentry category-instalaciones\">\n\t\t\t\t<a class=\"elementor-post__thumbnail__link\" href=\"https:\/\/www.datinstruments.com\/es\/datalogger-instalado-desde-productor-de-perforadoras\/\" tabindex=\"-1\" >\n\t\t\t<div class=\"elementor-post__thumbnail\"><img loading=\"lazy\" decoding=\"async\" width=\"768\" height=\"480\" src=\"https:\/\/www.datinstruments.com\/es\/files\/2021\/01\/DAT-instruments-datalogger-JET-SDP-IB-instalacion-llave-en-mano-en-la-sala-del-fabricante-del-taladro-768x480.jpg\" class=\"attachment-medium_large size-medium_large wp-image-492\" alt=\"DAT instruments, datalogger, JET SDP IB, instalaci\u00f3n llave en mano en la sala del fabricante del taladro, Datalogger instalado desde el productor de perforadoras\" srcset=\"https:\/\/www.datinstruments.com\/es\/files\/2021\/01\/DAT-instruments-datalogger-JET-SDP-IB-instalacion-llave-en-mano-en-la-sala-del-fabricante-del-taladro-768x480.jpg 768w, https:\/\/www.datinstruments.com\/es\/files\/2021\/01\/DAT-instruments-datalogger-JET-SDP-IB-instalacion-llave-en-mano-en-la-sala-del-fabricante-del-taladro-770x481.jpg 770w, https:\/\/www.datinstruments.com\/es\/files\/2021\/01\/DAT-instruments-datalogger-JET-SDP-IB-instalacion-llave-en-mano-en-la-sala-del-fabricante-del-taladro-200x125.jpg 200w, https:\/\/www.datinstruments.com\/es\/files\/2021\/01\/DAT-instruments-datalogger-JET-SDP-IB-instalacion-llave-en-mano-en-la-sala-del-fabricante-del-taladro-436x272.jpg 436w, https:\/\/www.datinstruments.com\/es\/files\/2021\/01\/DAT-instruments-datalogger-JET-SDP-IB-instalacion-llave-en-mano-en-la-sala-del-fabricante-del-taladro-440x275.jpg 440w, https:\/\/www.datinstruments.com\/es\/files\/2021\/01\/DAT-instruments-datalogger-JET-SDP-IB-instalacion-llave-en-mano-en-la-sala-del-fabricante-del-taladro.jpg 1000w\" sizes=\"(max-width: 768px) 100vw, 768px\" \/><\/div>\n\t\t<\/a>\n\t\t\t\t<div class=\"elementor-post__text\">\n\t\t\t\t<h3 class=\"elementor-post__title\">\n\t\t\t<a href=\"https:\/\/www.datinstruments.com\/es\/datalogger-instalado-desde-productor-de-perforadoras\/\" >\n\t\t\t\tDatalogger instalado directamente en la f\u00e1brica del productor de perforadoras Comacchio (Italia, 2019)\t\t\t<\/a>\n\t\t<\/h3>\n\t\t\n\t\t<a class=\"elementor-post__read-more\" href=\"https:\/\/www.datinstruments.com\/es\/datalogger-instalado-desde-productor-de-perforadoras\/\" aria-label=\"M\u00e1s informaci\u00f3n sobre Datalogger instalado directamente en la f\u00e1brica del productor de perforadoras Comacchio (Italia, 2019)\" tabindex=\"-1\" >\n\t\t\tLee mas\t\t<\/a>\n\n\t\t\t\t<\/div>\n\t\t\t\t<\/article>\n\t\t\t\t<article class=\"elementor-post elementor-grid-item post-584 post type-post status-publish format-standard has-post-thumbnail hentry category-instalaciones\">\n\t\t\t\t<a class=\"elementor-post__thumbnail__link\" href=\"https:\/\/www.datinstruments.com\/es\/autohormigonera-y-bomba-de-inyeccion-movil\/\" tabindex=\"-1\" >\n\t\t\t<div class=\"elementor-post__thumbnail\"><img loading=\"lazy\" decoding=\"async\" width=\"768\" height=\"480\" src=\"https:\/\/www.datinstruments.com\/es\/files\/2021\/02\/DAT-instruments-Colombia-datalogger-grouting-JET-DSP-100-IRT-en-el-equipo-768x480.jpg\" class=\"attachment-medium_large size-medium_large wp-image-585\" alt=\"DAT instruments, Colombia, datalogger, grouting, JET DSP 100 IRT, en el equipo\" srcset=\"https:\/\/www.datinstruments.com\/es\/files\/2021\/02\/DAT-instruments-Colombia-datalogger-grouting-JET-DSP-100-IRT-en-el-equipo-768x480.jpg 768w, https:\/\/www.datinstruments.com\/es\/files\/2021\/02\/DAT-instruments-Colombia-datalogger-grouting-JET-DSP-100-IRT-en-el-equipo-770x481.jpg 770w, https:\/\/www.datinstruments.com\/es\/files\/2021\/02\/DAT-instruments-Colombia-datalogger-grouting-JET-DSP-100-IRT-en-el-equipo-200x125.jpg 200w, https:\/\/www.datinstruments.com\/es\/files\/2021\/02\/DAT-instruments-Colombia-datalogger-grouting-JET-DSP-100-IRT-en-el-equipo-436x272.jpg 436w, https:\/\/www.datinstruments.com\/es\/files\/2021\/02\/DAT-instruments-Colombia-datalogger-grouting-JET-DSP-100-IRT-en-el-equipo-440x275.jpg 440w, https:\/\/www.datinstruments.com\/es\/files\/2021\/02\/DAT-instruments-Colombia-datalogger-grouting-JET-DSP-100-IRT-en-el-equipo.jpg 1000w\" sizes=\"(max-width: 768px) 100vw, 768px\" \/><\/div>\n\t\t<\/a>\n\t\t\t\t<div class=\"elementor-post__text\">\n\t\t\t\t<h3 class=\"elementor-post__title\">\n\t\t\t<a href=\"https:\/\/www.datinstruments.com\/es\/autohormigonera-y-bomba-de-inyeccion-movil\/\" >\n\t\t\t\tAutohormigonera y bomba de inyecci\u00f3n m\u00f3vil con DAT instruments (Colombia, 2018)\t\t\t<\/a>\n\t\t<\/h3>\n\t\t\n\t\t<a class=\"elementor-post__read-more\" href=\"https:\/\/www.datinstruments.com\/es\/autohormigonera-y-bomba-de-inyeccion-movil\/\" aria-label=\"M\u00e1s informaci\u00f3n sobre Autohormigonera y bomba de inyecci\u00f3n m\u00f3vil con DAT instruments (Colombia, 2018)\" tabindex=\"-1\" >\n\t\t\tLee mas\t\t<\/a>\n\n\t\t\t\t<\/div>\n\t\t\t\t<\/article>\n\t\t\t\t<article class=\"elementor-post elementor-grid-item post-578 post type-post status-publish format-standard has-post-thumbnail hentry category-instalaciones\">\n\t\t\t\t<a class=\"elementor-post__thumbnail__link\" href=\"https:\/\/www.datinstruments.com\/es\/dat-instruments-produce-datalogger-para-estudio-de-suelos\/\" tabindex=\"-1\" >\n\t\t\t<div class=\"elementor-post__thumbnail\"><img loading=\"lazy\" decoding=\"async\" width=\"768\" height=\"480\" src=\"https:\/\/www.datinstruments.com\/es\/files\/2021\/02\/DAT-instruments-datalogger-JET-SDP-IB-estudios-de-suelo-obra-perforadora-768x480.jpg\" class=\"attachment-medium_large size-medium_large wp-image-581\" alt=\"DAT instruments, datalogger, JET SDP IB, estudios de suelo, obra, perforadora\" srcset=\"https:\/\/www.datinstruments.com\/es\/files\/2021\/02\/DAT-instruments-datalogger-JET-SDP-IB-estudios-de-suelo-obra-perforadora-768x480.jpg 768w, https:\/\/www.datinstruments.com\/es\/files\/2021\/02\/DAT-instruments-datalogger-JET-SDP-IB-estudios-de-suelo-obra-perforadora-770x481.jpg 770w, https:\/\/www.datinstruments.com\/es\/files\/2021\/02\/DAT-instruments-datalogger-JET-SDP-IB-estudios-de-suelo-obra-perforadora-200x125.jpg 200w, https:\/\/www.datinstruments.com\/es\/files\/2021\/02\/DAT-instruments-datalogger-JET-SDP-IB-estudios-de-suelo-obra-perforadora-436x272.jpg 436w, https:\/\/www.datinstruments.com\/es\/files\/2021\/02\/DAT-instruments-datalogger-JET-SDP-IB-estudios-de-suelo-obra-perforadora-440x275.jpg 440w, https:\/\/www.datinstruments.com\/es\/files\/2021\/02\/DAT-instruments-datalogger-JET-SDP-IB-estudios-de-suelo-obra-perforadora.jpg 1000w\" sizes=\"(max-width: 768px) 100vw, 768px\" \/><\/div>\n\t\t<\/a>\n\t\t\t\t<div class=\"elementor-post__text\">\n\t\t\t\t<h3 class=\"elementor-post__title\">\n\t\t\t<a href=\"https:\/\/www.datinstruments.com\/es\/dat-instruments-produce-datalogger-para-estudio-de-suelos\/\" >\n\t\t\t\tDAT instruments produce datalogger para estudio de suelos (Italia, 2018)\t\t\t<\/a>\n\t\t<\/h3>\n\t\t\n\t\t<a class=\"elementor-post__read-more\" href=\"https:\/\/www.datinstruments.com\/es\/dat-instruments-produce-datalogger-para-estudio-de-suelos\/\" aria-label=\"M\u00e1s informaci\u00f3n sobre DAT instruments produce datalogger para estudio de suelos (Italia, 2018)\" tabindex=\"-1\" >\n\t\t\tLee mas\t\t<\/a>\n\n\t\t\t\t<\/div>\n\t\t\t\t<\/article>\n\t\t\t\t<\/div>\n\t\t\n\t\t\t\t\t\t<\/div>\n\t\t\t\t<\/div>\n\t\t\t\t\t<\/div>\n\t\t<\/div>\n\t\t\t\t\t<\/div>\n\t\t<\/section>\n\t\t\t\t<\/div>\n\t\t","protected":false},"excerpt":{"rendered":"","protected":false},"author":8,"featured_media":0,"parent":0,"menu_order":0,"comment_status":"closed","ping_status":"closed","template":"","meta":{"footnotes":""},"class_list":["post-624","page","type-page","status-publish","hentry"],"yoast_head":"<!-- This site is optimized with the Yoast SEO plugin v24.8.1 - https:\/\/yoast.com\/wordpress\/plugins\/seo\/ -->\n<title>Instalaciones - DAT instruments<\/title>\n<meta name=\"robots\" content=\"index, follow, max-snippet:-1, max-image-preview:large, max-video-preview:-1\" \/>\n<link rel=\"canonical\" href=\"https:\/\/www.datinstruments.com\/es\/instalaciones\/\" \/>\n<meta property=\"og:locale\" content=\"es_ES\" \/>\n<meta property=\"og:type\" content=\"article\" \/>\n<meta property=\"og:title\" content=\"Instalaciones - DAT instruments\" \/>\n<meta property=\"og:url\" content=\"https:\/\/www.datinstruments.com\/es\/instalaciones\/\" \/>\n<meta property=\"og:site_name\" content=\"DAT instruments\" \/>\n<meta property=\"article:publisher\" content=\"https:\/\/www.facebook.com\/datinstruments\" \/>\n<meta property=\"article:modified_time\" content=\"2022-09-29T13:40:12+00:00\" \/>\n<meta name=\"twitter:card\" content=\"summary_large_image\" \/>\n<meta name=\"twitter:label1\" content=\"Tiempo de lectura\" \/>\n\t<meta name=\"twitter:data1\" content=\"2 minutos\" \/>\n<script type=\"application\/ld+json\" class=\"yoast-schema-graph\">{\"@context\":\"https:\/\/schema.org\",\"@graph\":[{\"@type\":\"WebPage\",\"@id\":\"https:\/\/www.datinstruments.com\/es\/instalaciones\/\",\"url\":\"https:\/\/www.datinstruments.com\/es\/instalaciones\/\",\"name\":\"Instalaciones - DAT instruments\",\"isPartOf\":{\"@id\":\"https:\/\/www.datinstruments.com\/es\/#website\"},\"datePublished\":\"2022-09-29T13:04:14+00:00\",\"dateModified\":\"2022-09-29T13:40:12+00:00\",\"breadcrumb\":{\"@id\":\"https:\/\/www.datinstruments.com\/es\/instalaciones\/#breadcrumb\"},\"inLanguage\":\"es\",\"potentialAction\":[{\"@type\":\"ReadAction\",\"target\":[\"https:\/\/www.datinstruments.com\/es\/instalaciones\/\"]}]},{\"@type\":\"BreadcrumbList\",\"@id\":\"https:\/\/www.datinstruments.com\/es\/instalaciones\/#breadcrumb\",\"itemListElement\":[{\"@type\":\"ListItem\",\"position\":1,\"name\":\"Home\",\"item\":\"https:\/\/www.datinstruments.com\/es\/\"},{\"@type\":\"ListItem\",\"position\":2,\"name\":\"Instalaciones\"}]},{\"@type\":\"WebSite\",\"@id\":\"https:\/\/www.datinstruments.com\/es\/#website\",\"url\":\"https:\/\/www.datinstruments.com\/es\/\",\"name\":\"DAT instruments\",\"description\":\"Datalogger para: Jet grouting \u2013 Inyecciones de cemento \u2013 GIN \u2013 TAM Grouting \u2013 Compensation grouting \u2013 Perforaci\u00f3nes \u2013 MWD \u2013 LWD \u2013 Pilote con barrena continua CFA \u2013 Deep mixing \u2013 Soil mixing \u2013 Mezcla profunda de suelos DSM \u2013 Vibroflotaci\u00f3n \u2013 Sand Compaction Piles \u2013 Excavaci\u00f3n de diafragmas \u2013 Hidrofresas \u2013 Pruebas Lugeon \u2013 Indagenes Geognosticas\",\"publisher\":{\"@id\":\"https:\/\/www.datinstruments.com\/es\/#organization\"},\"potentialAction\":[{\"@type\":\"SearchAction\",\"target\":{\"@type\":\"EntryPoint\",\"urlTemplate\":\"https:\/\/www.datinstruments.com\/es\/?s={search_term_string}\"},\"query-input\":{\"@type\":\"PropertyValueSpecification\",\"valueRequired\":true,\"valueName\":\"search_term_string\"}}],\"inLanguage\":\"es\"},{\"@type\":\"Organization\",\"@id\":\"https:\/\/www.datinstruments.com\/es\/#organization\",\"name\":\"DAT instruments\",\"url\":\"https:\/\/www.datinstruments.com\/es\/\",\"logo\":{\"@type\":\"ImageObject\",\"inLanguage\":\"es\",\"@id\":\"https:\/\/www.datinstruments.com\/es\/#\/schema\/logo\/image\/\",\"url\":\"https:\/\/www.datinstruments.com\/es\/files\/2019\/08\/cropped-cropped-Favicon21.jpg\",\"contentUrl\":\"https:\/\/www.datinstruments.com\/es\/files\/2019\/08\/cropped-cropped-Favicon21.jpg\",\"width\":512,\"height\":512,\"caption\":\"DAT instruments\"},\"image\":{\"@id\":\"https:\/\/www.datinstruments.com\/es\/#\/schema\/logo\/image\/\"},\"sameAs\":[\"https:\/\/www.facebook.com\/datinstruments\"]}]}<\/script>\n<!-- \/ Yoast SEO plugin. -->","yoast_head_json":{"title":"Instalaciones - DAT instruments","robots":{"index":"index","follow":"follow","max-snippet":"max-snippet:-1","max-image-preview":"max-image-preview:large","max-video-preview":"max-video-preview:-1"},"canonical":"https:\/\/www.datinstruments.com\/es\/instalaciones\/","og_locale":"es_ES","og_type":"article","og_title":"Instalaciones - DAT instruments","og_url":"https:\/\/www.datinstruments.com\/es\/instalaciones\/","og_site_name":"DAT instruments","article_publisher":"https:\/\/www.facebook.com\/datinstruments","article_modified_time":"2022-09-29T13:40:12+00:00","twitter_card":"summary_large_image","twitter_misc":{"Tiempo de lectura":"2 minutos"},"schema":{"@context":"https:\/\/schema.org","@graph":[{"@type":"WebPage","@id":"https:\/\/www.datinstruments.com\/es\/instalaciones\/","url":"https:\/\/www.datinstruments.com\/es\/instalaciones\/","name":"Instalaciones - DAT instruments","isPartOf":{"@id":"https:\/\/www.datinstruments.com\/es\/#website"},"datePublished":"2022-09-29T13:04:14+00:00","dateModified":"2022-09-29T13:40:12+00:00","breadcrumb":{"@id":"https:\/\/www.datinstruments.com\/es\/instalaciones\/#breadcrumb"},"inLanguage":"es","potentialAction":[{"@type":"ReadAction","target":["https:\/\/www.datinstruments.com\/es\/instalaciones\/"]}]},{"@type":"BreadcrumbList","@id":"https:\/\/www.datinstruments.com\/es\/instalaciones\/#breadcrumb","itemListElement":[{"@type":"ListItem","position":1,"name":"Home","item":"https:\/\/www.datinstruments.com\/es\/"},{"@type":"ListItem","position":2,"name":"Instalaciones"}]},{"@type":"WebSite","@id":"https:\/\/www.datinstruments.com\/es\/#website","url":"https:\/\/www.datinstruments.com\/es\/","name":"DAT instruments","description":"Datalogger para: Jet grouting \u2013 Inyecciones de cemento \u2013 GIN \u2013 TAM Grouting \u2013 Compensation grouting \u2013 Perforaci\u00f3nes \u2013 MWD \u2013 LWD \u2013 Pilote con barrena continua CFA \u2013 Deep mixing \u2013 Soil mixing \u2013 Mezcla profunda de suelos DSM \u2013 Vibroflotaci\u00f3n \u2013 Sand Compaction Piles \u2013 Excavaci\u00f3n de diafragmas \u2013 Hidrofresas \u2013 Pruebas Lugeon \u2013 Indagenes Geognosticas","publisher":{"@id":"https:\/\/www.datinstruments.com\/es\/#organization"},"potentialAction":[{"@type":"SearchAction","target":{"@type":"EntryPoint","urlTemplate":"https:\/\/www.datinstruments.com\/es\/?s={search_term_string}"},"query-input":{"@type":"PropertyValueSpecification","valueRequired":true,"valueName":"search_term_string"}}],"inLanguage":"es"},{"@type":"Organization","@id":"https:\/\/www.datinstruments.com\/es\/#organization","name":"DAT instruments","url":"https:\/\/www.datinstruments.com\/es\/","logo":{"@type":"ImageObject","inLanguage":"es","@id":"https:\/\/www.datinstruments.com\/es\/#\/schema\/logo\/image\/","url":"https:\/\/www.datinstruments.com\/es\/files\/2019\/08\/cropped-cropped-Favicon21.jpg","contentUrl":"https:\/\/www.datinstruments.com\/es\/files\/2019\/08\/cropped-cropped-Favicon21.jpg","width":512,"height":512,"caption":"DAT instruments"},"image":{"@id":"https:\/\/www.datinstruments.com\/es\/#\/schema\/logo\/image\/"},"sameAs":["https:\/\/www.facebook.com\/datinstruments"]}]}},"_links":{"self":[{"href":"https:\/\/www.datinstruments.com\/es\/wp-json\/wp\/v2\/pages\/624","targetHints":{"allow":["GET"]}}],"collection":[{"href":"https:\/\/www.datinstruments.com\/es\/wp-json\/wp\/v2\/pages"}],"about":[{"href":"https:\/\/www.datinstruments.com\/es\/wp-json\/wp\/v2\/types\/page"}],"author":[{"embeddable":true,"href":"https:\/\/www.datinstruments.com\/es\/wp-json\/wp\/v2\/users\/8"}],"replies":[{"embeddable":true,"href":"https:\/\/www.datinstruments.com\/es\/wp-json\/wp\/v2\/comments?post=624"}],"version-history":[{"count":0,"href":"https:\/\/www.datinstruments.com\/es\/wp-json\/wp\/v2\/pages\/624\/revisions"}],"wp:attachment":[{"href":"https:\/\/www.datinstruments.com\/es\/wp-json\/wp\/v2\/media?parent=624"}],"curies":[{"name":"wp","href":"https:\/\/api.w.org\/{rel}","templated":true}]}}