{"id":386,"date":"2020-08-05T14:22:36","date_gmt":"2020-08-05T12:22:36","guid":{"rendered":"http:\/\/www.datinstruments.com\/es\/?page_id=386"},"modified":"2020-12-16T09:14:21","modified_gmt":"2020-12-16T08:14:21","slug":"pruebas-lugeon","status":"publish","type":"page","link":"https:\/\/www.datinstruments.com\/es\/pruebas-lugeon\/","title":{"rendered":"PRUEBAS LUGEON"},"content":{"rendered":"\n<p>Las pruebas de tipo Lugeon y Lefranc sirven para determinar el coeficiente de permeabilidad de los terrenos. En particular, la prueba Lugeon se dirige\u00a0principalmente a evaluar la permeabilidad o la fracturaci\u00f3n de formaciones rocosas.<\/p>\n\n\n\n<div class=\"alignnormal\"><div id=\"metaslider-id-347\" style=\"width: 100%; margin: 0 auto;\" class=\"ml-slider-3-97-0 metaslider metaslider-nivo metaslider-347 ml-slider ms-theme-default\" role=\"region\" aria-roledescription=\"Slideshow\" aria-label=\"Pruebas Lugeon\" data-width=\"1080\">\n    <div id=\"metaslider_container_347\">\n        <div class='slider-wrapper theme-default'><div class='ribbon'><\/div><div id='metaslider_347' class='nivoSlider'><img fetchpriority=\"high\" decoding=\"async\" src=\"https:\/\/www.datinstruments.com\/es\/files\/2020\/06\/DAT-instruments-JET-4000-AME-I-datalogger-per-prove-Lugeon-Marocco-1024x379.jpg\" height=\"400\" width=\"1080\" title=\"DAT instruments, JET 4000 AME - I, datalogger per prove Lugeon, Marocco\" alt=\"Pruebas Lugeon\" class=\"slider-347 slide-352\" \/><img decoding=\"async\" src=\"https:\/\/www.datinstruments.com\/es\/files\/2020\/06\/DAT-instruments-JET-DSP-100-IR-datalogger-per-prove-Lugeon-Zimbabwe-1024x379.jpg\" height=\"400\" width=\"1080\" title=\"DAT instruments, JET DSP 100 - IR, datalogger per prove Lugeon, Zimbabwe\" alt=\"\" class=\"slider-347 slide-353\" \/><img decoding=\"async\" src=\"https:\/\/www.datinstruments.com\/es\/files\/2020\/06\/DAT-instruments-JET-FLOWL-sensore-di-flusso-elettromagnetico-Zimbabwe-1024x379.jpg\" height=\"400\" width=\"1080\" title=\"DAT instruments, JET FLOWL, sensore di flusso elettromagnetico, Zimbabwe\" alt=\"\" class=\"slider-347 slide-354\" \/><img loading=\"lazy\" decoding=\"async\" src=\"https:\/\/www.datinstruments.com\/es\/files\/2020\/06\/DAT-instruments-JET-FLOWL-sensore-di-portata-elettromagnetico-Marocco-1024x379.jpg\" height=\"400\" width=\"1080\" title=\"DAT instruments, JET FLOWL, sensore di portata elettromagnetico, Marocco\" alt=\"\" class=\"slider-347 slide-355\" \/><\/div><\/div>\n        \n    <\/div>\n<\/div><\/div>\n\n\n\n<h4 class=\"wp-block-heading\">JET DSP 100 \/ IR (1 bomba)<\/h4>\n\n\n\n<div class=\"wp-block-image\"><figure class=\"aligncenter size-full is-resized\"><img loading=\"lazy\" decoding=\"async\" src=\"http:\/\/www.datinstruments.com\/es\/files\/2019\/08\/DAT-instruments-JET-DSP-100-IR-datalogger-para-Inyecciones-de-cemento-Pruebas-Lugeon.jpg\" alt=\"DAT instruments, JET DSP 100 - I - IR - IRT, datalogger para Inyecciones de cemento, Pruebas Lugeon\" class=\"wp-image-41\" width=\"425\" height=\"317\"\/><\/figure><\/div>\n\n\n\n<ul class=\"wp-block-list\"><li><strong>Medici\u00f3n<\/strong> de los par\u00e1metros de <strong>presi\u00f3n<\/strong>, <strong>flujo<\/strong> y <strong>volumen.<\/strong><\/li><li><strong>Visualizaci\u00f3n<\/strong>,<em> <\/em>directamente en la pantalla del datalogger, de los valores de presi\u00f3n, flujo y volumen instant\u00e1neos.<\/li><li><strong>Transferencia <\/strong>en el <strong>PC <\/strong>de los datos registratos, para la creaci\u00f3n y la impresi\u00f3n de hojas de resumen, para la recuperaci\u00f3n f\u00e1cil y r\u00e1pida de toda la informaci\u00f3n de las inyecciones realizadas y para la exportaci\u00f3n a Microsoft Excel.<\/li><\/ul>\n\n\n\n<h4 class=\"wp-block-heading\">JET FLOW (1 bomba)<\/h4>\n\n\n\n<div class=\"wp-block-image\"><figure class=\"aligncenter size-large is-resized\"><img loading=\"lazy\" decoding=\"async\" src=\"http:\/\/www.datinstruments.com\/es\/files\/2020\/06\/JET-FLOWM-W24-USB-1-1080x550.jpg\" alt=\"JET FLOW\" class=\"wp-image-299\" width=\"1080\" height=\"550\" srcset=\"https:\/\/www.datinstruments.com\/es\/files\/2020\/06\/JET-FLOWM-W24-USB-1-1080x550.jpg 1080w, https:\/\/www.datinstruments.com\/es\/files\/2020\/06\/JET-FLOWM-W24-USB-1-200x102.jpg 200w, https:\/\/www.datinstruments.com\/es\/files\/2020\/06\/JET-FLOWM-W24-USB-1-770x392.jpg 770w, https:\/\/www.datinstruments.com\/es\/files\/2020\/06\/JET-FLOWM-W24-USB-1-768x391.jpg 768w, https:\/\/www.datinstruments.com\/es\/files\/2020\/06\/JET-FLOWM-W24-USB-1-1536x782.jpg 1536w, https:\/\/www.datinstruments.com\/es\/files\/2020\/06\/JET-FLOWM-W24-USB-1-2048x1043.jpg 2048w, https:\/\/www.datinstruments.com\/es\/files\/2020\/06\/JET-FLOWM-W24-USB-1-440x224.jpg 440w\" sizes=\"(max-width: 1080px) 100vw, 1080px\" \/><\/figure><\/div>\n\n\n\n<ul class=\"wp-block-list\"><li><strong>Medici\u00f3n<\/strong> de los par\u00e1metros de <strong>presi\u00f3n<\/strong>, <strong>flujo<\/strong> y <strong>volumen.<\/strong><\/li><li><strong>Visualizaci\u00f3n<\/strong>,<em> <\/em>directamente en la pantalla del datalogger, de los valores de presi\u00f3n, flujo y volumen instant\u00e1neos.<\/li><li><strong>Visualizaci\u00f3n<\/strong> <strong>en tiempo real <\/strong>de los <strong>gr\u00e1ficos<\/strong> en funci\u00f3n del tiempo y de los informes resumidos.<\/li><\/ul>\n\n\n\n<h4 class=\"wp-block-heading\">JET 4000 AME \/ I (1 &#8211; 4 bombeos)<\/h4>\n\n\n\n<div class=\"wp-block-image\"><figure class=\"aligncenter size-full is-resized\"><img loading=\"lazy\" decoding=\"async\" src=\"http:\/\/www.datinstruments.com\/es\/files\/2019\/08\/DAT-instruments-JET-4000-AME-I-datalogger-para-Inyecciones-de-cemento-TAM-Grouting-Pruebas-Lugeon-1.jpg\" alt=\"DAT instruments, JET 4000 AME - I, datalogger para Inyecciones de cemento, TAM Grouting, Pruebas Lugeon\" class=\"wp-image-37\" width=\"590\" height=\"440\"\/><\/figure><\/div>\n\n\n\n<ul class=\"wp-block-list\"><li><strong>Medici\u00f3n<\/strong> de los par\u00e1metros de <strong>presi\u00f3n<\/strong>, <strong>flujo<\/strong> y <strong>volumen.<\/strong><\/li><li><strong>Visualizaci\u00f3n<\/strong>,<em> <\/em>directamente en la pantalla del datalogger, de los valores de presi\u00f3n, flujo y volumen instant\u00e1neos.<\/li><li><strong>Visualizaci\u00f3n<\/strong> <strong>en tiempo real <\/strong>de los <strong>gr\u00e1ficos<\/strong> en funci\u00f3n del tiempo y de los informes resumidos.<\/li><li><strong>Bloqueo autom\u00e1tico<\/strong> de la bomba al alcance&nbsp; de la presi\u00f3n negativa establecida, del volumen a inyectar, a trav\u00e9s del m\u00e9todo GIN o al alcance del tiempo m\u00e1ximo establecido.<\/li><li><strong>Reinicio autom\u00e1tico<\/strong> de bombeo si, despu\u00e9s del bloque, la presi\u00f3n cae por debajo del valor ajustado.<\/li><li><strong>Comienzo <\/strong>de los inyectores directamente a trav\u00e9s del teclado del datalogger.<\/li><li>Env\u00edo a trav\u00e9s del PC de un <strong>proyecto<\/strong> con diferentes <strong>tipolog\u00edas de pruebas <\/strong>para evitar ajustes en la obra.<\/li><li><strong>Transferencia <\/strong>en el <strong>PC <\/strong>de los datos registratos,<strong> <\/strong>para la creaci\u00f3n y la impresi\u00f3n de hojas de resumen, para la recuperaci\u00f3n f\u00e1cil y r\u00e1pida de toda la informaci\u00f3n de las inyecciones realizadas y para la exportaci\u00f3n a Microsoft Excel.<\/li><li>Posibilidad de instalar la impresora t\u00e9rmica opcional JET PRINT60 para <strong>imprimir en tiempo real<\/strong>.<\/li><li>Posibilidad de <strong>conexi\u00f3n al PC en tiempo real.<\/strong><\/li><\/ul>\n\n\n\n<div class=\"wp-block-image\"><figure class=\"aligncenter size-large is-resized\"><img loading=\"lazy\" decoding=\"async\" src=\"http:\/\/www.datinstruments.com\/es\/files\/2020\/06\/Foglio-Lugeon-eng-754x1080.jpg\" alt=\"Gr\u00e1fico Lugeon\" class=\"wp-image-365\" width=\"754\" height=\"1080\" srcset=\"https:\/\/www.datinstruments.com\/es\/files\/2020\/06\/Foglio-Lugeon-eng-754x1080.jpg 754w, https:\/\/www.datinstruments.com\/es\/files\/2020\/06\/Foglio-Lugeon-eng-140x200.jpg 140w, https:\/\/www.datinstruments.com\/es\/files\/2020\/06\/Foglio-Lugeon-eng-538x770.jpg 538w, https:\/\/www.datinstruments.com\/es\/files\/2020\/06\/Foglio-Lugeon-eng-768x1100.jpg 768w, https:\/\/www.datinstruments.com\/es\/files\/2020\/06\/Foglio-Lugeon-eng-307x440.jpg 307w, https:\/\/www.datinstruments.com\/es\/files\/2020\/06\/Foglio-Lugeon-eng.jpg 800w\" sizes=\"(max-width: 754px) 100vw, 754px\" \/><\/figure><\/div>\n\n\n\n<div class=\"wp-block-image\"><figure class=\"aligncenter size-large is-resized\"><img loading=\"lazy\" decoding=\"async\" src=\"http:\/\/www.datinstruments.com\/es\/files\/2020\/06\/Lugeon-1080x571.jpg\" alt=\"EasyDAT pruebas Lugeon\" class=\"wp-image-366\" width=\"1080\" height=\"571\" srcset=\"https:\/\/www.datinstruments.com\/es\/files\/2020\/06\/Lugeon-1080x571.jpg 1080w, https:\/\/www.datinstruments.com\/es\/files\/2020\/06\/Lugeon-200x106.jpg 200w, https:\/\/www.datinstruments.com\/es\/files\/2020\/06\/Lugeon-770x407.jpg 770w, https:\/\/www.datinstruments.com\/es\/files\/2020\/06\/Lugeon-768x406.jpg 768w, https:\/\/www.datinstruments.com\/es\/files\/2020\/06\/Lugeon-440x233.jpg 440w, https:\/\/www.datinstruments.com\/es\/files\/2020\/06\/Lugeon.jpg 1366w\" sizes=\"(max-width: 1080px) 100vw, 1080px\" \/><\/figure><\/div>\n\n\n\n<p>(Las automatizaciones, los accesorios y los sensores pueden modularse en funci\u00f3n del producto seleccionado y de las exigencias especificas del cliente)<\/p>\n","protected":false},"excerpt":{"rendered":"<p>Las pruebas de tipo Lugeon y Lefranc sirven para determinar el coeficiente de permeabilidad de los terrenos. En particular, la prueba Lugeon se dirige\u00a0principalmente a evaluar la permeabilidad o la fracturaci\u00f3n de formaciones rocosas. JET DSP 100 \/ IR (1 bomba) Medici\u00f3n de los par\u00e1metros de presi\u00f3n, flujo y volumen. Visualizaci\u00f3n, directamente en la pantalla [&hellip;]<\/p>\n","protected":false},"author":1,"featured_media":0,"parent":0,"menu_order":0,"comment_status":"closed","ping_status":"closed","template":"","meta":{"footnotes":""},"class_list":["post-386","page","type-page","status-publish","hentry"],"yoast_head":"<!-- This site is optimized with the Yoast SEO plugin v24.8.1 - https:\/\/yoast.com\/wordpress\/plugins\/seo\/ -->\n<title>PRUEBAS LUGEON - DAT instruments<\/title>\n<meta name=\"robots\" content=\"index, follow, max-snippet:-1, max-image-preview:large, max-video-preview:-1\" \/>\n<link rel=\"canonical\" href=\"https:\/\/www.datinstruments.com\/es\/pruebas-lugeon\/\" \/>\n<meta property=\"og:locale\" content=\"es_ES\" \/>\n<meta property=\"og:type\" content=\"article\" \/>\n<meta property=\"og:title\" content=\"PRUEBAS LUGEON - DAT instruments\" \/>\n<meta property=\"og:description\" content=\"Las pruebas de tipo Lugeon y Lefranc sirven para determinar el coeficiente de permeabilidad de los terrenos. En particular, la prueba Lugeon se dirige\u00a0principalmente a evaluar la permeabilidad o la fracturaci\u00f3n de formaciones rocosas. JET DSP 100 \/ IR (1 bomba) Medici\u00f3n de los par\u00e1metros de presi\u00f3n, flujo y volumen. Visualizaci\u00f3n, directamente en la pantalla [&hellip;]\" \/>\n<meta property=\"og:url\" content=\"https:\/\/www.datinstruments.com\/es\/pruebas-lugeon\/\" \/>\n<meta property=\"og:site_name\" content=\"DAT instruments\" \/>\n<meta property=\"article:publisher\" content=\"https:\/\/www.facebook.com\/datinstruments\" \/>\n<meta property=\"article:modified_time\" content=\"2020-12-16T08:14:21+00:00\" \/>\n<meta property=\"og:image\" content=\"http:\/\/www.datinstruments.com\/es\/files\/2019\/08\/DAT-instruments-JET-DSP-100-IR-datalogger-para-Inyecciones-de-cemento-Pruebas-Lugeon.jpg\" \/>\n<meta name=\"twitter:card\" content=\"summary_large_image\" \/>\n<meta name=\"twitter:label1\" content=\"Tiempo de lectura\" \/>\n\t<meta name=\"twitter:data1\" content=\"2 minutos\" \/>\n<script type=\"application\/ld+json\" class=\"yoast-schema-graph\">{\"@context\":\"https:\/\/schema.org\",\"@graph\":[{\"@type\":\"WebPage\",\"@id\":\"https:\/\/www.datinstruments.com\/es\/pruebas-lugeon\/\",\"url\":\"https:\/\/www.datinstruments.com\/es\/pruebas-lugeon\/\",\"name\":\"PRUEBAS LUGEON - DAT instruments\",\"isPartOf\":{\"@id\":\"https:\/\/www.datinstruments.com\/es\/#website\"},\"primaryImageOfPage\":{\"@id\":\"https:\/\/www.datinstruments.com\/es\/pruebas-lugeon\/#primaryimage\"},\"image\":{\"@id\":\"https:\/\/www.datinstruments.com\/es\/pruebas-lugeon\/#primaryimage\"},\"thumbnailUrl\":\"http:\/\/www.datinstruments.com\/es\/files\/2019\/08\/DAT-instruments-JET-DSP-100-IR-datalogger-para-Inyecciones-de-cemento-Pruebas-Lugeon.jpg\",\"datePublished\":\"2020-08-05T12:22:36+00:00\",\"dateModified\":\"2020-12-16T08:14:21+00:00\",\"breadcrumb\":{\"@id\":\"https:\/\/www.datinstruments.com\/es\/pruebas-lugeon\/#breadcrumb\"},\"inLanguage\":\"es\",\"potentialAction\":[{\"@type\":\"ReadAction\",\"target\":[\"https:\/\/www.datinstruments.com\/es\/pruebas-lugeon\/\"]}]},{\"@type\":\"ImageObject\",\"inLanguage\":\"es\",\"@id\":\"https:\/\/www.datinstruments.com\/es\/pruebas-lugeon\/#primaryimage\",\"url\":\"https:\/\/www.datinstruments.com\/es\/files\/2019\/08\/DAT-instruments-JET-DSP-100-IR-datalogger-para-Inyecciones-de-cemento-Pruebas-Lugeon.jpg\",\"contentUrl\":\"https:\/\/www.datinstruments.com\/es\/files\/2019\/08\/DAT-instruments-JET-DSP-100-IR-datalogger-para-Inyecciones-de-cemento-Pruebas-Lugeon.jpg\",\"width\":1600,\"height\":819,\"caption\":\"DAT instruments, JET DSP 100 \/ IR, datalogger para Inyecciones de cemento, Pruebas Lugeon\"},{\"@type\":\"BreadcrumbList\",\"@id\":\"https:\/\/www.datinstruments.com\/es\/pruebas-lugeon\/#breadcrumb\",\"itemListElement\":[{\"@type\":\"ListItem\",\"position\":1,\"name\":\"Home\",\"item\":\"https:\/\/www.datinstruments.com\/es\/\"},{\"@type\":\"ListItem\",\"position\":2,\"name\":\"PRUEBAS LUGEON\"}]},{\"@type\":\"WebSite\",\"@id\":\"https:\/\/www.datinstruments.com\/es\/#website\",\"url\":\"https:\/\/www.datinstruments.com\/es\/\",\"name\":\"DAT instruments\",\"description\":\"Datalogger para: Jet grouting \u2013 Inyecciones de cemento \u2013 GIN \u2013 TAM Grouting \u2013 Compensation grouting \u2013 Perforaci\u00f3nes \u2013 MWD \u2013 LWD \u2013 Pilote con barrena continua CFA \u2013 Deep mixing \u2013 Soil mixing \u2013 Mezcla profunda de suelos DSM \u2013 Vibroflotaci\u00f3n \u2013 Sand Compaction Piles \u2013 Excavaci\u00f3n de diafragmas \u2013 Hidrofresas \u2013 Pruebas Lugeon \u2013 Indagenes Geognosticas\",\"publisher\":{\"@id\":\"https:\/\/www.datinstruments.com\/es\/#organization\"},\"potentialAction\":[{\"@type\":\"SearchAction\",\"target\":{\"@type\":\"EntryPoint\",\"urlTemplate\":\"https:\/\/www.datinstruments.com\/es\/?s={search_term_string}\"},\"query-input\":{\"@type\":\"PropertyValueSpecification\",\"valueRequired\":true,\"valueName\":\"search_term_string\"}}],\"inLanguage\":\"es\"},{\"@type\":\"Organization\",\"@id\":\"https:\/\/www.datinstruments.com\/es\/#organization\",\"name\":\"DAT instruments\",\"url\":\"https:\/\/www.datinstruments.com\/es\/\",\"logo\":{\"@type\":\"ImageObject\",\"inLanguage\":\"es\",\"@id\":\"https:\/\/www.datinstruments.com\/es\/#\/schema\/logo\/image\/\",\"url\":\"https:\/\/www.datinstruments.com\/es\/files\/2019\/08\/cropped-cropped-Favicon21.jpg\",\"contentUrl\":\"https:\/\/www.datinstruments.com\/es\/files\/2019\/08\/cropped-cropped-Favicon21.jpg\",\"width\":512,\"height\":512,\"caption\":\"DAT instruments\"},\"image\":{\"@id\":\"https:\/\/www.datinstruments.com\/es\/#\/schema\/logo\/image\/\"},\"sameAs\":[\"https:\/\/www.facebook.com\/datinstruments\"]}]}<\/script>\n<!-- \/ Yoast SEO plugin. -->","yoast_head_json":{"title":"PRUEBAS LUGEON - DAT instruments","robots":{"index":"index","follow":"follow","max-snippet":"max-snippet:-1","max-image-preview":"max-image-preview:large","max-video-preview":"max-video-preview:-1"},"canonical":"https:\/\/www.datinstruments.com\/es\/pruebas-lugeon\/","og_locale":"es_ES","og_type":"article","og_title":"PRUEBAS LUGEON - DAT instruments","og_description":"Las pruebas de tipo Lugeon y Lefranc sirven para determinar el coeficiente de permeabilidad de los terrenos. En particular, la prueba Lugeon se dirige\u00a0principalmente a evaluar la permeabilidad o la fracturaci\u00f3n de formaciones rocosas. JET DSP 100 \/ IR (1 bomba) Medici\u00f3n de los par\u00e1metros de presi\u00f3n, flujo y volumen. Visualizaci\u00f3n, directamente en la pantalla [&hellip;]","og_url":"https:\/\/www.datinstruments.com\/es\/pruebas-lugeon\/","og_site_name":"DAT instruments","article_publisher":"https:\/\/www.facebook.com\/datinstruments","article_modified_time":"2020-12-16T08:14:21+00:00","og_image":[{"url":"http:\/\/www.datinstruments.com\/es\/files\/2019\/08\/DAT-instruments-JET-DSP-100-IR-datalogger-para-Inyecciones-de-cemento-Pruebas-Lugeon.jpg","type":"","width":"","height":""}],"twitter_card":"summary_large_image","twitter_misc":{"Tiempo de lectura":"2 minutos"},"schema":{"@context":"https:\/\/schema.org","@graph":[{"@type":"WebPage","@id":"https:\/\/www.datinstruments.com\/es\/pruebas-lugeon\/","url":"https:\/\/www.datinstruments.com\/es\/pruebas-lugeon\/","name":"PRUEBAS LUGEON - DAT instruments","isPartOf":{"@id":"https:\/\/www.datinstruments.com\/es\/#website"},"primaryImageOfPage":{"@id":"https:\/\/www.datinstruments.com\/es\/pruebas-lugeon\/#primaryimage"},"image":{"@id":"https:\/\/www.datinstruments.com\/es\/pruebas-lugeon\/#primaryimage"},"thumbnailUrl":"http:\/\/www.datinstruments.com\/es\/files\/2019\/08\/DAT-instruments-JET-DSP-100-IR-datalogger-para-Inyecciones-de-cemento-Pruebas-Lugeon.jpg","datePublished":"2020-08-05T12:22:36+00:00","dateModified":"2020-12-16T08:14:21+00:00","breadcrumb":{"@id":"https:\/\/www.datinstruments.com\/es\/pruebas-lugeon\/#breadcrumb"},"inLanguage":"es","potentialAction":[{"@type":"ReadAction","target":["https:\/\/www.datinstruments.com\/es\/pruebas-lugeon\/"]}]},{"@type":"ImageObject","inLanguage":"es","@id":"https:\/\/www.datinstruments.com\/es\/pruebas-lugeon\/#primaryimage","url":"https:\/\/www.datinstruments.com\/es\/files\/2019\/08\/DAT-instruments-JET-DSP-100-IR-datalogger-para-Inyecciones-de-cemento-Pruebas-Lugeon.jpg","contentUrl":"https:\/\/www.datinstruments.com\/es\/files\/2019\/08\/DAT-instruments-JET-DSP-100-IR-datalogger-para-Inyecciones-de-cemento-Pruebas-Lugeon.jpg","width":1600,"height":819,"caption":"DAT instruments, JET DSP 100 \/ IR, datalogger para Inyecciones de cemento, Pruebas Lugeon"},{"@type":"BreadcrumbList","@id":"https:\/\/www.datinstruments.com\/es\/pruebas-lugeon\/#breadcrumb","itemListElement":[{"@type":"ListItem","position":1,"name":"Home","item":"https:\/\/www.datinstruments.com\/es\/"},{"@type":"ListItem","position":2,"name":"PRUEBAS LUGEON"}]},{"@type":"WebSite","@id":"https:\/\/www.datinstruments.com\/es\/#website","url":"https:\/\/www.datinstruments.com\/es\/","name":"DAT instruments","description":"Datalogger para: Jet grouting \u2013 Inyecciones de cemento \u2013 GIN \u2013 TAM Grouting \u2013 Compensation grouting \u2013 Perforaci\u00f3nes \u2013 MWD \u2013 LWD \u2013 Pilote con barrena continua CFA \u2013 Deep mixing \u2013 Soil mixing \u2013 Mezcla profunda de suelos DSM \u2013 Vibroflotaci\u00f3n \u2013 Sand Compaction Piles \u2013 Excavaci\u00f3n de diafragmas \u2013 Hidrofresas \u2013 Pruebas Lugeon \u2013 Indagenes Geognosticas","publisher":{"@id":"https:\/\/www.datinstruments.com\/es\/#organization"},"potentialAction":[{"@type":"SearchAction","target":{"@type":"EntryPoint","urlTemplate":"https:\/\/www.datinstruments.com\/es\/?s={search_term_string}"},"query-input":{"@type":"PropertyValueSpecification","valueRequired":true,"valueName":"search_term_string"}}],"inLanguage":"es"},{"@type":"Organization","@id":"https:\/\/www.datinstruments.com\/es\/#organization","name":"DAT instruments","url":"https:\/\/www.datinstruments.com\/es\/","logo":{"@type":"ImageObject","inLanguage":"es","@id":"https:\/\/www.datinstruments.com\/es\/#\/schema\/logo\/image\/","url":"https:\/\/www.datinstruments.com\/es\/files\/2019\/08\/cropped-cropped-Favicon21.jpg","contentUrl":"https:\/\/www.datinstruments.com\/es\/files\/2019\/08\/cropped-cropped-Favicon21.jpg","width":512,"height":512,"caption":"DAT instruments"},"image":{"@id":"https:\/\/www.datinstruments.com\/es\/#\/schema\/logo\/image\/"},"sameAs":["https:\/\/www.facebook.com\/datinstruments"]}]}},"_links":{"self":[{"href":"https:\/\/www.datinstruments.com\/es\/wp-json\/wp\/v2\/pages\/386","targetHints":{"allow":["GET"]}}],"collection":[{"href":"https:\/\/www.datinstruments.com\/es\/wp-json\/wp\/v2\/pages"}],"about":[{"href":"https:\/\/www.datinstruments.com\/es\/wp-json\/wp\/v2\/types\/page"}],"author":[{"embeddable":true,"href":"https:\/\/www.datinstruments.com\/es\/wp-json\/wp\/v2\/users\/1"}],"replies":[{"embeddable":true,"href":"https:\/\/www.datinstruments.com\/es\/wp-json\/wp\/v2\/comments?post=386"}],"version-history":[{"count":0,"href":"https:\/\/www.datinstruments.com\/es\/wp-json\/wp\/v2\/pages\/386\/revisions"}],"wp:attachment":[{"href":"https:\/\/www.datinstruments.com\/es\/wp-json\/wp\/v2\/media?parent=386"}],"curies":[{"name":"wp","href":"https:\/\/api.w.org\/{rel}","templated":true}]}}