{"id":383,"date":"2020-08-05T14:18:09","date_gmt":"2020-08-05T12:18:09","guid":{"rendered":"http:\/\/www.datinstruments.com\/es\/?page_id=383"},"modified":"2020-08-07T11:20:42","modified_gmt":"2020-08-07T09:20:42","slug":"pilote-cfa","status":"publish","type":"page","link":"https:\/\/www.datinstruments.com\/es\/pilote-cfa\/","title":{"rendered":"PILOTE CFA"},"content":{"rendered":"\n<p>La t\u00e9cnica del CFA (continuous flight auger) consinste en perforar el suelo con una barra con h\u00e9lice contin\u00faa. Una vez alcanzada la profundidad deseada, se procede a la inyecci\u00f3n de hormig\u00f3n a trav\u00e9s de la misma barra. Despu\u00e9s de la inyecci\u00f3n, cuando la barra se saca, se introduce la armadura en metal.<\/p>\n\n\n\n<div class=\"wp-block-image\"><figure class=\"aligncenter size-full is-resized\"><img fetchpriority=\"high\" decoding=\"async\" src=\"http:\/\/www.datinstruments.com\/es\/files\/2019\/08\/DAT-instruments-JET-4000-AME-J-datalogger-para-Jet-grouting-MWD-LWD-CFA-DSM-Vibroflotacion.jpg\" alt=\"DAT instruments, JET 4000 AME - J, datalogger para Jet grouting, Perforaci\u00f3nes, DAC test, CFA, Deep mixing, Soil mixing, Vibroflotaci\u00f3n\" class=\"wp-image-38\" width=\"590\" height=\"440\"\/><\/figure><\/div>\n\n\n\n<p>Los par\u00e1metros del proyectos se pueden establecer con el ordenador por medio del software Easy DAT y, luego, pueden ser transferidos en la memoria del datalogger JET 4000 AME \/ J. Siguiendo las especificaciones del proyecto, el datalogger ejecuta autom\u00e1ticamente los pilotes.<\/p>\n\n\n\n<div class=\"alignnormal\"><div id=\"metaslider-id-269\" style=\"width: 100%; margin: 0 auto;\" class=\"ml-slider-3-97-0 metaslider metaslider-nivo metaslider-269 ml-slider ms-theme-default\" role=\"region\" aria-roledescription=\"Slideshow\" aria-label=\"CFA\" data-width=\"1080\">\n    <div id=\"metaslider_container_269\">\n        <div class='slider-wrapper theme-default'><div class='ribbon'><\/div><div id='metaslider_269' class='nivoSlider'><img decoding=\"async\" src=\"https:\/\/www.datinstruments.com\/es\/files\/2020\/06\/DAT-instruments-JET-4000-AME-J-datalogger-per-pali-ad-elica-continua-Italia-1024x379.jpg\" height=\"400\" width=\"1080\" title=\"DAT instruments, JET 4000 AME - J, datalogger per pali ad elica continua, Italia\" alt=\"CFA\" class=\"slider-269 slide-276\" \/><img decoding=\"async\" src=\"https:\/\/www.datinstruments.com\/es\/files\/2020\/06\/DAT-instruments-JET-4000-AME-J-datalogger-per-pali-ad-elica-continua-pressione-del-calcestruzzo-Italia-1024x379.jpg\" height=\"400\" width=\"1080\" title=\"DAT instruments, JET 4000 AME - J, datalogger per pali ad elica continua, pressione del calcestruzzo, Italia\" alt=\"\" class=\"slider-269 slide-277\" \/><img loading=\"lazy\" decoding=\"async\" src=\"https:\/\/www.datinstruments.com\/es\/files\/2020\/06\/DAT-instruments-JET-4000-AME-J-datalogger-per-pali-ad-elica-continua-risalita-proporzionale-Italia-1024x379.jpg\" height=\"400\" width=\"1080\" title=\"DAT instruments, JET 4000 AME - J, datalogger per pali ad elica continua, risalita proporzionale, Italia\" alt=\"\" class=\"slider-269 slide-278\" \/><img loading=\"lazy\" decoding=\"async\" src=\"https:\/\/www.datinstruments.com\/es\/files\/2020\/06\/DAT-instruments-JET-4000-AME-J-datalogger-per-pali-ad-elica-continua-sensore-di-profondit\u00e0-Turchia-1000x370.jpg\" height=\"400\" width=\"1080\" title=\"DAT instruments, JET 4000 AME - J, datalogger per pali ad elica continua, sensore di profondit\u00e0, Turchia\" alt=\"\" class=\"slider-269 slide-279\" \/><img loading=\"lazy\" decoding=\"async\" src=\"https:\/\/www.datinstruments.com\/es\/files\/2020\/06\/DAT-instruments-JET-4000-AME-J-datalogger-per-pali-ad-elica-continua-sensore-velocit\u00e0-di-rotazione-Turchia-1000x370.jpg\" height=\"400\" width=\"1080\" title=\"DAT instruments, JET 4000 AME - J, datalogger per pali ad elica continua, sensore velocit\u00e0 di rotazione, Turchia\" alt=\"\" class=\"slider-269 slide-280\" \/><img loading=\"lazy\" decoding=\"async\" src=\"https:\/\/www.datinstruments.com\/es\/files\/2020\/06\/DAT-instruments-JET-4000-AME-J-datalogger-per-pali-ad-elica-continua-Turchia-1000x370.jpg\" height=\"400\" width=\"1080\" title=\"DAT instruments, JET 4000 AME - J, datalogger per pali ad elica continua, Turchia\" alt=\"\" class=\"slider-269 slide-281\" \/><\/div><\/div>\n        \n    <\/div>\n<\/div><\/div>\n\n\n\n<p><strong>Visualizaci<\/strong><strong>\u00f3<\/strong><strong>n<\/strong>, directamente a trav\u00e9s de la pantalla del datalogger, de los gr\u00e1ficos de los valores actuales y medios,<em> <\/em>en funci\u00f3n de la profundidad y de los informes de resumen.<\/p>\n\n\n\n<p><strong>Arranque autom<\/strong><strong>\u00e1<\/strong><strong>tico<\/strong> de la sonda al comienzo de la grabaci\u00f3n, <strong>bloqueo autom\u00e1tico <\/strong>al llegar a la profundidad establecida, <strong>gesti\u00f3n autom\u00e1tica <\/strong>de la elevaci\u00f3n de la barra (control on-off, proporcional opcional).&nbsp;&nbsp;&nbsp;&nbsp;&nbsp;&nbsp;&nbsp;&nbsp;&nbsp;&nbsp;&nbsp;&nbsp;&nbsp; .&nbsp;&nbsp;&nbsp;&nbsp;&nbsp;&nbsp;&nbsp;&nbsp;&nbsp;&nbsp;&nbsp;&nbsp;&nbsp;&nbsp;&nbsp;&nbsp;&nbsp;&nbsp;&nbsp;&nbsp;&nbsp;&nbsp;&nbsp;&nbsp;&nbsp;&nbsp;&nbsp;&nbsp;&nbsp;&nbsp;&nbsp;&nbsp;&nbsp;&nbsp;&nbsp;&nbsp;&nbsp;&nbsp;&nbsp;&nbsp;&nbsp;&nbsp;&nbsp;&nbsp;&nbsp;&nbsp;&nbsp;&nbsp;&nbsp;&nbsp;&nbsp;&nbsp;&nbsp;&nbsp;&nbsp;&nbsp;&nbsp;&nbsp;&nbsp;&nbsp;&nbsp;&nbsp;&nbsp;&nbsp;&nbsp;&nbsp;&nbsp;&nbsp;&nbsp;&nbsp;&nbsp;&nbsp;&nbsp;&nbsp;&nbsp;&nbsp;&nbsp;&nbsp;&nbsp;&nbsp;&nbsp;&nbsp;&nbsp;&nbsp;&nbsp;&nbsp;&nbsp;&nbsp;&nbsp;&nbsp;&nbsp;&nbsp;&nbsp;<br><strong>Reconocimiento autom\u00e1tico <\/strong>opcional del <strong>cambio de la barra<\/strong>, suspensi\u00f3n autom\u00e1tica de la inscripci\u00f3n.<br><strong>Transferencia<\/strong> de datos al <strong>PC <\/strong>para archivar, procesar, exportar e imprimir informes detallados.<\/p>\n\n\n\n<p><strong>Medici<\/strong><strong>\u00f3<\/strong><strong>n<\/strong> y <strong>grabaci<\/strong><strong>\u00f3<\/strong><strong>n<\/strong>, a trav\u00e9s de los sensores adecuados, tanto durante el descenso que durante el ascenso de la barra, de los siguientes par\u00e1metros seleccionables:<\/p>\n\n\n\n<ul class=\"wp-block-list\"><li><strong>Profundidad del foro<\/strong> (JET DEPTH)<\/li><li><strong>Velocidad traslaci\u00f3n de la barra<\/strong> (JET DEPTH)<\/li><li><strong>Par de rotaci\u00f3n de la barra<\/strong> (JET TORQ)<\/li><li><strong>Velocidad de rotaci\u00f3n de la barra<\/strong> (JET ROT)<\/li><li><strong>Inclinaci\u00f3n del mast, ejes X y Y <\/strong>(JET INCL XY)<\/li><li><strong>Presi\u00f3n del hormig\u00f3n<\/strong> (JET PRESS)<\/li><li><strong>Flujo y Volumen del hormig\u00f3n<\/strong> (JET FLOW)<\/li><li>posible <strong>tiempo de step<\/strong> de la elevaci\u00f3n de la barra<\/li><li><strong>Longitud<\/strong> del <strong>polo<\/strong> inyectado<\/li><li><strong>Fecha y horario <\/strong>comienzo y final de trabajo, <strong>duraci\u00f3n<\/strong><\/li><li>Entrada por <strong>receptor GPS<\/strong><\/li><\/ul>\n\n\n\n<div class=\"wp-block-image\"><figure class=\"aligncenter size-full is-resized\"><img loading=\"lazy\" decoding=\"async\" src=\"http:\/\/www.datinstruments.com\/es\/files\/2020\/06\/Foglio-CFA-I.jpg\" alt=\"Gr\u00e1fico CFA\" class=\"wp-image-309\" width=\"940\" height=\"1337\" srcset=\"https:\/\/www.datinstruments.com\/es\/files\/2020\/06\/Foglio-CFA-I.jpg 940w, https:\/\/www.datinstruments.com\/es\/files\/2020\/06\/Foglio-CFA-I-141x200.jpg 141w, https:\/\/www.datinstruments.com\/es\/files\/2020\/06\/Foglio-CFA-I-541x770.jpg 541w, https:\/\/www.datinstruments.com\/es\/files\/2020\/06\/Foglio-CFA-I-768x1092.jpg 768w, https:\/\/www.datinstruments.com\/es\/files\/2020\/06\/Foglio-CFA-I-759x1080.jpg 759w, https:\/\/www.datinstruments.com\/es\/files\/2020\/06\/Foglio-CFA-I-309x440.jpg 309w\" sizes=\"(max-width: 940px) 100vw, 940px\" \/><\/figure><\/div>\n\n\n\n<div class=\"wp-block-image\"><figure class=\"aligncenter size-full is-resized\"><img loading=\"lazy\" decoding=\"async\" src=\"http:\/\/www.datinstruments.com\/es\/files\/2020\/06\/CFA.jpg\" alt=\"EasyDAT CFA\" class=\"wp-image-310\" width=\"888\" height=\"722\" srcset=\"https:\/\/www.datinstruments.com\/es\/files\/2020\/06\/CFA.jpg 888w, https:\/\/www.datinstruments.com\/es\/files\/2020\/06\/CFA-200x163.jpg 200w, https:\/\/www.datinstruments.com\/es\/files\/2020\/06\/CFA-770x626.jpg 770w, https:\/\/www.datinstruments.com\/es\/files\/2020\/06\/CFA-768x624.jpg 768w, https:\/\/www.datinstruments.com\/es\/files\/2020\/06\/CFA-440x358.jpg 440w\" sizes=\"(max-width: 888px) 100vw, 888px\" \/><\/figure><\/div>\n\n\n\n<p>(Las automatizaciones, los accesorios y los sensores pueden modularse en funci\u00f3n del producto seleccionado y de las exigencias especificas del cliente)<\/p>\n","protected":false},"excerpt":{"rendered":"<p>La t\u00e9cnica del CFA (continuous flight auger) consinste en perforar el suelo con una barra con h\u00e9lice contin\u00faa. Una vez alcanzada la profundidad deseada, se procede a la inyecci\u00f3n de hormig\u00f3n a trav\u00e9s de la misma barra. Despu\u00e9s de la inyecci\u00f3n, cuando la barra se saca, se introduce la armadura en metal. Los par\u00e1metros del [&hellip;]<\/p>\n","protected":false},"author":1,"featured_media":0,"parent":0,"menu_order":0,"comment_status":"closed","ping_status":"closed","template":"","meta":{"footnotes":""},"class_list":["post-383","page","type-page","status-publish","hentry"],"yoast_head":"<!-- This site is optimized with the Yoast SEO plugin v24.8.1 - https:\/\/yoast.com\/wordpress\/plugins\/seo\/ -->\n<title>PILOTE CFA - DAT instruments<\/title>\n<meta name=\"robots\" content=\"index, follow, max-snippet:-1, max-image-preview:large, max-video-preview:-1\" \/>\n<link rel=\"canonical\" href=\"https:\/\/www.datinstruments.com\/es\/pilote-cfa\/\" \/>\n<meta property=\"og:locale\" content=\"es_ES\" \/>\n<meta property=\"og:type\" content=\"article\" \/>\n<meta property=\"og:title\" content=\"PILOTE CFA - DAT instruments\" \/>\n<meta property=\"og:description\" content=\"La t\u00e9cnica del CFA (continuous flight auger) consinste en perforar el suelo con una barra con h\u00e9lice contin\u00faa. Una vez alcanzada la profundidad deseada, se procede a la inyecci\u00f3n de hormig\u00f3n a trav\u00e9s de la misma barra. Despu\u00e9s de la inyecci\u00f3n, cuando la barra se saca, se introduce la armadura en metal. Los par\u00e1metros del [&hellip;]\" \/>\n<meta property=\"og:url\" content=\"https:\/\/www.datinstruments.com\/es\/pilote-cfa\/\" \/>\n<meta property=\"og:site_name\" content=\"DAT instruments\" \/>\n<meta property=\"article:publisher\" content=\"https:\/\/www.facebook.com\/datinstruments\" \/>\n<meta property=\"article:modified_time\" content=\"2020-08-07T09:20:42+00:00\" \/>\n<meta property=\"og:image\" content=\"http:\/\/www.datinstruments.com\/es\/files\/2019\/08\/DAT-instruments-JET-4000-AME-J-datalogger-para-Jet-grouting-MWD-LWD-CFA-DSM-Vibroflotacion.jpg\" \/>\n<meta name=\"twitter:card\" content=\"summary_large_image\" \/>\n<meta name=\"twitter:label1\" content=\"Tiempo de lectura\" \/>\n\t<meta name=\"twitter:data1\" content=\"2 minutos\" \/>\n<script type=\"application\/ld+json\" class=\"yoast-schema-graph\">{\"@context\":\"https:\/\/schema.org\",\"@graph\":[{\"@type\":\"WebPage\",\"@id\":\"https:\/\/www.datinstruments.com\/es\/pilote-cfa\/\",\"url\":\"https:\/\/www.datinstruments.com\/es\/pilote-cfa\/\",\"name\":\"PILOTE CFA - DAT instruments\",\"isPartOf\":{\"@id\":\"https:\/\/www.datinstruments.com\/es\/#website\"},\"primaryImageOfPage\":{\"@id\":\"https:\/\/www.datinstruments.com\/es\/pilote-cfa\/#primaryimage\"},\"image\":{\"@id\":\"https:\/\/www.datinstruments.com\/es\/pilote-cfa\/#primaryimage\"},\"thumbnailUrl\":\"http:\/\/www.datinstruments.com\/es\/files\/2019\/08\/DAT-instruments-JET-4000-AME-J-datalogger-para-Jet-grouting-MWD-LWD-CFA-DSM-Vibroflotacion.jpg\",\"datePublished\":\"2020-08-05T12:18:09+00:00\",\"dateModified\":\"2020-08-07T09:20:42+00:00\",\"breadcrumb\":{\"@id\":\"https:\/\/www.datinstruments.com\/es\/pilote-cfa\/#breadcrumb\"},\"inLanguage\":\"es\",\"potentialAction\":[{\"@type\":\"ReadAction\",\"target\":[\"https:\/\/www.datinstruments.com\/es\/pilote-cfa\/\"]}]},{\"@type\":\"ImageObject\",\"inLanguage\":\"es\",\"@id\":\"https:\/\/www.datinstruments.com\/es\/pilote-cfa\/#primaryimage\",\"url\":\"https:\/\/www.datinstruments.com\/es\/files\/2019\/08\/DAT-instruments-JET-4000-AME-J-datalogger-para-Jet-grouting-MWD-LWD-CFA-DSM-Vibroflotacion.jpg\",\"contentUrl\":\"https:\/\/www.datinstruments.com\/es\/files\/2019\/08\/DAT-instruments-JET-4000-AME-J-datalogger-para-Jet-grouting-MWD-LWD-CFA-DSM-Vibroflotacion.jpg\",\"width\":1600,\"height\":888,\"caption\":\"DAT instruments, JET 4000 AME \/ J, datalogger para Jet grouting, Perforaci\u00f3nes, MWD, LWD, CFA, Deep mixing, Soil mixing, Vibroflotaci\u00f3n\"},{\"@type\":\"BreadcrumbList\",\"@id\":\"https:\/\/www.datinstruments.com\/es\/pilote-cfa\/#breadcrumb\",\"itemListElement\":[{\"@type\":\"ListItem\",\"position\":1,\"name\":\"Home\",\"item\":\"https:\/\/www.datinstruments.com\/es\/\"},{\"@type\":\"ListItem\",\"position\":2,\"name\":\"PILOTE CFA\"}]},{\"@type\":\"WebSite\",\"@id\":\"https:\/\/www.datinstruments.com\/es\/#website\",\"url\":\"https:\/\/www.datinstruments.com\/es\/\",\"name\":\"DAT instruments\",\"description\":\"Datalogger para: Jet grouting \u2013 Inyecciones de cemento \u2013 GIN \u2013 TAM Grouting \u2013 Compensation grouting \u2013 Perforaci\u00f3nes \u2013 MWD \u2013 LWD \u2013 Pilote con barrena continua CFA \u2013 Deep mixing \u2013 Soil mixing \u2013 Mezcla profunda de suelos DSM \u2013 Vibroflotaci\u00f3n \u2013 Sand Compaction Piles \u2013 Excavaci\u00f3n de diafragmas \u2013 Hidrofresas \u2013 Pruebas Lugeon \u2013 Indagenes Geognosticas\",\"publisher\":{\"@id\":\"https:\/\/www.datinstruments.com\/es\/#organization\"},\"potentialAction\":[{\"@type\":\"SearchAction\",\"target\":{\"@type\":\"EntryPoint\",\"urlTemplate\":\"https:\/\/www.datinstruments.com\/es\/?s={search_term_string}\"},\"query-input\":{\"@type\":\"PropertyValueSpecification\",\"valueRequired\":true,\"valueName\":\"search_term_string\"}}],\"inLanguage\":\"es\"},{\"@type\":\"Organization\",\"@id\":\"https:\/\/www.datinstruments.com\/es\/#organization\",\"name\":\"DAT instruments\",\"url\":\"https:\/\/www.datinstruments.com\/es\/\",\"logo\":{\"@type\":\"ImageObject\",\"inLanguage\":\"es\",\"@id\":\"https:\/\/www.datinstruments.com\/es\/#\/schema\/logo\/image\/\",\"url\":\"https:\/\/www.datinstruments.com\/es\/files\/2019\/08\/cropped-cropped-Favicon21.jpg\",\"contentUrl\":\"https:\/\/www.datinstruments.com\/es\/files\/2019\/08\/cropped-cropped-Favicon21.jpg\",\"width\":512,\"height\":512,\"caption\":\"DAT instruments\"},\"image\":{\"@id\":\"https:\/\/www.datinstruments.com\/es\/#\/schema\/logo\/image\/\"},\"sameAs\":[\"https:\/\/www.facebook.com\/datinstruments\"]}]}<\/script>\n<!-- \/ Yoast SEO plugin. -->","yoast_head_json":{"title":"PILOTE CFA - DAT instruments","robots":{"index":"index","follow":"follow","max-snippet":"max-snippet:-1","max-image-preview":"max-image-preview:large","max-video-preview":"max-video-preview:-1"},"canonical":"https:\/\/www.datinstruments.com\/es\/pilote-cfa\/","og_locale":"es_ES","og_type":"article","og_title":"PILOTE CFA - DAT instruments","og_description":"La t\u00e9cnica del CFA (continuous flight auger) consinste en perforar el suelo con una barra con h\u00e9lice contin\u00faa. Una vez alcanzada la profundidad deseada, se procede a la inyecci\u00f3n de hormig\u00f3n a trav\u00e9s de la misma barra. Despu\u00e9s de la inyecci\u00f3n, cuando la barra se saca, se introduce la armadura en metal. Los par\u00e1metros del [&hellip;]","og_url":"https:\/\/www.datinstruments.com\/es\/pilote-cfa\/","og_site_name":"DAT instruments","article_publisher":"https:\/\/www.facebook.com\/datinstruments","article_modified_time":"2020-08-07T09:20:42+00:00","og_image":[{"url":"http:\/\/www.datinstruments.com\/es\/files\/2019\/08\/DAT-instruments-JET-4000-AME-J-datalogger-para-Jet-grouting-MWD-LWD-CFA-DSM-Vibroflotacion.jpg","type":"","width":"","height":""}],"twitter_card":"summary_large_image","twitter_misc":{"Tiempo de lectura":"2 minutos"},"schema":{"@context":"https:\/\/schema.org","@graph":[{"@type":"WebPage","@id":"https:\/\/www.datinstruments.com\/es\/pilote-cfa\/","url":"https:\/\/www.datinstruments.com\/es\/pilote-cfa\/","name":"PILOTE CFA - DAT instruments","isPartOf":{"@id":"https:\/\/www.datinstruments.com\/es\/#website"},"primaryImageOfPage":{"@id":"https:\/\/www.datinstruments.com\/es\/pilote-cfa\/#primaryimage"},"image":{"@id":"https:\/\/www.datinstruments.com\/es\/pilote-cfa\/#primaryimage"},"thumbnailUrl":"http:\/\/www.datinstruments.com\/es\/files\/2019\/08\/DAT-instruments-JET-4000-AME-J-datalogger-para-Jet-grouting-MWD-LWD-CFA-DSM-Vibroflotacion.jpg","datePublished":"2020-08-05T12:18:09+00:00","dateModified":"2020-08-07T09:20:42+00:00","breadcrumb":{"@id":"https:\/\/www.datinstruments.com\/es\/pilote-cfa\/#breadcrumb"},"inLanguage":"es","potentialAction":[{"@type":"ReadAction","target":["https:\/\/www.datinstruments.com\/es\/pilote-cfa\/"]}]},{"@type":"ImageObject","inLanguage":"es","@id":"https:\/\/www.datinstruments.com\/es\/pilote-cfa\/#primaryimage","url":"https:\/\/www.datinstruments.com\/es\/files\/2019\/08\/DAT-instruments-JET-4000-AME-J-datalogger-para-Jet-grouting-MWD-LWD-CFA-DSM-Vibroflotacion.jpg","contentUrl":"https:\/\/www.datinstruments.com\/es\/files\/2019\/08\/DAT-instruments-JET-4000-AME-J-datalogger-para-Jet-grouting-MWD-LWD-CFA-DSM-Vibroflotacion.jpg","width":1600,"height":888,"caption":"DAT instruments, JET 4000 AME \/ J, datalogger para Jet grouting, Perforaci\u00f3nes, MWD, LWD, CFA, Deep mixing, Soil mixing, Vibroflotaci\u00f3n"},{"@type":"BreadcrumbList","@id":"https:\/\/www.datinstruments.com\/es\/pilote-cfa\/#breadcrumb","itemListElement":[{"@type":"ListItem","position":1,"name":"Home","item":"https:\/\/www.datinstruments.com\/es\/"},{"@type":"ListItem","position":2,"name":"PILOTE CFA"}]},{"@type":"WebSite","@id":"https:\/\/www.datinstruments.com\/es\/#website","url":"https:\/\/www.datinstruments.com\/es\/","name":"DAT instruments","description":"Datalogger para: Jet grouting \u2013 Inyecciones de cemento \u2013 GIN \u2013 TAM Grouting \u2013 Compensation grouting \u2013 Perforaci\u00f3nes \u2013 MWD \u2013 LWD \u2013 Pilote con barrena continua CFA \u2013 Deep mixing \u2013 Soil mixing \u2013 Mezcla profunda de suelos DSM \u2013 Vibroflotaci\u00f3n \u2013 Sand Compaction Piles \u2013 Excavaci\u00f3n de diafragmas \u2013 Hidrofresas \u2013 Pruebas Lugeon \u2013 Indagenes Geognosticas","publisher":{"@id":"https:\/\/www.datinstruments.com\/es\/#organization"},"potentialAction":[{"@type":"SearchAction","target":{"@type":"EntryPoint","urlTemplate":"https:\/\/www.datinstruments.com\/es\/?s={search_term_string}"},"query-input":{"@type":"PropertyValueSpecification","valueRequired":true,"valueName":"search_term_string"}}],"inLanguage":"es"},{"@type":"Organization","@id":"https:\/\/www.datinstruments.com\/es\/#organization","name":"DAT instruments","url":"https:\/\/www.datinstruments.com\/es\/","logo":{"@type":"ImageObject","inLanguage":"es","@id":"https:\/\/www.datinstruments.com\/es\/#\/schema\/logo\/image\/","url":"https:\/\/www.datinstruments.com\/es\/files\/2019\/08\/cropped-cropped-Favicon21.jpg","contentUrl":"https:\/\/www.datinstruments.com\/es\/files\/2019\/08\/cropped-cropped-Favicon21.jpg","width":512,"height":512,"caption":"DAT instruments"},"image":{"@id":"https:\/\/www.datinstruments.com\/es\/#\/schema\/logo\/image\/"},"sameAs":["https:\/\/www.facebook.com\/datinstruments"]}]}},"_links":{"self":[{"href":"https:\/\/www.datinstruments.com\/es\/wp-json\/wp\/v2\/pages\/383","targetHints":{"allow":["GET"]}}],"collection":[{"href":"https:\/\/www.datinstruments.com\/es\/wp-json\/wp\/v2\/pages"}],"about":[{"href":"https:\/\/www.datinstruments.com\/es\/wp-json\/wp\/v2\/types\/page"}],"author":[{"embeddable":true,"href":"https:\/\/www.datinstruments.com\/es\/wp-json\/wp\/v2\/users\/1"}],"replies":[{"embeddable":true,"href":"https:\/\/www.datinstruments.com\/es\/wp-json\/wp\/v2\/comments?post=383"}],"version-history":[{"count":0,"href":"https:\/\/www.datinstruments.com\/es\/wp-json\/wp\/v2\/pages\/383\/revisions"}],"wp:attachment":[{"href":"https:\/\/www.datinstruments.com\/es\/wp-json\/wp\/v2\/media?parent=383"}],"curies":[{"name":"wp","href":"https:\/\/api.w.org\/{rel}","templated":true}]}}