{"id":382,"date":"2020-08-05T14:16:37","date_gmt":"2020-08-05T12:16:37","guid":{"rendered":"http:\/\/www.datinstruments.com\/es\/?page_id=382"},"modified":"2020-08-07T11:20:04","modified_gmt":"2020-08-07T09:20:04","slug":"soil-mixing-deep-soil-mixing-dsm","status":"publish","type":"page","link":"https:\/\/www.datinstruments.com\/es\/soil-mixing-deep-soil-mixing-dsm\/","title":{"rendered":"SOIL MIXING, DEEP SOIL MIXING (DSM)"},"content":{"rendered":"\n<p>La ejecuci\u00f3n del soil mixing consiste en inyectar en el suelo, a bajas presiones, la mezcla de cemento, tanto durante la fase de perforaci\u00f3n, como durante la fase de ascenso. Hay dos tipos de intervenci\u00f3n: la superficial y la profunda (deep soil mixing).<\/p>\n\n\n\n<div class=\"wp-block-image\"><figure class=\"aligncenter size-full is-resized\"><img fetchpriority=\"high\" decoding=\"async\" src=\"http:\/\/www.datinstruments.com\/es\/files\/2019\/08\/DAT-instruments-JET-4000-AME-J-datalogger-para-Jet-grouting-MWD-LWD-CFA-DSM-Vibroflotacion.jpg\" alt=\"DAT instruments, JET 4000 AME - J, datalogger para Jet grouting, Perforaci\u00f3nes, DAC test, CFA, Deep mixing, Soil mixing, Vibroflotaci\u00f3n\" class=\"wp-image-38\" width=\"590\" height=\"440\"\/><\/figure><\/div>\n\n\n\n<div class=\"alignnormal\"><div id=\"metaslider-id-282\" style=\"width: 100%; margin: 0 auto;\" class=\"ml-slider-3-97-0 metaslider metaslider-nivo metaslider-282 ml-slider ms-theme-default\" role=\"region\" aria-roledescription=\"Slideshow\" aria-label=\"Deep Soil Mixing\" data-width=\"1080\">\n    <div id=\"metaslider_container_282\">\n        <div class='slider-wrapper theme-default'><div class='ribbon'><\/div><div id='metaslider_282' class='nivoSlider'><img decoding=\"async\" src=\"https:\/\/www.datinstruments.com\/es\/files\/2020\/06\/DAT-instruments-JET-4000-AME-J-datalogger-per-soil-mixing-elettromagnetico-Italia-1000x370.jpg\" height=\"400\" width=\"1080\" title=\"DAT instruments, JET 4000 AME - J, datalogger per soil mixing, elettromagnetico, Italia\" alt=\"Deep Soil Mixing\" class=\"slider-282 slide-285\" \/><img decoding=\"async\" src=\"https:\/\/www.datinstruments.com\/es\/files\/2020\/06\/DAT-instruments-JET-4000-AME-J-datalogger-per-soil-mixing-Italia-1024x379.jpg\" height=\"400\" width=\"1080\" title=\"DAT instruments, JET 4000 AME - J, datalogger per soil mixing, Italia\" alt=\"\" class=\"slider-282 slide-286\" \/><\/div><\/div>\n        \n    <\/div>\n<\/div><\/div>\n\n\n\n<p><strong>Visualizaci<\/strong><strong>\u00f3<\/strong><strong>n<\/strong>, directamente a trav\u00e9s de la pantalla del datalogger, de los gr\u00e1ficos de los valores actuales y medios,<em> <\/em>en funci\u00f3n de la profundidad y de los informes de resumen.<\/p>\n\n\n\n<p><strong>Arranque autom<\/strong><strong>\u00e1<\/strong><strong>tico<\/strong> de la sonda al comienzo de la grabaci\u00f3n, <strong>bloqueo autom\u00e1tico <\/strong>al llegar a la profundidad establecida, <strong>gesti\u00f3n autom\u00e1tica <\/strong>de la elevaci\u00f3n de la barra (control on-off por volumen\/mitro).<\/p>\n\n\n\n<p><strong>Reconocimiento autom\u00e1tico <\/strong>opcional del <strong>cambio de la barra<\/strong>, suspensi\u00f3n autom\u00e1tica de la inscripci\u00f3n.<\/p>\n\n\n\n<p><strong>Transferencia<\/strong> de datos al <strong>PC <\/strong>para archivar, procesar, exportar e imprimir informes detallados.<\/p>\n\n\n\n<p><strong>Medici\u00f3n<\/strong> y <strong>grabaci\u00f3n<\/strong>, a trav\u00e9s de los sensores adecuados, tanto durante el descenso que durante el ascenso de la barra, de los siguientes par\u00e1metros seleccionables:<\/p>\n\n\n\n<ul class=\"wp-block-list\"><li><strong>Profundidad del foro<\/strong> (JET DEPTH)<\/li><li><strong>Fuerza de empuje de la barra<\/strong> (JET FORCE)<\/li><li><strong>Velocidad traslaci\u00f3n de la barra<\/strong> (JET DEPTH)<\/li><li><strong>Par de rotaci\u00f3n de la barra<\/strong> (JET TORQ)<\/li><li><strong>Velocidad de rotaci\u00f3n de la barra<\/strong> (JET ROT)<\/li><li><strong>Inclinaci\u00f3n del mast, ejes X y Y <\/strong>(JET INCL XY)<\/li><li><strong>Presi\u00f3n de la mezcla inyectada<\/strong> (JET PRESS)<\/li><li><strong>Flujo y Volumen de la mezcla <\/strong>(JET FLOW \/ E)<\/li><li><strong>litros \/ metro <\/strong>inyectatos<\/li><li><strong>Longitud<\/strong> del tratamiento<\/li><li><strong>Fecha y horario <\/strong>comienzo y final de trabajo, <strong>duraci\u00f3n<\/strong><\/li><li>Entrada por <strong>receptor GPS<\/strong><\/li><\/ul>\n\n\n\n<div class=\"wp-block-image\"><figure class=\"aligncenter size-full\"><img loading=\"lazy\" decoding=\"async\" src=\"http:\/\/www.datinstruments.com\/es\/files\/2020\/06\/Soil-mixing-foro.jpg\" alt=\"Gr\u00e1fico Soil Mixing\" class=\"wp-image-307\" width=\"0\" height=\"0\" srcset=\"https:\/\/www.datinstruments.com\/es\/files\/2020\/06\/Soil-mixing-foro.jpg 946w, https:\/\/www.datinstruments.com\/es\/files\/2020\/06\/Soil-mixing-foro-142x200.jpg 142w, https:\/\/www.datinstruments.com\/es\/files\/2020\/06\/Soil-mixing-foro-546x770.jpg 546w, https:\/\/www.datinstruments.com\/es\/files\/2020\/06\/Soil-mixing-foro-768x1082.jpg 768w, https:\/\/www.datinstruments.com\/es\/files\/2020\/06\/Soil-mixing-foro-766x1080.jpg 766w, https:\/\/www.datinstruments.com\/es\/files\/2020\/06\/Soil-mixing-foro-312x440.jpg 312w\" sizes=\"(max-width: 946px) 100vw, 946px\" \/><\/figure><\/div>\n\n\n\n<figure class=\"wp-block-image size-full is-resized\"><img loading=\"lazy\" decoding=\"async\" src=\"http:\/\/www.datinstruments.com\/es\/files\/2020\/06\/DSM.jpg\" alt=\"EasyDAT Deep Soil Mixing\" class=\"wp-image-306\" width=\"888\" height=\"722\" srcset=\"https:\/\/www.datinstruments.com\/es\/files\/2020\/06\/DSM.jpg 888w, https:\/\/www.datinstruments.com\/es\/files\/2020\/06\/DSM-200x163.jpg 200w, https:\/\/www.datinstruments.com\/es\/files\/2020\/06\/DSM-770x626.jpg 770w, https:\/\/www.datinstruments.com\/es\/files\/2020\/06\/DSM-768x624.jpg 768w, https:\/\/www.datinstruments.com\/es\/files\/2020\/06\/DSM-440x358.jpg 440w\" sizes=\"(max-width: 888px) 100vw, 888px\" \/><\/figure>\n\n\n\n<p>(Las automatizaciones, los accesorios y los sensores pueden modularse en funci\u00f3n del producto seleccionado y de las exigencias especificas del cliente)<\/p>\n","protected":false},"excerpt":{"rendered":"<p>La ejecuci\u00f3n del soil mixing consiste en inyectar en el suelo, a bajas presiones, la mezcla de cemento, tanto durante la fase de perforaci\u00f3n, como durante la fase de ascenso. Hay dos tipos de intervenci\u00f3n: la superficial y la profunda (deep soil mixing). Visualizaci\u00f3n, directamente a trav\u00e9s de la pantalla del datalogger, de los gr\u00e1ficos [&hellip;]<\/p>\n","protected":false},"author":1,"featured_media":0,"parent":0,"menu_order":0,"comment_status":"closed","ping_status":"closed","template":"","meta":{"footnotes":""},"class_list":["post-382","page","type-page","status-publish","hentry"],"yoast_head":"<!-- This site is optimized with the Yoast SEO plugin v24.8.1 - https:\/\/yoast.com\/wordpress\/plugins\/seo\/ -->\n<title>SOIL MIXING, DEEP SOIL MIXING (DSM) - DAT instruments<\/title>\n<meta name=\"robots\" content=\"index, follow, max-snippet:-1, max-image-preview:large, max-video-preview:-1\" \/>\n<link rel=\"canonical\" href=\"http:\/\/www.datinstruments.com\/es\/soil-mixing-deep-soil-mixing-dsm\/\" \/>\n<meta property=\"og:locale\" content=\"es_ES\" \/>\n<meta property=\"og:type\" content=\"article\" \/>\n<meta property=\"og:title\" content=\"SOIL MIXING, DEEP SOIL MIXING (DSM) - DAT instruments\" \/>\n<meta property=\"og:description\" content=\"La ejecuci\u00f3n del soil mixing consiste en inyectar en el suelo, a bajas presiones, la mezcla de cemento, tanto durante la fase de perforaci\u00f3n, como durante la fase de ascenso. Hay dos tipos de intervenci\u00f3n: la superficial y la profunda (deep soil mixing). Visualizaci\u00f3n, directamente a trav\u00e9s de la pantalla del datalogger, de los gr\u00e1ficos [&hellip;]\" \/>\n<meta property=\"og:url\" content=\"http:\/\/www.datinstruments.com\/es\/soil-mixing-deep-soil-mixing-dsm\/\" \/>\n<meta property=\"og:site_name\" content=\"DAT instruments\" \/>\n<meta property=\"article:publisher\" content=\"https:\/\/www.facebook.com\/datinstruments\" \/>\n<meta property=\"article:modified_time\" content=\"2020-08-07T09:20:04+00:00\" \/>\n<meta property=\"og:image\" content=\"http:\/\/www.datinstruments.com\/es\/files\/2019\/08\/DAT-instruments-JET-4000-AME-J-datalogger-para-Jet-grouting-MWD-LWD-CFA-DSM-Vibroflotacion.jpg\" \/>\n<meta name=\"twitter:card\" content=\"summary_large_image\" \/>\n<meta name=\"twitter:label1\" content=\"Tiempo de lectura\" \/>\n\t<meta name=\"twitter:data1\" content=\"1 minuto\" \/>\n<script type=\"application\/ld+json\" class=\"yoast-schema-graph\">{\"@context\":\"https:\/\/schema.org\",\"@graph\":[{\"@type\":\"WebPage\",\"@id\":\"http:\/\/www.datinstruments.com\/es\/soil-mixing-deep-soil-mixing-dsm\/\",\"url\":\"http:\/\/www.datinstruments.com\/es\/soil-mixing-deep-soil-mixing-dsm\/\",\"name\":\"SOIL MIXING, DEEP SOIL MIXING (DSM) - DAT instruments\",\"isPartOf\":{\"@id\":\"https:\/\/www.datinstruments.com\/es\/#website\"},\"primaryImageOfPage\":{\"@id\":\"http:\/\/www.datinstruments.com\/es\/soil-mixing-deep-soil-mixing-dsm\/#primaryimage\"},\"image\":{\"@id\":\"http:\/\/www.datinstruments.com\/es\/soil-mixing-deep-soil-mixing-dsm\/#primaryimage\"},\"thumbnailUrl\":\"http:\/\/www.datinstruments.com\/es\/files\/2019\/08\/DAT-instruments-JET-4000-AME-J-datalogger-para-Jet-grouting-MWD-LWD-CFA-DSM-Vibroflotacion.jpg\",\"datePublished\":\"2020-08-05T12:16:37+00:00\",\"dateModified\":\"2020-08-07T09:20:04+00:00\",\"breadcrumb\":{\"@id\":\"http:\/\/www.datinstruments.com\/es\/soil-mixing-deep-soil-mixing-dsm\/#breadcrumb\"},\"inLanguage\":\"es\",\"potentialAction\":[{\"@type\":\"ReadAction\",\"target\":[\"http:\/\/www.datinstruments.com\/es\/soil-mixing-deep-soil-mixing-dsm\/\"]}]},{\"@type\":\"ImageObject\",\"inLanguage\":\"es\",\"@id\":\"http:\/\/www.datinstruments.com\/es\/soil-mixing-deep-soil-mixing-dsm\/#primaryimage\",\"url\":\"https:\/\/www.datinstruments.com\/es\/files\/2019\/08\/DAT-instruments-JET-4000-AME-J-datalogger-para-Jet-grouting-MWD-LWD-CFA-DSM-Vibroflotacion.jpg\",\"contentUrl\":\"https:\/\/www.datinstruments.com\/es\/files\/2019\/08\/DAT-instruments-JET-4000-AME-J-datalogger-para-Jet-grouting-MWD-LWD-CFA-DSM-Vibroflotacion.jpg\",\"width\":1600,\"height\":888,\"caption\":\"DAT instruments, JET 4000 AME \/ J, datalogger para Jet grouting, Perforaci\u00f3nes, MWD, LWD, CFA, Deep mixing, Soil mixing, Vibroflotaci\u00f3n\"},{\"@type\":\"BreadcrumbList\",\"@id\":\"http:\/\/www.datinstruments.com\/es\/soil-mixing-deep-soil-mixing-dsm\/#breadcrumb\",\"itemListElement\":[{\"@type\":\"ListItem\",\"position\":1,\"name\":\"Home\",\"item\":\"https:\/\/www.datinstruments.com\/es\/\"},{\"@type\":\"ListItem\",\"position\":2,\"name\":\"SOIL MIXING, DEEP SOIL MIXING (DSM)\"}]},{\"@type\":\"WebSite\",\"@id\":\"https:\/\/www.datinstruments.com\/es\/#website\",\"url\":\"https:\/\/www.datinstruments.com\/es\/\",\"name\":\"DAT instruments\",\"description\":\"Datalogger para: Jet grouting \u2013 Inyecciones de cemento \u2013 GIN \u2013 TAM Grouting \u2013 Compensation grouting \u2013 Perforaci\u00f3nes \u2013 MWD \u2013 LWD \u2013 Pilote con barrena continua CFA \u2013 Deep mixing \u2013 Soil mixing \u2013 Mezcla profunda de suelos DSM \u2013 Vibroflotaci\u00f3n \u2013 Sand Compaction Piles \u2013 Excavaci\u00f3n de diafragmas \u2013 Hidrofresas \u2013 Pruebas Lugeon \u2013 Indagenes Geognosticas\",\"publisher\":{\"@id\":\"https:\/\/www.datinstruments.com\/es\/#organization\"},\"potentialAction\":[{\"@type\":\"SearchAction\",\"target\":{\"@type\":\"EntryPoint\",\"urlTemplate\":\"https:\/\/www.datinstruments.com\/es\/?s={search_term_string}\"},\"query-input\":{\"@type\":\"PropertyValueSpecification\",\"valueRequired\":true,\"valueName\":\"search_term_string\"}}],\"inLanguage\":\"es\"},{\"@type\":\"Organization\",\"@id\":\"https:\/\/www.datinstruments.com\/es\/#organization\",\"name\":\"DAT instruments\",\"url\":\"https:\/\/www.datinstruments.com\/es\/\",\"logo\":{\"@type\":\"ImageObject\",\"inLanguage\":\"es\",\"@id\":\"https:\/\/www.datinstruments.com\/es\/#\/schema\/logo\/image\/\",\"url\":\"https:\/\/www.datinstruments.com\/es\/files\/2019\/08\/cropped-cropped-Favicon21.jpg\",\"contentUrl\":\"https:\/\/www.datinstruments.com\/es\/files\/2019\/08\/cropped-cropped-Favicon21.jpg\",\"width\":512,\"height\":512,\"caption\":\"DAT instruments\"},\"image\":{\"@id\":\"https:\/\/www.datinstruments.com\/es\/#\/schema\/logo\/image\/\"},\"sameAs\":[\"https:\/\/www.facebook.com\/datinstruments\"]}]}<\/script>\n<!-- \/ Yoast SEO plugin. -->","yoast_head_json":{"title":"SOIL MIXING, DEEP SOIL MIXING (DSM) - DAT instruments","robots":{"index":"index","follow":"follow","max-snippet":"max-snippet:-1","max-image-preview":"max-image-preview:large","max-video-preview":"max-video-preview:-1"},"canonical":"http:\/\/www.datinstruments.com\/es\/soil-mixing-deep-soil-mixing-dsm\/","og_locale":"es_ES","og_type":"article","og_title":"SOIL MIXING, DEEP SOIL MIXING (DSM) - DAT instruments","og_description":"La ejecuci\u00f3n del soil mixing consiste en inyectar en el suelo, a bajas presiones, la mezcla de cemento, tanto durante la fase de perforaci\u00f3n, como durante la fase de ascenso. Hay dos tipos de intervenci\u00f3n: la superficial y la profunda (deep soil mixing). Visualizaci\u00f3n, directamente a trav\u00e9s de la pantalla del datalogger, de los gr\u00e1ficos [&hellip;]","og_url":"http:\/\/www.datinstruments.com\/es\/soil-mixing-deep-soil-mixing-dsm\/","og_site_name":"DAT instruments","article_publisher":"https:\/\/www.facebook.com\/datinstruments","article_modified_time":"2020-08-07T09:20:04+00:00","og_image":[{"url":"http:\/\/www.datinstruments.com\/es\/files\/2019\/08\/DAT-instruments-JET-4000-AME-J-datalogger-para-Jet-grouting-MWD-LWD-CFA-DSM-Vibroflotacion.jpg","type":"","width":"","height":""}],"twitter_card":"summary_large_image","twitter_misc":{"Tiempo de lectura":"1 minuto"},"schema":{"@context":"https:\/\/schema.org","@graph":[{"@type":"WebPage","@id":"http:\/\/www.datinstruments.com\/es\/soil-mixing-deep-soil-mixing-dsm\/","url":"http:\/\/www.datinstruments.com\/es\/soil-mixing-deep-soil-mixing-dsm\/","name":"SOIL MIXING, DEEP SOIL MIXING (DSM) - DAT instruments","isPartOf":{"@id":"https:\/\/www.datinstruments.com\/es\/#website"},"primaryImageOfPage":{"@id":"http:\/\/www.datinstruments.com\/es\/soil-mixing-deep-soil-mixing-dsm\/#primaryimage"},"image":{"@id":"http:\/\/www.datinstruments.com\/es\/soil-mixing-deep-soil-mixing-dsm\/#primaryimage"},"thumbnailUrl":"http:\/\/www.datinstruments.com\/es\/files\/2019\/08\/DAT-instruments-JET-4000-AME-J-datalogger-para-Jet-grouting-MWD-LWD-CFA-DSM-Vibroflotacion.jpg","datePublished":"2020-08-05T12:16:37+00:00","dateModified":"2020-08-07T09:20:04+00:00","breadcrumb":{"@id":"http:\/\/www.datinstruments.com\/es\/soil-mixing-deep-soil-mixing-dsm\/#breadcrumb"},"inLanguage":"es","potentialAction":[{"@type":"ReadAction","target":["http:\/\/www.datinstruments.com\/es\/soil-mixing-deep-soil-mixing-dsm\/"]}]},{"@type":"ImageObject","inLanguage":"es","@id":"http:\/\/www.datinstruments.com\/es\/soil-mixing-deep-soil-mixing-dsm\/#primaryimage","url":"https:\/\/www.datinstruments.com\/es\/files\/2019\/08\/DAT-instruments-JET-4000-AME-J-datalogger-para-Jet-grouting-MWD-LWD-CFA-DSM-Vibroflotacion.jpg","contentUrl":"https:\/\/www.datinstruments.com\/es\/files\/2019\/08\/DAT-instruments-JET-4000-AME-J-datalogger-para-Jet-grouting-MWD-LWD-CFA-DSM-Vibroflotacion.jpg","width":1600,"height":888,"caption":"DAT instruments, JET 4000 AME \/ J, datalogger para Jet grouting, Perforaci\u00f3nes, MWD, LWD, CFA, Deep mixing, Soil mixing, Vibroflotaci\u00f3n"},{"@type":"BreadcrumbList","@id":"http:\/\/www.datinstruments.com\/es\/soil-mixing-deep-soil-mixing-dsm\/#breadcrumb","itemListElement":[{"@type":"ListItem","position":1,"name":"Home","item":"https:\/\/www.datinstruments.com\/es\/"},{"@type":"ListItem","position":2,"name":"SOIL MIXING, DEEP SOIL MIXING (DSM)"}]},{"@type":"WebSite","@id":"https:\/\/www.datinstruments.com\/es\/#website","url":"https:\/\/www.datinstruments.com\/es\/","name":"DAT instruments","description":"Datalogger para: Jet grouting \u2013 Inyecciones de cemento \u2013 GIN \u2013 TAM Grouting \u2013 Compensation grouting \u2013 Perforaci\u00f3nes \u2013 MWD \u2013 LWD \u2013 Pilote con barrena continua CFA \u2013 Deep mixing \u2013 Soil mixing \u2013 Mezcla profunda de suelos DSM \u2013 Vibroflotaci\u00f3n \u2013 Sand Compaction Piles \u2013 Excavaci\u00f3n de diafragmas \u2013 Hidrofresas \u2013 Pruebas Lugeon \u2013 Indagenes Geognosticas","publisher":{"@id":"https:\/\/www.datinstruments.com\/es\/#organization"},"potentialAction":[{"@type":"SearchAction","target":{"@type":"EntryPoint","urlTemplate":"https:\/\/www.datinstruments.com\/es\/?s={search_term_string}"},"query-input":{"@type":"PropertyValueSpecification","valueRequired":true,"valueName":"search_term_string"}}],"inLanguage":"es"},{"@type":"Organization","@id":"https:\/\/www.datinstruments.com\/es\/#organization","name":"DAT instruments","url":"https:\/\/www.datinstruments.com\/es\/","logo":{"@type":"ImageObject","inLanguage":"es","@id":"https:\/\/www.datinstruments.com\/es\/#\/schema\/logo\/image\/","url":"https:\/\/www.datinstruments.com\/es\/files\/2019\/08\/cropped-cropped-Favicon21.jpg","contentUrl":"https:\/\/www.datinstruments.com\/es\/files\/2019\/08\/cropped-cropped-Favicon21.jpg","width":512,"height":512,"caption":"DAT instruments"},"image":{"@id":"https:\/\/www.datinstruments.com\/es\/#\/schema\/logo\/image\/"},"sameAs":["https:\/\/www.facebook.com\/datinstruments"]}]}},"_links":{"self":[{"href":"https:\/\/www.datinstruments.com\/es\/wp-json\/wp\/v2\/pages\/382","targetHints":{"allow":["GET"]}}],"collection":[{"href":"https:\/\/www.datinstruments.com\/es\/wp-json\/wp\/v2\/pages"}],"about":[{"href":"https:\/\/www.datinstruments.com\/es\/wp-json\/wp\/v2\/types\/page"}],"author":[{"embeddable":true,"href":"https:\/\/www.datinstruments.com\/es\/wp-json\/wp\/v2\/users\/1"}],"replies":[{"embeddable":true,"href":"https:\/\/www.datinstruments.com\/es\/wp-json\/wp\/v2\/comments?post=382"}],"version-history":[{"count":0,"href":"https:\/\/www.datinstruments.com\/es\/wp-json\/wp\/v2\/pages\/382\/revisions"}],"wp:attachment":[{"href":"https:\/\/www.datinstruments.com\/es\/wp-json\/wp\/v2\/media?parent=382"}],"curies":[{"name":"wp","href":"https:\/\/api.w.org\/{rel}","templated":true}]}}