{"id":379,"date":"2020-08-05T14:13:36","date_gmt":"2020-08-05T12:13:36","guid":{"rendered":"http:\/\/www.datinstruments.com\/es\/?page_id=379"},"modified":"2023-12-19T17:43:30","modified_gmt":"2023-12-19T16:43:30","slug":"tam-grouting-gin","status":"publish","type":"page","link":"https:\/\/www.datinstruments.com\/es\/tam-grouting-gin\/","title":{"rendered":"TAM GROUTING, GIN"},"content":{"rendered":"\n<p>Para inyecciones de cemento los data loggers DAT instruments:<\/p>\n\n\n\n<ul class=\"wp-block-list\">\n<li>JET 4000 AME \/ I, hasta 4 bombas, con funciones de grabaci\u00f3n y automacion;<\/li>\n\n\n\n<li>JET DSP 100 \/ IR, para 1 bomba, con funciones de grabaci\u00f3n; <\/li>\n\n\n\n<li>JET FLOW, para 1 bomba con collegamento, wireless o USB, al calculador.<\/li>\n<\/ul>\n\n\n\n<div class=\"alignnormal\"><div id=\"metaslider-id-251\" style=\"width: 100%; margin: 0 auto;\" class=\"ml-slider-3-97-0 metaslider metaslider-nivo metaslider-251 ml-slider ms-theme-default\" role=\"region\" aria-roledescription=\"Slideshow\" aria-label=\"TAM Grouting, GIN\" data-width=\"1080\">\n    <div id=\"metaslider_container_251\">\n        <div class='slider-wrapper theme-default'><div class='ribbon'><\/div><div id='metaslider_251' class='nivoSlider'><img fetchpriority=\"high\" decoding=\"async\" src=\"https:\/\/www.datinstruments.com\/es\/files\/2020\/06\/DAT-instruments-JET-4000-AME-I-datalogger-per-Grouting-GIN-Italia-1024x379.jpg\" height=\"400\" width=\"1080\" title=\"DAT instruments, JET 4000 AME - I, datalogger per Grouting, GIN, Italia\" alt=\"TAM grouting, GIN\" class=\"slider-251 slide-256\" \/><img decoding=\"async\" src=\"https:\/\/www.datinstruments.com\/es\/files\/2020\/06\/DAT-instruments-JET-4000-AME-I-datalogger-per-Grouting-GIN-Marocco-1024x379.jpg\" height=\"400\" width=\"1080\" title=\"DAT instruments, JET 4000 AME - I, datalogger per Grouting, GIN, Marocco\" alt=\"\" class=\"slider-251 slide-257\" \/><img decoding=\"async\" src=\"https:\/\/www.datinstruments.com\/es\/files\/2020\/06\/DAT-instruments-JET-DSP-100-IR-datalogger-per-Grouting-GIN-elettromagnetico-Grecia-1024x379.jpg\" height=\"400\" width=\"1080\" title=\"DAT instruments, JET DSP 100 - IR, datalogger per Grouting, GIN, elettromagnetico, Grecia\" alt=\"\" class=\"slider-251 slide-258\" \/><img loading=\"lazy\" decoding=\"async\" src=\"https:\/\/www.datinstruments.com\/es\/files\/2020\/06\/DAT-instruments-JET-DSP-100-IR-datalogger-per-Grouting-GIN-Grecia-1024x379.jpg\" height=\"400\" width=\"1080\" title=\"DAT instruments, JET DSP 100 - IR, datalogger per Grouting, GIN, Grecia\" alt=\"\" class=\"slider-251 slide-259\" \/><\/div><\/div>\n        \n    <\/div>\n<\/div><\/div>\n\n\n\n<h4 class=\"wp-block-heading\">JET 4000 AME \/ I (1 &#8211; 4 bombas):<\/h4>\n\n\n\n<figure class=\"wp-block-image aligncenter size-full is-resized\"><img loading=\"lazy\" decoding=\"async\" width=\"1600\" height=\"888\" src=\"http:\/\/www.datinstruments.com\/es\/files\/2019\/08\/DAT-instruments-JET-4000-AME-I-datalogger-para-Inyecciones-de-cemento-TAM-Grouting-Pruebas-Lugeon-1.jpg\" alt=\"DAT instruments, JET 4000 AME - I, datalogger para Inyecciones de cemento, TAM Grouting, Pruebas Lugeon\" class=\"wp-image-37\" style=\"width:590px;height:440px\" srcset=\"https:\/\/www.datinstruments.com\/es\/files\/2019\/08\/DAT-instruments-JET-4000-AME-I-datalogger-para-Inyecciones-de-cemento-TAM-Grouting-Pruebas-Lugeon-1.jpg 1600w, https:\/\/www.datinstruments.com\/es\/files\/2019\/08\/DAT-instruments-JET-4000-AME-I-datalogger-para-Inyecciones-de-cemento-TAM-Grouting-Pruebas-Lugeon-1-770x427.jpg 770w, https:\/\/www.datinstruments.com\/es\/files\/2019\/08\/DAT-instruments-JET-4000-AME-I-datalogger-para-Inyecciones-de-cemento-TAM-Grouting-Pruebas-Lugeon-1-1080x599.jpg 1080w, https:\/\/www.datinstruments.com\/es\/files\/2019\/08\/DAT-instruments-JET-4000-AME-I-datalogger-para-Inyecciones-de-cemento-TAM-Grouting-Pruebas-Lugeon-1-200x111.jpg 200w, https:\/\/www.datinstruments.com\/es\/files\/2019\/08\/DAT-instruments-JET-4000-AME-I-datalogger-para-Inyecciones-de-cemento-TAM-Grouting-Pruebas-Lugeon-1-768x426.jpg 768w, https:\/\/www.datinstruments.com\/es\/files\/2019\/08\/DAT-instruments-JET-4000-AME-I-datalogger-para-Inyecciones-de-cemento-TAM-Grouting-Pruebas-Lugeon-1-1536x852.jpg 1536w, https:\/\/www.datinstruments.com\/es\/files\/2019\/08\/DAT-instruments-JET-4000-AME-I-datalogger-para-Inyecciones-de-cemento-TAM-Grouting-Pruebas-Lugeon-1-440x244.jpg 440w\" sizes=\"(max-width: 1600px) 100vw, 1600px\" \/><\/figure>\n\n\n\n<ul class=\"wp-block-list\">\n<li><strong>Medici\u00f3n<\/strong> y <strong>grabaci\u00f3n <\/strong>de los par\u00e1metros de <strong>presi\u00f3n<\/strong>, <strong>flujo<\/strong> y <strong>volumen<\/strong> relativos a la lechada de cemento.<\/li>\n\n\n\n<li><strong>Visualizaci\u00f3n<\/strong>,<em> <\/em>directamente en la pantalla del datalogger, de los valores de presi\u00f3n, flujo y volumen instant\u00e1neos.<\/li>\n\n\n\n<li>Visualizaci\u00f3n en tiempo real de los gr\u00e1ficos de inyecci\u00f3n y de los informes resumidos.<\/li>\n\n\n\n<li><strong>Bloqueo autom\u00e1tico <\/strong>del inyector al alcance de la presi\u00f3n negativa establecida, del volumen de la mezcla de inyectar, a trav\u00e9s del m\u00e9todo GIN o alcanzado el conjunto de tiempo m\u00e1ximo.<\/li>\n\n\n\n<li><strong>Reinicio autom\u00e1tico <\/strong>de bombeo si, despu\u00e9s del bloque, la presi\u00f3n cae por debajo del valor ajustado.<\/li>\n\n\n\n<li><strong>Comienzo <\/strong>de los inyectores directamente a trav\u00e9s del teclado del datalogger.<\/li>\n\n\n\n<li>Env\u00edo a trav\u00e9s del PC de un <strong>proyecto<\/strong> con diferentes <strong>tipolog\u00edas de pruebas <\/strong>para evitar ajustes en la obra.<\/li>\n\n\n\n<li><strong>Transferencia <\/strong>en el <strong>PC <\/strong>de los datos registrados,<strong> <\/strong>para la creaci\u00f3n y la impresi\u00f3n de hojas de resumen, para la recuperaci\u00f3n f\u00e1cil y r\u00e1pida de toda la informaci\u00f3n de las inyecciones realizadas y para la exportaci\u00f3n en Microsoft Excel.<\/li>\n\n\n\n<li>Posibilidad de instalar la impresora t\u00e9rmica opcional JET PRINT60 para <strong>imprimir en tiempo real<\/strong>.<\/li>\n<\/ul>\n\n\n\n<h4 class=\"wp-block-heading\">JET DSP 100 \/ IR (1 bomba):<\/h4>\n\n\n\n<figure class=\"wp-block-image aligncenter size-full is-resized\"><img loading=\"lazy\" decoding=\"async\" width=\"1600\" height=\"819\" src=\"http:\/\/www.datinstruments.com\/es\/files\/2019\/08\/DAT-instruments-JET-DSP-100-IR-datalogger-para-Inyecciones-de-cemento-Pruebas-Lugeon.jpg\" alt=\"DAT instruments, JET DSP 100 - I - IR - IRT, datalogger para Inyecciones de cemento, Pruebas Lugeon\" class=\"wp-image-41\" style=\"width:425px;height:317px\" srcset=\"https:\/\/www.datinstruments.com\/es\/files\/2019\/08\/DAT-instruments-JET-DSP-100-IR-datalogger-para-Inyecciones-de-cemento-Pruebas-Lugeon.jpg 1600w, https:\/\/www.datinstruments.com\/es\/files\/2019\/08\/DAT-instruments-JET-DSP-100-IR-datalogger-para-Inyecciones-de-cemento-Pruebas-Lugeon-770x394.jpg 770w, https:\/\/www.datinstruments.com\/es\/files\/2019\/08\/DAT-instruments-JET-DSP-100-IR-datalogger-para-Inyecciones-de-cemento-Pruebas-Lugeon-1080x553.jpg 1080w, https:\/\/www.datinstruments.com\/es\/files\/2019\/08\/DAT-instruments-JET-DSP-100-IR-datalogger-para-Inyecciones-de-cemento-Pruebas-Lugeon-200x102.jpg 200w, https:\/\/www.datinstruments.com\/es\/files\/2019\/08\/DAT-instruments-JET-DSP-100-IR-datalogger-para-Inyecciones-de-cemento-Pruebas-Lugeon-768x393.jpg 768w, https:\/\/www.datinstruments.com\/es\/files\/2019\/08\/DAT-instruments-JET-DSP-100-IR-datalogger-para-Inyecciones-de-cemento-Pruebas-Lugeon-1536x786.jpg 1536w, https:\/\/www.datinstruments.com\/es\/files\/2019\/08\/DAT-instruments-JET-DSP-100-IR-datalogger-para-Inyecciones-de-cemento-Pruebas-Lugeon-440x225.jpg 440w\" sizes=\"(max-width: 1600px) 100vw, 1600px\" \/><\/figure>\n\n\n\n<ul class=\"wp-block-list\">\n<li><strong>Medici\u00f3n<\/strong> y <strong>grabaci\u00f3n <\/strong>de los par\u00e1metros de <strong>presi\u00f3n<\/strong>, <strong>flujo<\/strong> y <strong>volumen<\/strong> relativos a la lechada de cemento.<\/li>\n\n\n\n<li><strong>Visualizaci\u00f3n<\/strong>,<em> <\/em>directamente en la pantalla del datalogger, de los valores de presi\u00f3n, flujo y volumen instant\u00e1neos.<\/li>\n\n\n\n<li><strong>Transferencia <\/strong>en el <strong>PC <\/strong>de los datos registrados,para la creaci\u00f3n y la impresi\u00f3n de hojas de resumen, para la recuperaci\u00f3n f\u00e1cil y r\u00e1pida de toda la informaci\u00f3n de las inyecciones realizadas y para la exportaci\u00f3n en Microsoft Excel.<\/li>\n<\/ul>\n\n\n\n<figure class=\"wp-block-image aligncenter size-full is-resized\"><img loading=\"lazy\" decoding=\"async\" width=\"600\" height=\"860\" src=\"http:\/\/www.datinstruments.com\/es\/files\/2020\/06\/Foglio-foro-nuovo-eng.jpg\" alt=\"Gr\u00e1fico inyecciones\" class=\"wp-image-300\" style=\"width:600px;height:860px\" srcset=\"https:\/\/www.datinstruments.com\/es\/files\/2020\/06\/Foglio-foro-nuovo-eng.jpg 600w, https:\/\/www.datinstruments.com\/es\/files\/2020\/06\/Foglio-foro-nuovo-eng-140x200.jpg 140w, https:\/\/www.datinstruments.com\/es\/files\/2020\/06\/Foglio-foro-nuovo-eng-537x770.jpg 537w, https:\/\/www.datinstruments.com\/es\/files\/2020\/06\/Foglio-foro-nuovo-eng-307x440.jpg 307w\" sizes=\"(max-width: 600px) 100vw, 600px\" \/><\/figure>\n\n\n\n<figure class=\"wp-block-image aligncenter size-full is-resized\"><img loading=\"lazy\" decoding=\"async\" width=\"1366\" height=\"722\" src=\"http:\/\/www.datinstruments.com\/es\/files\/2020\/06\/GIN.jpg\" alt=\"EasyDAT GIN\" class=\"wp-image-301\" style=\"width:1366px;height:722px\" srcset=\"https:\/\/www.datinstruments.com\/es\/files\/2020\/06\/GIN.jpg 1366w, https:\/\/www.datinstruments.com\/es\/files\/2020\/06\/GIN-200x106.jpg 200w, https:\/\/www.datinstruments.com\/es\/files\/2020\/06\/GIN-770x407.jpg 770w, https:\/\/www.datinstruments.com\/es\/files\/2020\/06\/GIN-768x406.jpg 768w, https:\/\/www.datinstruments.com\/es\/files\/2020\/06\/GIN-1080x571.jpg 1080w, https:\/\/www.datinstruments.com\/es\/files\/2020\/06\/GIN-440x233.jpg 440w\" sizes=\"(max-width: 1366px) 100vw, 1366px\" \/><\/figure>\n\n\n\n<h4 class=\"wp-block-heading\">JET FLOW<\/h4>\n\n\n\n<figure class=\"wp-block-image aligncenter size-full is-resized\"><img loading=\"lazy\" decoding=\"async\" width=\"2362\" height=\"1203\" src=\"http:\/\/www.datinstruments.com\/es\/files\/2020\/06\/JET-FLOWM-W24-USB-1.jpg\" alt=\"\" class=\"wp-image-299\" style=\"width:2362px;height:1203px\" srcset=\"https:\/\/www.datinstruments.com\/es\/files\/2020\/06\/JET-FLOWM-W24-USB-1.jpg 2362w, https:\/\/www.datinstruments.com\/es\/files\/2020\/06\/JET-FLOWM-W24-USB-1-200x102.jpg 200w, https:\/\/www.datinstruments.com\/es\/files\/2020\/06\/JET-FLOWM-W24-USB-1-770x392.jpg 770w, https:\/\/www.datinstruments.com\/es\/files\/2020\/06\/JET-FLOWM-W24-USB-1-768x391.jpg 768w, https:\/\/www.datinstruments.com\/es\/files\/2020\/06\/JET-FLOWM-W24-USB-1-1080x550.jpg 1080w, https:\/\/www.datinstruments.com\/es\/files\/2020\/06\/JET-FLOWM-W24-USB-1-1536x782.jpg 1536w, https:\/\/www.datinstruments.com\/es\/files\/2020\/06\/JET-FLOWM-W24-USB-1-2048x1043.jpg 2048w, https:\/\/www.datinstruments.com\/es\/files\/2020\/06\/JET-FLOWM-W24-USB-1-440x224.jpg 440w\" sizes=\"(max-width: 2362px) 100vw, 2362px\" \/><\/figure>\n\n\n\n<p>JET FLOW es un sistema de adquisici\u00f3n de datos, utilizado para grabar y visualizar en tiempo real, directamente en el ordenador Windows, todos los par\u00e1metros y los gr\u00e1ficos de:<\/p>\n\n\n\n<ul class=\"wp-block-list\">\n<li>Presi\u00f3n instant\u00e1nea (bar, con sensor JET PRESS)<\/li>\n\n\n\n<li>Flujo instant\u00e1neo (litros\/min)<\/li>\n\n\n\n<li>Volumen del fluido bombeado (litros)<\/li>\n<\/ul>\n\n\n\n<p>Los valores grabados de presi\u00f3n, flujo y volumen a lo largo del tiempo permiten m\u00faltiples elaboraciones en tiempo real, entre los cuales est\u00e1n la imprenta del los gr\u00e1ficos de inyecci\u00f3n, de los gr\u00e1ficos Lugeon, PV (presi\u00f3n-volumen), GIN (Grouting Intensity Number), capacidad de penetraci\u00f3n y otros.<\/p>\n\n\n\n<p>(Las automatizaciones, los accesorios y los sensores pueden modularse en funci\u00f3n del producto seleccionado y de las exigencias especificas del cliente)<\/p>\n","protected":false},"excerpt":{"rendered":"<p>Para inyecciones de cemento los data loggers DAT instruments: JET 4000 AME \/ I (1 &#8211; 4 bombas): JET DSP 100 \/ IR (1 bomba): JET FLOW JET FLOW es un sistema de adquisici\u00f3n de datos, utilizado para grabar y visualizar en tiempo real, directamente en el ordenador Windows, todos los par\u00e1metros y los gr\u00e1ficos [&hellip;]<\/p>\n","protected":false},"author":1,"featured_media":0,"parent":0,"menu_order":0,"comment_status":"closed","ping_status":"closed","template":"","meta":{"footnotes":""},"class_list":["post-379","page","type-page","status-publish","hentry"],"yoast_head":"<!-- This site is optimized with the Yoast SEO plugin v24.8.1 - https:\/\/yoast.com\/wordpress\/plugins\/seo\/ -->\n<title>TAM GROUTING, GIN - DAT instruments<\/title>\n<meta name=\"robots\" content=\"index, follow, max-snippet:-1, max-image-preview:large, max-video-preview:-1\" \/>\n<link rel=\"canonical\" href=\"https:\/\/www.datinstruments.com\/es\/tam-grouting-gin\/\" \/>\n<meta property=\"og:locale\" content=\"es_ES\" \/>\n<meta property=\"og:type\" content=\"article\" \/>\n<meta property=\"og:title\" content=\"TAM GROUTING, GIN - DAT instruments\" \/>\n<meta property=\"og:description\" content=\"Para inyecciones de cemento los data loggers DAT instruments: JET 4000 AME \/ I (1 &#8211; 4 bombas): JET DSP 100 \/ IR (1 bomba): JET FLOW JET FLOW es un sistema de adquisici\u00f3n de datos, utilizado para grabar y visualizar en tiempo real, directamente en el ordenador Windows, todos los par\u00e1metros y los gr\u00e1ficos [&hellip;]\" \/>\n<meta property=\"og:url\" content=\"https:\/\/www.datinstruments.com\/es\/tam-grouting-gin\/\" \/>\n<meta property=\"og:site_name\" content=\"DAT instruments\" \/>\n<meta property=\"article:publisher\" content=\"https:\/\/www.facebook.com\/datinstruments\" \/>\n<meta property=\"article:modified_time\" content=\"2023-12-19T16:43:30+00:00\" \/>\n<meta property=\"og:image\" content=\"http:\/\/www.datinstruments.com\/es\/files\/2019\/08\/DAT-instruments-JET-4000-AME-I-datalogger-para-Inyecciones-de-cemento-TAM-Grouting-Pruebas-Lugeon-1.jpg\" \/>\n<meta name=\"twitter:card\" content=\"summary_large_image\" \/>\n<meta name=\"twitter:label1\" content=\"Tiempo de lectura\" \/>\n\t<meta name=\"twitter:data1\" content=\"3 minutos\" \/>\n<script type=\"application\/ld+json\" class=\"yoast-schema-graph\">{\"@context\":\"https:\/\/schema.org\",\"@graph\":[{\"@type\":\"WebPage\",\"@id\":\"https:\/\/www.datinstruments.com\/es\/tam-grouting-gin\/\",\"url\":\"https:\/\/www.datinstruments.com\/es\/tam-grouting-gin\/\",\"name\":\"TAM GROUTING, GIN - DAT instruments\",\"isPartOf\":{\"@id\":\"https:\/\/www.datinstruments.com\/es\/#website\"},\"primaryImageOfPage\":{\"@id\":\"https:\/\/www.datinstruments.com\/es\/tam-grouting-gin\/#primaryimage\"},\"image\":{\"@id\":\"https:\/\/www.datinstruments.com\/es\/tam-grouting-gin\/#primaryimage\"},\"thumbnailUrl\":\"http:\/\/www.datinstruments.com\/es\/files\/2019\/08\/DAT-instruments-JET-4000-AME-I-datalogger-para-Inyecciones-de-cemento-TAM-Grouting-Pruebas-Lugeon-1.jpg\",\"datePublished\":\"2020-08-05T12:13:36+00:00\",\"dateModified\":\"2023-12-19T16:43:30+00:00\",\"breadcrumb\":{\"@id\":\"https:\/\/www.datinstruments.com\/es\/tam-grouting-gin\/#breadcrumb\"},\"inLanguage\":\"es\",\"potentialAction\":[{\"@type\":\"ReadAction\",\"target\":[\"https:\/\/www.datinstruments.com\/es\/tam-grouting-gin\/\"]}]},{\"@type\":\"ImageObject\",\"inLanguage\":\"es\",\"@id\":\"https:\/\/www.datinstruments.com\/es\/tam-grouting-gin\/#primaryimage\",\"url\":\"https:\/\/www.datinstruments.com\/es\/files\/2019\/08\/DAT-instruments-JET-4000-AME-I-datalogger-para-Inyecciones-de-cemento-TAM-Grouting-Pruebas-Lugeon-1.jpg\",\"contentUrl\":\"https:\/\/www.datinstruments.com\/es\/files\/2019\/08\/DAT-instruments-JET-4000-AME-I-datalogger-para-Inyecciones-de-cemento-TAM-Grouting-Pruebas-Lugeon-1.jpg\",\"width\":1600,\"height\":888,\"caption\":\"DAT instruments, JET 4000 AME \/ I, datalogger para Inyecciones de cemento, TAM Grouting, Pruebas Lugeon\"},{\"@type\":\"BreadcrumbList\",\"@id\":\"https:\/\/www.datinstruments.com\/es\/tam-grouting-gin\/#breadcrumb\",\"itemListElement\":[{\"@type\":\"ListItem\",\"position\":1,\"name\":\"Home\",\"item\":\"https:\/\/www.datinstruments.com\/es\/\"},{\"@type\":\"ListItem\",\"position\":2,\"name\":\"TAM GROUTING, GIN\"}]},{\"@type\":\"WebSite\",\"@id\":\"https:\/\/www.datinstruments.com\/es\/#website\",\"url\":\"https:\/\/www.datinstruments.com\/es\/\",\"name\":\"DAT instruments\",\"description\":\"Datalogger para: Jet grouting \u2013 Inyecciones de cemento \u2013 GIN \u2013 TAM Grouting \u2013 Compensation grouting \u2013 Perforaci\u00f3nes \u2013 MWD \u2013 LWD \u2013 Pilote con barrena continua CFA \u2013 Deep mixing \u2013 Soil mixing \u2013 Mezcla profunda de suelos DSM \u2013 Vibroflotaci\u00f3n \u2013 Sand Compaction Piles \u2013 Excavaci\u00f3n de diafragmas \u2013 Hidrofresas \u2013 Pruebas Lugeon \u2013 Indagenes Geognosticas\",\"publisher\":{\"@id\":\"https:\/\/www.datinstruments.com\/es\/#organization\"},\"potentialAction\":[{\"@type\":\"SearchAction\",\"target\":{\"@type\":\"EntryPoint\",\"urlTemplate\":\"https:\/\/www.datinstruments.com\/es\/?s={search_term_string}\"},\"query-input\":{\"@type\":\"PropertyValueSpecification\",\"valueRequired\":true,\"valueName\":\"search_term_string\"}}],\"inLanguage\":\"es\"},{\"@type\":\"Organization\",\"@id\":\"https:\/\/www.datinstruments.com\/es\/#organization\",\"name\":\"DAT instruments\",\"url\":\"https:\/\/www.datinstruments.com\/es\/\",\"logo\":{\"@type\":\"ImageObject\",\"inLanguage\":\"es\",\"@id\":\"https:\/\/www.datinstruments.com\/es\/#\/schema\/logo\/image\/\",\"url\":\"https:\/\/www.datinstruments.com\/es\/files\/2019\/08\/cropped-cropped-Favicon21.jpg\",\"contentUrl\":\"https:\/\/www.datinstruments.com\/es\/files\/2019\/08\/cropped-cropped-Favicon21.jpg\",\"width\":512,\"height\":512,\"caption\":\"DAT instruments\"},\"image\":{\"@id\":\"https:\/\/www.datinstruments.com\/es\/#\/schema\/logo\/image\/\"},\"sameAs\":[\"https:\/\/www.facebook.com\/datinstruments\"]}]}<\/script>\n<!-- \/ Yoast SEO plugin. -->","yoast_head_json":{"title":"TAM GROUTING, GIN - DAT instruments","robots":{"index":"index","follow":"follow","max-snippet":"max-snippet:-1","max-image-preview":"max-image-preview:large","max-video-preview":"max-video-preview:-1"},"canonical":"https:\/\/www.datinstruments.com\/es\/tam-grouting-gin\/","og_locale":"es_ES","og_type":"article","og_title":"TAM GROUTING, GIN - DAT instruments","og_description":"Para inyecciones de cemento los data loggers DAT instruments: JET 4000 AME \/ I (1 &#8211; 4 bombas): JET DSP 100 \/ IR (1 bomba): JET FLOW JET FLOW es un sistema de adquisici\u00f3n de datos, utilizado para grabar y visualizar en tiempo real, directamente en el ordenador Windows, todos los par\u00e1metros y los gr\u00e1ficos [&hellip;]","og_url":"https:\/\/www.datinstruments.com\/es\/tam-grouting-gin\/","og_site_name":"DAT instruments","article_publisher":"https:\/\/www.facebook.com\/datinstruments","article_modified_time":"2023-12-19T16:43:30+00:00","og_image":[{"url":"http:\/\/www.datinstruments.com\/es\/files\/2019\/08\/DAT-instruments-JET-4000-AME-I-datalogger-para-Inyecciones-de-cemento-TAM-Grouting-Pruebas-Lugeon-1.jpg","type":"","width":"","height":""}],"twitter_card":"summary_large_image","twitter_misc":{"Tiempo de lectura":"3 minutos"},"schema":{"@context":"https:\/\/schema.org","@graph":[{"@type":"WebPage","@id":"https:\/\/www.datinstruments.com\/es\/tam-grouting-gin\/","url":"https:\/\/www.datinstruments.com\/es\/tam-grouting-gin\/","name":"TAM GROUTING, GIN - DAT instruments","isPartOf":{"@id":"https:\/\/www.datinstruments.com\/es\/#website"},"primaryImageOfPage":{"@id":"https:\/\/www.datinstruments.com\/es\/tam-grouting-gin\/#primaryimage"},"image":{"@id":"https:\/\/www.datinstruments.com\/es\/tam-grouting-gin\/#primaryimage"},"thumbnailUrl":"http:\/\/www.datinstruments.com\/es\/files\/2019\/08\/DAT-instruments-JET-4000-AME-I-datalogger-para-Inyecciones-de-cemento-TAM-Grouting-Pruebas-Lugeon-1.jpg","datePublished":"2020-08-05T12:13:36+00:00","dateModified":"2023-12-19T16:43:30+00:00","breadcrumb":{"@id":"https:\/\/www.datinstruments.com\/es\/tam-grouting-gin\/#breadcrumb"},"inLanguage":"es","potentialAction":[{"@type":"ReadAction","target":["https:\/\/www.datinstruments.com\/es\/tam-grouting-gin\/"]}]},{"@type":"ImageObject","inLanguage":"es","@id":"https:\/\/www.datinstruments.com\/es\/tam-grouting-gin\/#primaryimage","url":"https:\/\/www.datinstruments.com\/es\/files\/2019\/08\/DAT-instruments-JET-4000-AME-I-datalogger-para-Inyecciones-de-cemento-TAM-Grouting-Pruebas-Lugeon-1.jpg","contentUrl":"https:\/\/www.datinstruments.com\/es\/files\/2019\/08\/DAT-instruments-JET-4000-AME-I-datalogger-para-Inyecciones-de-cemento-TAM-Grouting-Pruebas-Lugeon-1.jpg","width":1600,"height":888,"caption":"DAT instruments, JET 4000 AME \/ I, datalogger para Inyecciones de cemento, TAM Grouting, Pruebas Lugeon"},{"@type":"BreadcrumbList","@id":"https:\/\/www.datinstruments.com\/es\/tam-grouting-gin\/#breadcrumb","itemListElement":[{"@type":"ListItem","position":1,"name":"Home","item":"https:\/\/www.datinstruments.com\/es\/"},{"@type":"ListItem","position":2,"name":"TAM GROUTING, GIN"}]},{"@type":"WebSite","@id":"https:\/\/www.datinstruments.com\/es\/#website","url":"https:\/\/www.datinstruments.com\/es\/","name":"DAT instruments","description":"Datalogger para: Jet grouting \u2013 Inyecciones de cemento \u2013 GIN \u2013 TAM Grouting \u2013 Compensation grouting \u2013 Perforaci\u00f3nes \u2013 MWD \u2013 LWD \u2013 Pilote con barrena continua CFA \u2013 Deep mixing \u2013 Soil mixing \u2013 Mezcla profunda de suelos DSM \u2013 Vibroflotaci\u00f3n \u2013 Sand Compaction Piles \u2013 Excavaci\u00f3n de diafragmas \u2013 Hidrofresas \u2013 Pruebas Lugeon \u2013 Indagenes Geognosticas","publisher":{"@id":"https:\/\/www.datinstruments.com\/es\/#organization"},"potentialAction":[{"@type":"SearchAction","target":{"@type":"EntryPoint","urlTemplate":"https:\/\/www.datinstruments.com\/es\/?s={search_term_string}"},"query-input":{"@type":"PropertyValueSpecification","valueRequired":true,"valueName":"search_term_string"}}],"inLanguage":"es"},{"@type":"Organization","@id":"https:\/\/www.datinstruments.com\/es\/#organization","name":"DAT instruments","url":"https:\/\/www.datinstruments.com\/es\/","logo":{"@type":"ImageObject","inLanguage":"es","@id":"https:\/\/www.datinstruments.com\/es\/#\/schema\/logo\/image\/","url":"https:\/\/www.datinstruments.com\/es\/files\/2019\/08\/cropped-cropped-Favicon21.jpg","contentUrl":"https:\/\/www.datinstruments.com\/es\/files\/2019\/08\/cropped-cropped-Favicon21.jpg","width":512,"height":512,"caption":"DAT instruments"},"image":{"@id":"https:\/\/www.datinstruments.com\/es\/#\/schema\/logo\/image\/"},"sameAs":["https:\/\/www.facebook.com\/datinstruments"]}]}},"_links":{"self":[{"href":"https:\/\/www.datinstruments.com\/es\/wp-json\/wp\/v2\/pages\/379","targetHints":{"allow":["GET"]}}],"collection":[{"href":"https:\/\/www.datinstruments.com\/es\/wp-json\/wp\/v2\/pages"}],"about":[{"href":"https:\/\/www.datinstruments.com\/es\/wp-json\/wp\/v2\/types\/page"}],"author":[{"embeddable":true,"href":"https:\/\/www.datinstruments.com\/es\/wp-json\/wp\/v2\/users\/1"}],"replies":[{"embeddable":true,"href":"https:\/\/www.datinstruments.com\/es\/wp-json\/wp\/v2\/comments?post=379"}],"version-history":[{"count":0,"href":"https:\/\/www.datinstruments.com\/es\/wp-json\/wp\/v2\/pages\/379\/revisions"}],"wp:attachment":[{"href":"https:\/\/www.datinstruments.com\/es\/wp-json\/wp\/v2\/media?parent=379"}],"curies":[{"name":"wp","href":"https:\/\/api.w.org\/{rel}","templated":true}]}}