{"id":33,"date":"2019-08-07T17:27:12","date_gmt":"2019-08-07T15:27:12","guid":{"rendered":"http:\/\/www.datinstruments.com\/es\/?page_id=33"},"modified":"2020-06-17T16:18:37","modified_gmt":"2020-06-17T14:18:37","slug":"presentacion","status":"publish","type":"page","link":"https:\/\/www.datinstruments.com\/es\/presentacion\/","title":{"rendered":"Presentaci\u00f3n"},"content":{"rendered":"\n<figure class=\"wp-block-image size-large\"><img fetchpriority=\"high\" decoding=\"async\" width=\"770\" height=\"481\" src=\"http:\/\/www.datinstruments.com\/es\/files\/2019\/08\/DAT-instruments-datalogger-para-Geotecnia-y-Fundaciones-Especiales-sede-central-770x481.jpg\" alt=\"DAT instruments, datalogger para Geotecnia y Fundaciones Especiales, sede central\" class=\"wp-image-64\" srcset=\"https:\/\/www.datinstruments.com\/es\/files\/2019\/08\/DAT-instruments-datalogger-para-Geotecnia-y-Fundaciones-Especiales-sede-central-770x481.jpg 770w, https:\/\/www.datinstruments.com\/es\/files\/2019\/08\/DAT-instruments-datalogger-para-Geotecnia-y-Fundaciones-Especiales-sede-central-200x125.jpg 200w, https:\/\/www.datinstruments.com\/es\/files\/2019\/08\/DAT-instruments-datalogger-para-Geotecnia-y-Fundaciones-Especiales-sede-central-768x480.jpg 768w, https:\/\/www.datinstruments.com\/es\/files\/2019\/08\/DAT-instruments-datalogger-para-Geotecnia-y-Fundaciones-Especiales-sede-central-436x272.jpg 436w, https:\/\/www.datinstruments.com\/es\/files\/2019\/08\/DAT-instruments-datalogger-para-Geotecnia-y-Fundaciones-Especiales-sede-central-440x275.jpg 440w, https:\/\/www.datinstruments.com\/es\/files\/2019\/08\/DAT-instruments-datalogger-para-Geotecnia-y-Fundaciones-Especiales-sede-central.jpg 1024w\" sizes=\"(max-width: 770px) 100vw, 770px\" \/><\/figure>\n\n\n\n<p>DAT instruments es una empresa italiana especializada en la producci\u00f3n y dise\u00f1o de instrumentos electr\u00f3nicos y software utilizados para realizar trabajos de cimentaci\u00f3n especial, como: inyecciones de cemento, jet-grouting, CFA, soil mixing, vibroflotaci\u00f3n, perforaci\u00f3n con finalidad de sondeo geognostico, diafragmas, mezcla de cemento, medida de la inclinaci\u00f3n, control de la verticalidad y levantamiento.<\/p>\n\n\n\n<div class=\"wp-block-image\"><figure class=\"aligncenter size-full is-resized\"><img decoding=\"async\" src=\"http:\/\/www.datinstruments.com\/es\/files\/2019\/08\/DAT-instruments-registrador-de-datos-para-Geotecnia-y-Fundaciones-Especiales-Amedeo-Valoroso.jpg\" alt=\"DAT instruments, registrador de datos para Geotecnia y Fundaciones Especiales, Amedeo Valoroso\" class=\"wp-image-65\" width=\"2580\" height=\"1944\" srcset=\"https:\/\/www.datinstruments.com\/es\/files\/2019\/08\/DAT-instruments-registrador-de-datos-para-Geotecnia-y-Fundaciones-Especiales-Amedeo-Valoroso.jpg 2580w, https:\/\/www.datinstruments.com\/es\/files\/2019\/08\/DAT-instruments-registrador-de-datos-para-Geotecnia-y-Fundaciones-Especiales-Amedeo-Valoroso-200x151.jpg 200w, https:\/\/www.datinstruments.com\/es\/files\/2019\/08\/DAT-instruments-registrador-de-datos-para-Geotecnia-y-Fundaciones-Especiales-Amedeo-Valoroso-770x580.jpg 770w, https:\/\/www.datinstruments.com\/es\/files\/2019\/08\/DAT-instruments-registrador-de-datos-para-Geotecnia-y-Fundaciones-Especiales-Amedeo-Valoroso-768x579.jpg 768w, https:\/\/www.datinstruments.com\/es\/files\/2019\/08\/DAT-instruments-registrador-de-datos-para-Geotecnia-y-Fundaciones-Especiales-Amedeo-Valoroso-1080x814.jpg 1080w, https:\/\/www.datinstruments.com\/es\/files\/2019\/08\/DAT-instruments-registrador-de-datos-para-Geotecnia-y-Fundaciones-Especiales-Amedeo-Valoroso-1536x1157.jpg 1536w, https:\/\/www.datinstruments.com\/es\/files\/2019\/08\/DAT-instruments-registrador-de-datos-para-Geotecnia-y-Fundaciones-Especiales-Amedeo-Valoroso-2048x1543.jpg 2048w, https:\/\/www.datinstruments.com\/es\/files\/2019\/08\/DAT-instruments-registrador-de-datos-para-Geotecnia-y-Fundaciones-Especiales-Amedeo-Valoroso-440x332.jpg 440w\" sizes=\"(max-width: 2580px) 100vw, 2580px\" \/><\/figure><\/div>\n\n\n\n<p>Fundada en 2001 por <a href=\"http:\/\/www.datinstruments.com\/es\/presentacion\/#AV\"><strong>Amedeo Valoroso<\/strong><\/a>, DAT instruments es una empresa din\u00e1mica y r\u00e1pida: &nbsp;actualmente, mas de 20 pa\u00edses en los 5 continentes se sirven directamente de DAT instruments o apoy\u00e1ndose a h\u00e1biles revendedores. Durante una reciente entrevista, Amedeo Valoroso afirm\u00f3: \u201cNosotros utilizamos solamente materiales de elevada calidad, con una motivaci\u00f3n muy sencilla: no se puede parar una obra por culpa de un instrumento. Muy a menudo se encuentran en comercio equipos poco fiables y eso pasa porque se utilizan componentes comerciales de escasa calidad, aplicados a proyectos que tienen como objetivo principal la m\u00e1xima ganancia. Al contrario, el dise\u00f1o de nuestros instrumentos se basa sobre una electr\u00f3nica robusta, sobre dimensionado y verificada.<\/p>\n\n\n\n<p>Todos los componentes tienen que resistir a un range extenso de temperaturas, al polvo y al agua y se estudiaron precisamente para la utilizaci\u00f3n en la obra. Adem\u00e1s, todos los instrumentos se someten a vastos controles, tests y simulaciones de funcionamiento antes de la entrega.<\/p>\n\n\n\n<div class=\"alignnormal\"><div id=\"metaslider-id-66\" style=\"max-width: 400px; margin: 0 auto;\" class=\"ml-slider-3-97-0 metaslider metaslider-flex metaslider-66 ml-slider ms-theme-default nav-hidden\" role=\"region\" aria-roledescription=\"Slideshow\" aria-label=\"Presentazione\" data-width=\"400\">\n    <div id=\"metaslider_container_66\">\n        <div id=\"metaslider_66\">\n            <ul class='slides'>\n                <li style=\"display: block; width: 100%;\" class=\"slide-67 ms-image \" aria-roledescription=\"slide\" aria-label=\"slide-67\" data-date=\"2019-08-21 09:42:47\"><img decoding=\"async\" src=\"https:\/\/www.datinstruments.com\/es\/files\/2019\/08\/DAT-instruments-datalogger-para-Geotecnia-y-Fundaciones-Especiales-sede-central-400x250.jpg\" height=\"250\" width=\"400\" alt=\"DAT instruments, datalogger para Geotecnia y Fundaciones Especiales, sede central\" class=\"slider-66 slide-67\" title=\"DAT instruments, datalogger para Geotecnia y Fundaciones Especiales, sede central\" \/><\/li>\n                <li style=\"display: none; width: 100%;\" class=\"slide-68 ms-image \" aria-roledescription=\"slide\" aria-label=\"slide-68\" data-date=\"2019-08-21 09:42:47\"><img loading=\"lazy\" decoding=\"async\" src=\"https:\/\/www.datinstruments.com\/es\/files\/2019\/08\/DAT-instruments-datalogger-para-Geotecnia-y-Fundaciones-Especiales-recepci\u00f3n-del-cliente-400x250.jpg\" height=\"250\" width=\"400\" alt=\"DAT instruments, datalogger para Geotecnia y Fundaciones Especiales, recepci\u00f3n del cliente\" class=\"slider-66 slide-68\" title=\"DAT instruments, datalogger para Geotecnia y Fundaciones Especiales, recepci\u00f3n del cliente\" \/><\/li>\n                <li style=\"display: none; width: 100%;\" class=\"slide-69 ms-image \" aria-roledescription=\"slide\" aria-label=\"slide-69\" data-date=\"2019-08-21 09:42:47\"><img loading=\"lazy\" decoding=\"async\" src=\"https:\/\/www.datinstruments.com\/es\/files\/2019\/08\/DAT-instruments-datalogger-para-Geotecnia-y-Fundaciones-Especiales-departamento-de-ventas-400x250.jpg\" height=\"250\" width=\"400\" alt=\"DAT instruments, datalogger para Geotecnia y Fundaciones Especiales, departamento de ventas\" class=\"slider-66 slide-69\" title=\"DAT instruments, datalogger para Geotecnia y Fundaciones Especiales, departamento de ventas\" \/><\/li>\n                <li style=\"display: none; width: 100%;\" class=\"slide-70 ms-image \" aria-roledescription=\"slide\" aria-label=\"slide-70\" data-date=\"2019-08-21 09:42:48\"><img loading=\"lazy\" decoding=\"async\" src=\"https:\/\/www.datinstruments.com\/es\/files\/2019\/08\/DAT-instruments-datalogger-para-Geotecnia-y-Fundaciones-Especiales-cursos-para-software-400x250.jpg\" height=\"250\" width=\"400\" alt=\"DAT instruments, datalogger para Geotecnia y Fundaciones Especiales, cursos para software\" class=\"slider-66 slide-70\" title=\"DAT instruments, datalogger para Geotecnia y Fundaciones Especiales, cursos para software\" \/><\/li>\n                <li style=\"display: none; width: 100%;\" class=\"slide-71 ms-image \" aria-roledescription=\"slide\" aria-label=\"slide-71\" data-date=\"2019-08-21 09:42:48\"><img loading=\"lazy\" decoding=\"async\" src=\"https:\/\/www.datinstruments.com\/es\/files\/2019\/08\/DAT-instruments-datalogger-para-Geotecnia-y-Fundaciones-Especiales-cursos-de-instalaci\u00f3n-400x250.jpg\" height=\"250\" width=\"400\" alt=\"DAT instruments, datalogger para Geotecnia y Fundaciones Especiales, cursos de instalaci\u00f3n\" class=\"slider-66 slide-71\" title=\"DAT instruments, datalogger para Geotecnia y Fundaciones Especiales, cursos de instalaci\u00f3n\" \/><\/li>\n                <li style=\"display: none; width: 100%;\" class=\"slide-72 ms-image \" aria-roledescription=\"slide\" aria-label=\"slide-72\" data-date=\"2019-08-21 09:42:48\"><img loading=\"lazy\" decoding=\"async\" src=\"https:\/\/www.datinstruments.com\/es\/files\/2019\/08\/DAT-instruments-datalogger-para-Geotecnia-y-Fundaciones-Especiales-cursos-de-entrenamiento-400x250.jpg\" height=\"250\" width=\"400\" alt=\"DAT instruments, datalogger para Geotecnia y Fundaciones Especiales, cursos de entrenamiento\" class=\"slider-66 slide-72\" title=\"DAT instruments, datalogger para Geotecnia y Fundaciones Especiales, cursos de entrenamiento\" \/><\/li>\n                <li style=\"display: none; width: 100%;\" class=\"slide-73 ms-image \" aria-roledescription=\"slide\" aria-label=\"slide-73\" data-date=\"2019-08-21 09:42:48\"><img loading=\"lazy\" decoding=\"async\" src=\"https:\/\/www.datinstruments.com\/es\/files\/2019\/08\/DAT-instruments-datalogger-para-Geotecnia-y-Fundaciones-Especiales-cursos-de-actualizaci\u00f3n-400x250.jpg\" height=\"250\" width=\"400\" alt=\"DAT instruments, datalogger para Geotecnia y Fundaciones Especiales, cursos de actualizaci\u00f3n\" class=\"slider-66 slide-73\" title=\"DAT instruments, datalogger para Geotecnia y Fundaciones Especiales, cursos de actualizaci\u00f3n\" \/><\/li>\n                <li style=\"display: none; width: 100%;\" class=\"slide-74 ms-image \" aria-roledescription=\"slide\" aria-label=\"slide-74\" data-date=\"2019-08-21 09:42:48\"><img loading=\"lazy\" decoding=\"async\" src=\"https:\/\/www.datinstruments.com\/es\/files\/2019\/08\/DAT-instruments-atenci\u00f3n-al-cliente-asistencia-remota-400x250.jpg\" height=\"250\" width=\"400\" alt=\"DAT instruments, atenci\u00f3n al cliente, asistencia remota\" class=\"slider-66 slide-74\" title=\"DAT instruments, atenci\u00f3n al cliente, asistencia remota\" \/><\/li>\n            <\/ul>\n        <\/div>\n        \n    <\/div>\n<\/div><\/div>\n\n\n\n<p><strong>Contacto Linkedin de Amedeo Valoroso<\/strong><\/p>\n\n\n\n<p>Pedir por la conexi\u00f3n al perfil <a href=\"http:\/\/www.linkedin.com\/in\/amedeovaloroso\">www.linkedin.com\/in\/amedeovaloroso<\/a> utilizando la direcci\u00f3n info@datinstruments.com<\/p>\n","protected":false},"excerpt":{"rendered":"<p>DAT instruments es una empresa italiana especializada en la producci\u00f3n y dise\u00f1o de instrumentos electr\u00f3nicos y software utilizados para realizar trabajos de cimentaci\u00f3n especial, como: inyecciones de cemento, jet-grouting, CFA, soil mixing, vibroflotaci\u00f3n, perforaci\u00f3n con finalidad de sondeo geognostico, diafragmas, mezcla de cemento, medida de la inclinaci\u00f3n, control de la verticalidad y levantamiento. Fundada en [&hellip;]<\/p>\n","protected":false},"author":1,"featured_media":0,"parent":0,"menu_order":0,"comment_status":"closed","ping_status":"closed","template":"","meta":{"footnotes":""},"class_list":["post-33","page","type-page","status-publish","hentry"],"yoast_head":"<!-- This site is optimized with the Yoast SEO plugin v24.8.1 - https:\/\/yoast.com\/wordpress\/plugins\/seo\/ -->\n<title>Presentaci\u00f3n - DAT instruments<\/title>\n<meta name=\"robots\" content=\"index, follow, max-snippet:-1, max-image-preview:large, max-video-preview:-1\" \/>\n<link rel=\"canonical\" href=\"http:\/\/www.datinstruments.com\/es\/presentacion\/\" \/>\n<meta property=\"og:locale\" content=\"es_ES\" \/>\n<meta property=\"og:type\" content=\"article\" \/>\n<meta property=\"og:title\" content=\"Presentaci\u00f3n - DAT instruments\" \/>\n<meta property=\"og:description\" content=\"DAT instruments es una empresa italiana especializada en la producci\u00f3n y dise\u00f1o de instrumentos electr\u00f3nicos y software utilizados para realizar trabajos de cimentaci\u00f3n especial, como: inyecciones de cemento, jet-grouting, CFA, soil mixing, vibroflotaci\u00f3n, perforaci\u00f3n con finalidad de sondeo geognostico, diafragmas, mezcla de cemento, medida de la inclinaci\u00f3n, control de la verticalidad y levantamiento. Fundada en [&hellip;]\" \/>\n<meta property=\"og:url\" content=\"http:\/\/www.datinstruments.com\/es\/presentacion\/\" \/>\n<meta property=\"og:site_name\" content=\"DAT instruments\" \/>\n<meta property=\"article:publisher\" content=\"https:\/\/www.facebook.com\/datinstruments\" \/>\n<meta property=\"article:modified_time\" content=\"2020-06-17T14:18:37+00:00\" \/>\n<meta property=\"og:image\" content=\"http:\/\/www.datinstruments.com\/es\/files\/2019\/08\/DAT-instruments-datalogger-para-Geotecnia-y-Fundaciones-Especiales-sede-central-770x481.jpg\" \/>\n<meta name=\"twitter:card\" content=\"summary_large_image\" \/>\n<meta name=\"twitter:label1\" content=\"Tiempo de lectura\" \/>\n\t<meta name=\"twitter:data1\" content=\"1 minuto\" \/>\n<script type=\"application\/ld+json\" class=\"yoast-schema-graph\">{\"@context\":\"https:\/\/schema.org\",\"@graph\":[{\"@type\":\"WebPage\",\"@id\":\"http:\/\/www.datinstruments.com\/es\/presentacion\/\",\"url\":\"http:\/\/www.datinstruments.com\/es\/presentacion\/\",\"name\":\"Presentaci\u00f3n - DAT instruments\",\"isPartOf\":{\"@id\":\"https:\/\/www.datinstruments.com\/es\/#website\"},\"primaryImageOfPage\":{\"@id\":\"http:\/\/www.datinstruments.com\/es\/presentacion\/#primaryimage\"},\"image\":{\"@id\":\"http:\/\/www.datinstruments.com\/es\/presentacion\/#primaryimage\"},\"thumbnailUrl\":\"http:\/\/www.datinstruments.com\/es\/files\/2019\/08\/DAT-instruments-datalogger-para-Geotecnia-y-Fundaciones-Especiales-sede-central-770x481.jpg\",\"datePublished\":\"2019-08-07T15:27:12+00:00\",\"dateModified\":\"2020-06-17T14:18:37+00:00\",\"breadcrumb\":{\"@id\":\"http:\/\/www.datinstruments.com\/es\/presentacion\/#breadcrumb\"},\"inLanguage\":\"es\",\"potentialAction\":[{\"@type\":\"ReadAction\",\"target\":[\"http:\/\/www.datinstruments.com\/es\/presentacion\/\"]}]},{\"@type\":\"ImageObject\",\"inLanguage\":\"es\",\"@id\":\"http:\/\/www.datinstruments.com\/es\/presentacion\/#primaryimage\",\"url\":\"https:\/\/www.datinstruments.com\/es\/files\/2019\/08\/DAT-instruments-datalogger-para-Geotecnia-y-Fundaciones-Especiales-sede-central.jpg\",\"contentUrl\":\"https:\/\/www.datinstruments.com\/es\/files\/2019\/08\/DAT-instruments-datalogger-para-Geotecnia-y-Fundaciones-Especiales-sede-central.jpg\",\"width\":1024,\"height\":640,\"caption\":\"DAT instruments, datalogger para Geotecnia y Fundaciones Especiales, sede central\"},{\"@type\":\"BreadcrumbList\",\"@id\":\"http:\/\/www.datinstruments.com\/es\/presentacion\/#breadcrumb\",\"itemListElement\":[{\"@type\":\"ListItem\",\"position\":1,\"name\":\"Home\",\"item\":\"https:\/\/www.datinstruments.com\/es\/\"},{\"@type\":\"ListItem\",\"position\":2,\"name\":\"Presentaci\u00f3n\"}]},{\"@type\":\"WebSite\",\"@id\":\"https:\/\/www.datinstruments.com\/es\/#website\",\"url\":\"https:\/\/www.datinstruments.com\/es\/\",\"name\":\"DAT instruments\",\"description\":\"Datalogger para: Jet grouting \u2013 Inyecciones de cemento \u2013 GIN \u2013 TAM Grouting \u2013 Compensation grouting \u2013 Perforaci\u00f3nes \u2013 MWD \u2013 LWD \u2013 Pilote con barrena continua CFA \u2013 Deep mixing \u2013 Soil mixing \u2013 Mezcla profunda de suelos DSM \u2013 Vibroflotaci\u00f3n \u2013 Sand Compaction Piles \u2013 Excavaci\u00f3n de diafragmas \u2013 Hidrofresas \u2013 Pruebas Lugeon \u2013 Indagenes Geognosticas\",\"publisher\":{\"@id\":\"https:\/\/www.datinstruments.com\/es\/#organization\"},\"potentialAction\":[{\"@type\":\"SearchAction\",\"target\":{\"@type\":\"EntryPoint\",\"urlTemplate\":\"https:\/\/www.datinstruments.com\/es\/?s={search_term_string}\"},\"query-input\":{\"@type\":\"PropertyValueSpecification\",\"valueRequired\":true,\"valueName\":\"search_term_string\"}}],\"inLanguage\":\"es\"},{\"@type\":\"Organization\",\"@id\":\"https:\/\/www.datinstruments.com\/es\/#organization\",\"name\":\"DAT instruments\",\"url\":\"https:\/\/www.datinstruments.com\/es\/\",\"logo\":{\"@type\":\"ImageObject\",\"inLanguage\":\"es\",\"@id\":\"https:\/\/www.datinstruments.com\/es\/#\/schema\/logo\/image\/\",\"url\":\"https:\/\/www.datinstruments.com\/es\/files\/2019\/08\/cropped-cropped-Favicon21.jpg\",\"contentUrl\":\"https:\/\/www.datinstruments.com\/es\/files\/2019\/08\/cropped-cropped-Favicon21.jpg\",\"width\":512,\"height\":512,\"caption\":\"DAT instruments\"},\"image\":{\"@id\":\"https:\/\/www.datinstruments.com\/es\/#\/schema\/logo\/image\/\"},\"sameAs\":[\"https:\/\/www.facebook.com\/datinstruments\"]}]}<\/script>\n<!-- \/ Yoast SEO plugin. -->","yoast_head_json":{"title":"Presentaci\u00f3n - DAT instruments","robots":{"index":"index","follow":"follow","max-snippet":"max-snippet:-1","max-image-preview":"max-image-preview:large","max-video-preview":"max-video-preview:-1"},"canonical":"http:\/\/www.datinstruments.com\/es\/presentacion\/","og_locale":"es_ES","og_type":"article","og_title":"Presentaci\u00f3n - DAT instruments","og_description":"DAT instruments es una empresa italiana especializada en la producci\u00f3n y dise\u00f1o de instrumentos electr\u00f3nicos y software utilizados para realizar trabajos de cimentaci\u00f3n especial, como: inyecciones de cemento, jet-grouting, CFA, soil mixing, vibroflotaci\u00f3n, perforaci\u00f3n con finalidad de sondeo geognostico, diafragmas, mezcla de cemento, medida de la inclinaci\u00f3n, control de la verticalidad y levantamiento. Fundada en [&hellip;]","og_url":"http:\/\/www.datinstruments.com\/es\/presentacion\/","og_site_name":"DAT instruments","article_publisher":"https:\/\/www.facebook.com\/datinstruments","article_modified_time":"2020-06-17T14:18:37+00:00","og_image":[{"url":"http:\/\/www.datinstruments.com\/es\/files\/2019\/08\/DAT-instruments-datalogger-para-Geotecnia-y-Fundaciones-Especiales-sede-central-770x481.jpg","type":"","width":"","height":""}],"twitter_card":"summary_large_image","twitter_misc":{"Tiempo de lectura":"1 minuto"},"schema":{"@context":"https:\/\/schema.org","@graph":[{"@type":"WebPage","@id":"http:\/\/www.datinstruments.com\/es\/presentacion\/","url":"http:\/\/www.datinstruments.com\/es\/presentacion\/","name":"Presentaci\u00f3n - DAT instruments","isPartOf":{"@id":"https:\/\/www.datinstruments.com\/es\/#website"},"primaryImageOfPage":{"@id":"http:\/\/www.datinstruments.com\/es\/presentacion\/#primaryimage"},"image":{"@id":"http:\/\/www.datinstruments.com\/es\/presentacion\/#primaryimage"},"thumbnailUrl":"http:\/\/www.datinstruments.com\/es\/files\/2019\/08\/DAT-instruments-datalogger-para-Geotecnia-y-Fundaciones-Especiales-sede-central-770x481.jpg","datePublished":"2019-08-07T15:27:12+00:00","dateModified":"2020-06-17T14:18:37+00:00","breadcrumb":{"@id":"http:\/\/www.datinstruments.com\/es\/presentacion\/#breadcrumb"},"inLanguage":"es","potentialAction":[{"@type":"ReadAction","target":["http:\/\/www.datinstruments.com\/es\/presentacion\/"]}]},{"@type":"ImageObject","inLanguage":"es","@id":"http:\/\/www.datinstruments.com\/es\/presentacion\/#primaryimage","url":"https:\/\/www.datinstruments.com\/es\/files\/2019\/08\/DAT-instruments-datalogger-para-Geotecnia-y-Fundaciones-Especiales-sede-central.jpg","contentUrl":"https:\/\/www.datinstruments.com\/es\/files\/2019\/08\/DAT-instruments-datalogger-para-Geotecnia-y-Fundaciones-Especiales-sede-central.jpg","width":1024,"height":640,"caption":"DAT instruments, datalogger para Geotecnia y Fundaciones Especiales, sede central"},{"@type":"BreadcrumbList","@id":"http:\/\/www.datinstruments.com\/es\/presentacion\/#breadcrumb","itemListElement":[{"@type":"ListItem","position":1,"name":"Home","item":"https:\/\/www.datinstruments.com\/es\/"},{"@type":"ListItem","position":2,"name":"Presentaci\u00f3n"}]},{"@type":"WebSite","@id":"https:\/\/www.datinstruments.com\/es\/#website","url":"https:\/\/www.datinstruments.com\/es\/","name":"DAT instruments","description":"Datalogger para: Jet grouting \u2013 Inyecciones de cemento \u2013 GIN \u2013 TAM Grouting \u2013 Compensation grouting \u2013 Perforaci\u00f3nes \u2013 MWD \u2013 LWD \u2013 Pilote con barrena continua CFA \u2013 Deep mixing \u2013 Soil mixing \u2013 Mezcla profunda de suelos DSM \u2013 Vibroflotaci\u00f3n \u2013 Sand Compaction Piles \u2013 Excavaci\u00f3n de diafragmas \u2013 Hidrofresas \u2013 Pruebas Lugeon \u2013 Indagenes Geognosticas","publisher":{"@id":"https:\/\/www.datinstruments.com\/es\/#organization"},"potentialAction":[{"@type":"SearchAction","target":{"@type":"EntryPoint","urlTemplate":"https:\/\/www.datinstruments.com\/es\/?s={search_term_string}"},"query-input":{"@type":"PropertyValueSpecification","valueRequired":true,"valueName":"search_term_string"}}],"inLanguage":"es"},{"@type":"Organization","@id":"https:\/\/www.datinstruments.com\/es\/#organization","name":"DAT instruments","url":"https:\/\/www.datinstruments.com\/es\/","logo":{"@type":"ImageObject","inLanguage":"es","@id":"https:\/\/www.datinstruments.com\/es\/#\/schema\/logo\/image\/","url":"https:\/\/www.datinstruments.com\/es\/files\/2019\/08\/cropped-cropped-Favicon21.jpg","contentUrl":"https:\/\/www.datinstruments.com\/es\/files\/2019\/08\/cropped-cropped-Favicon21.jpg","width":512,"height":512,"caption":"DAT instruments"},"image":{"@id":"https:\/\/www.datinstruments.com\/es\/#\/schema\/logo\/image\/"},"sameAs":["https:\/\/www.facebook.com\/datinstruments"]}]}},"_links":{"self":[{"href":"https:\/\/www.datinstruments.com\/es\/wp-json\/wp\/v2\/pages\/33","targetHints":{"allow":["GET"]}}],"collection":[{"href":"https:\/\/www.datinstruments.com\/es\/wp-json\/wp\/v2\/pages"}],"about":[{"href":"https:\/\/www.datinstruments.com\/es\/wp-json\/wp\/v2\/types\/page"}],"author":[{"embeddable":true,"href":"https:\/\/www.datinstruments.com\/es\/wp-json\/wp\/v2\/users\/1"}],"replies":[{"embeddable":true,"href":"https:\/\/www.datinstruments.com\/es\/wp-json\/wp\/v2\/comments?post=33"}],"version-history":[{"count":0,"href":"https:\/\/www.datinstruments.com\/es\/wp-json\/wp\/v2\/pages\/33\/revisions"}],"wp:attachment":[{"href":"https:\/\/www.datinstruments.com\/es\/wp-json\/wp\/v2\/media?parent=33"}],"curies":[{"name":"wp","href":"https:\/\/api.w.org\/{rel}","templated":true}]}}