{"id":75,"date":"2019-08-21T10:03:33","date_gmt":"2019-08-21T08:03:33","guid":{"rendered":"http:\/\/www.datinstruments.com\/es\/?page_id=75"},"modified":"2019-08-26T14:14:03","modified_gmt":"2019-08-26T12:14:03","slug":"servicios","status":"publish","type":"page","link":"http:\/\/www.datinstruments.com\/es\/servicios\/","title":{"rendered":"Servicios"},"content":{"rendered":"\n<div class=\"alignnormal\"><div id=\"metaslider-id-87\" style=\"width: 100%; margin: 0 auto;\" class=\"ml-slider-3-97-0 metaslider metaslider-nivo metaslider-87 ml-slider ms-theme-default\" role=\"region\" aria-roledescription=\"Slideshow\" aria-label=\"Servicios\" data-width=\"400\">\n    <div id=\"metaslider_container_87\">\n        <div class='slider-wrapper theme-default'><div class='ribbon'><\/div><div id='metaslider_87' class='nivoSlider'><img fetchpriority=\"high\" decoding=\"async\" src=\"http:\/\/www.datinstruments.com\/es\/files\/2019\/08\/DAT-instruments-servicios-Asistencia-preventa-400x250.jpg\" height=\"250\" width=\"400\" title=\"DAT instruments, servicios, Asistencia preventa\" alt=\"DAT instruments, servicios, Asistencia preventa\" class=\"slider-87 slide-96\" \/><img decoding=\"async\" src=\"http:\/\/www.datinstruments.com\/es\/files\/2019\/08\/DAT-instruments-registrador-de-datos-Asistencia-remota-400x250.jpg\" height=\"250\" width=\"400\" title=\"DAT instruments, registrador de datos, Asistencia remota\" alt=\"DAT instruments, registrador de datos, Asistencia remota\" class=\"slider-87 slide-98\" \/><img decoding=\"async\" src=\"http:\/\/www.datinstruments.com\/es\/files\/2019\/08\/DAT-instruments-registrador-de-datos-personalizados-Productos-personalizados-400x250.jpg\" height=\"250\" width=\"400\" title=\"DAT instruments, registrador de datos personalizados, Productos personalizados\" alt=\"DAT instruments, registrador de datos personalizados, Productos personalizados\" class=\"slider-87 slide-99\" \/><img loading=\"lazy\" decoding=\"async\" src=\"http:\/\/www.datinstruments.com\/es\/files\/2019\/08\/DAT-instruments-registrador-de-datos-para-Geotecnia-y-Fundaciones-Especiales-Cursos-de-entrenamiento-400x250.jpg\" height=\"250\" width=\"400\" title=\"DAT instruments, registrador de datos para Geotecnia y Fundaciones Especiales, Cursos de entrenamiento\" alt=\"DAT instruments, registrador de datos para Geotecnia y Fundaciones Especiales, Cursos de entrenamiento\" class=\"slider-87 slide-100\" \/><img loading=\"lazy\" decoding=\"async\" src=\"http:\/\/www.datinstruments.com\/es\/files\/2019\/08\/DAT-instruments-registrador-de-datos-Entrenamiento-en-todo-el-mundo-400x250.jpg\" height=\"250\" width=\"400\" title=\"DAT instruments, registrador de datos, Entrenamiento en todo el mundo\" alt=\"DAT instruments, registrador de datos, Entrenamiento en todo el mundo\" class=\"slider-87 slide-97\" \/><\/div><\/div>\n        \n    <\/div>\n<\/div><\/div>\n\n\n\n<h3 class=\"wp-block-heading\">Asistencia\npre-ventas<\/h3>\n\n\n\n<p>Seleccionar el\nproducto correcto para la ejecuci\u00f3n de un trabajo es determinante. Por esto,\nDAT instruments mete a disposici\u00f3n personal altamente calificado y competente,\nque gu\u00eda al Cliente en la elecci\u00f3n de los productos mas adecuados a las\nnecesidades de la obra.<\/p>\n\n\n\n<h3 class=\"wp-block-heading\">Personalizaciones<\/h3>\n\n\n\n<p>Los productos DAT\ninstruments se pueden programar. Es posible personalizarlos seg\u00fan las\nespec\u00edficas exigencias de nuestro Cliente.<\/p>\n\n\n\n<p>Se pueden\nrealizar personalizaciones tambi\u00e9n a productos ya adquiridos: el Cliente que\ncompra nuestros productos siempre se mantiene al d\u00eda.<\/p>\n\n\n\n<h3 class=\"wp-block-heading\">Celeridad en la\nentrega<\/h3>\n\n\n\n<p>DAT instruments\ngarantiza tiempos de entrega muy breves, para satisfacer los requerimientos de\nla obra y tambi\u00e9n del Cliente m\u00e1s exigente. Para ser r\u00e1pidos y puntuales en la\nentrega, DAT instruments ha armado un almac\u00e9n de componentes y productos\nsiempre provisto.<\/p>\n\n\n\n<h3 class=\"wp-block-heading\">DAT OnLine &#8211;\nAsistencia t\u00e9cnica inmediata<\/h3>\n\n\n\n<p>La asistencia\nt\u00e9cnica sobre los productos vendidos es muy importante. El Cliente que compra\nDAT instruments nunca se queda solo: tiene a disposici\u00f3n los t\u00e9cnicos por\ncorreo, tel\u00e9fono, para disipar eventuales dudas sobre los procedimientos, y\ntambi\u00e9n en la obra.<\/p>\n\n\n\n<h3 class=\"wp-block-heading\">DAT WorkShop &#8211;\nConfiguraciones y asistencia remota<\/h3>\n\n\n\n<p>A trav\u00e9s de los\ninstrumentos inform\u00e1ticos m\u00e1s avanzados, tenemos la posibilidad de asistir al\nCliente durante todas las operaciones de instalaci\u00f3n y personalizaci\u00f3n de los\nsoftware y de los dataloggers, y tambi\u00e9n de los par\u00e1metros operativos de la\nobra, a trav\u00e9s el internet. El Cliente puede elegir en toda simplicidad los\ntipos de gr\u00e1ficos, los datos que se quiere utilizar, las configuraciones y los\npar\u00e1metros operativos: los inserimos nosotros. Es disponible tambi\u00e9n el\nservicio de v\u00eddeo conferencia Skype.<\/p>\n\n\n\n<h3 class=\"wp-block-heading\">Repuestos siempre\ndisponibles<\/h3>\n\n\n\n<p>DAT instruments\ntiene un gran n\u00famero de repuestos siempre disponibles en el almac\u00e9n. El tiempo\nde despacho de un repuesto en almac\u00e9n es de 24 horas. Para \u00f3rdenes muy\nurgentes, recibidos dentro de las 16 es posible tambi\u00e9n la entrega del repuesto\nel mismo d\u00eda. <\/p>\n\n\n\n<h3 class=\"wp-block-heading\">Alquiler<\/h3>\n\n\n\n<p>DAT instruments\nha predispuesto una gama de productos est\u00e1ndar asignados para el alquiler. En\nesta manera tambi\u00e9n el Cliente que tiene que efectuar trabajos de breve\nduraci\u00f3n puede utilizar instrumentos electr\u00f3nicos para certificar la calidad de\nlas obras ejecutadas.<\/p>\n\n\n\n<h3 class=\"wp-block-heading\">DAT Onsite &#8211;\nCursos de instrucci\u00f3n en la obra<\/h3>\n\n\n\n<p>DAT instruments\norganiza cursos de instrucci\u00f3n para los operadores que utilizar\u00e1n nuestros\ninstrumentos. Los cursos se pueden efectuar en nuestra sede o directamente en\nel campo. En la obra, los cursos se efect\u00faan durante los reales trabajos.<\/p>\n","protected":false},"excerpt":{"rendered":"<p>Asistencia pre-ventas Seleccionar el producto correcto para la ejecuci\u00f3n de un trabajo es determinante. Por esto, DAT instruments mete a disposici\u00f3n personal altamente calificado y competente, que gu\u00eda al Cliente en la elecci\u00f3n de los productos mas adecuados a las necesidades de la obra. Personalizaciones Los productos DAT instruments se pueden programar. Es posible personalizarlos [&hellip;]<\/p>\n","protected":false},"author":1,"featured_media":0,"parent":0,"menu_order":0,"comment_status":"closed","ping_status":"closed","template":"","meta":{"footnotes":""},"class_list":["post-75","page","type-page","status-publish","hentry"],"yoast_head":"<!-- This site is optimized with the Yoast SEO plugin v24.8.1 - https:\/\/yoast.com\/wordpress\/plugins\/seo\/ -->\n<title>DAT instruments, Servicios<\/title>\n<meta name=\"description\" content=\"DAT instruments ofrece varios servicios como: consultor\u00eda, asistencia en el sitio, velocidad de entrega, repuestos siempre disponibles, capacitaci\u00f3n...\" \/>\n<meta name=\"robots\" content=\"index, follow, max-snippet:-1, max-image-preview:large, max-video-preview:-1\" \/>\n<link rel=\"canonical\" href=\"https:\/\/www.datinstruments.com\/es\/servicios\/\" \/>\n<meta property=\"og:locale\" content=\"es_ES\" \/>\n<meta property=\"og:type\" content=\"article\" \/>\n<meta property=\"og:title\" content=\"DAT instruments, Servicios\" \/>\n<meta property=\"og:description\" content=\"DAT instruments ofrece varios servicios como: consultor\u00eda, asistencia en el sitio, velocidad de entrega, repuestos siempre disponibles, capacitaci\u00f3n...\" \/>\n<meta property=\"og:url\" content=\"https:\/\/www.datinstruments.com\/es\/servicios\/\" \/>\n<meta property=\"og:site_name\" content=\"DAT instruments\" \/>\n<meta property=\"article:publisher\" content=\"https:\/\/www.facebook.com\/datinstruments\" \/>\n<meta property=\"article:modified_time\" content=\"2019-08-26T12:14:03+00:00\" \/>\n<meta name=\"twitter:card\" content=\"summary_large_image\" \/>\n<meta name=\"twitter:label1\" content=\"Tiempo de lectura\" \/>\n\t<meta name=\"twitter:data1\" content=\"2 minutos\" \/>\n<script type=\"application\/ld+json\" class=\"yoast-schema-graph\">{\"@context\":\"https:\/\/schema.org\",\"@graph\":[{\"@type\":\"WebPage\",\"@id\":\"https:\/\/www.datinstruments.com\/es\/servicios\/\",\"url\":\"https:\/\/www.datinstruments.com\/es\/servicios\/\",\"name\":\"DAT instruments, Servicios\",\"isPartOf\":{\"@id\":\"https:\/\/www.datinstruments.com\/es\/#website\"},\"datePublished\":\"2019-08-21T08:03:33+00:00\",\"dateModified\":\"2019-08-26T12:14:03+00:00\",\"description\":\"DAT instruments ofrece varios servicios como: consultor\u00eda, asistencia en el sitio, velocidad de entrega, repuestos siempre disponibles, capacitaci\u00f3n...\",\"breadcrumb\":{\"@id\":\"https:\/\/www.datinstruments.com\/es\/servicios\/#breadcrumb\"},\"inLanguage\":\"es\",\"potentialAction\":[{\"@type\":\"ReadAction\",\"target\":[\"https:\/\/www.datinstruments.com\/es\/servicios\/\"]}]},{\"@type\":\"BreadcrumbList\",\"@id\":\"https:\/\/www.datinstruments.com\/es\/servicios\/#breadcrumb\",\"itemListElement\":[{\"@type\":\"ListItem\",\"position\":1,\"name\":\"Home\",\"item\":\"https:\/\/www.datinstruments.com\/es\/\"},{\"@type\":\"ListItem\",\"position\":2,\"name\":\"Servicios\"}]},{\"@type\":\"WebSite\",\"@id\":\"https:\/\/www.datinstruments.com\/es\/#website\",\"url\":\"https:\/\/www.datinstruments.com\/es\/\",\"name\":\"DAT instruments\",\"description\":\"Datalogger para: Jet grouting \u2013 Inyecciones de cemento \u2013 GIN \u2013 TAM Grouting \u2013 Compensation grouting \u2013 Perforaci\u00f3nes \u2013 MWD \u2013 LWD \u2013 Pilote con barrena continua CFA \u2013 Deep mixing \u2013 Soil mixing \u2013 Mezcla profunda de suelos DSM \u2013 Vibroflotaci\u00f3n \u2013 Sand Compaction Piles \u2013 Excavaci\u00f3n de diafragmas \u2013 Hidrofresas \u2013 Pruebas Lugeon \u2013 Indagenes Geognosticas\",\"publisher\":{\"@id\":\"https:\/\/www.datinstruments.com\/es\/#organization\"},\"potentialAction\":[{\"@type\":\"SearchAction\",\"target\":{\"@type\":\"EntryPoint\",\"urlTemplate\":\"https:\/\/www.datinstruments.com\/es\/?s={search_term_string}\"},\"query-input\":{\"@type\":\"PropertyValueSpecification\",\"valueRequired\":true,\"valueName\":\"search_term_string\"}}],\"inLanguage\":\"es\"},{\"@type\":\"Organization\",\"@id\":\"https:\/\/www.datinstruments.com\/es\/#organization\",\"name\":\"DAT instruments\",\"url\":\"https:\/\/www.datinstruments.com\/es\/\",\"logo\":{\"@type\":\"ImageObject\",\"inLanguage\":\"es\",\"@id\":\"https:\/\/www.datinstruments.com\/es\/#\/schema\/logo\/image\/\",\"url\":\"https:\/\/www.datinstruments.com\/es\/files\/2019\/08\/cropped-cropped-Favicon21.jpg\",\"contentUrl\":\"https:\/\/www.datinstruments.com\/es\/files\/2019\/08\/cropped-cropped-Favicon21.jpg\",\"width\":512,\"height\":512,\"caption\":\"DAT instruments\"},\"image\":{\"@id\":\"https:\/\/www.datinstruments.com\/es\/#\/schema\/logo\/image\/\"},\"sameAs\":[\"https:\/\/www.facebook.com\/datinstruments\"]}]}<\/script>\n<!-- \/ Yoast SEO plugin. -->","yoast_head_json":{"title":"DAT instruments, Servicios","description":"DAT instruments ofrece varios servicios como: consultor\u00eda, asistencia en el sitio, velocidad de entrega, repuestos siempre disponibles, capacitaci\u00f3n...","robots":{"index":"index","follow":"follow","max-snippet":"max-snippet:-1","max-image-preview":"max-image-preview:large","max-video-preview":"max-video-preview:-1"},"canonical":"https:\/\/www.datinstruments.com\/es\/servicios\/","og_locale":"es_ES","og_type":"article","og_title":"DAT instruments, Servicios","og_description":"DAT instruments ofrece varios servicios como: consultor\u00eda, asistencia en el sitio, velocidad de entrega, repuestos siempre disponibles, capacitaci\u00f3n...","og_url":"https:\/\/www.datinstruments.com\/es\/servicios\/","og_site_name":"DAT instruments","article_publisher":"https:\/\/www.facebook.com\/datinstruments","article_modified_time":"2019-08-26T12:14:03+00:00","twitter_card":"summary_large_image","twitter_misc":{"Tiempo de lectura":"2 minutos"},"schema":{"@context":"https:\/\/schema.org","@graph":[{"@type":"WebPage","@id":"https:\/\/www.datinstruments.com\/es\/servicios\/","url":"https:\/\/www.datinstruments.com\/es\/servicios\/","name":"DAT instruments, Servicios","isPartOf":{"@id":"https:\/\/www.datinstruments.com\/es\/#website"},"datePublished":"2019-08-21T08:03:33+00:00","dateModified":"2019-08-26T12:14:03+00:00","description":"DAT instruments ofrece varios servicios como: consultor\u00eda, asistencia en el sitio, velocidad de entrega, repuestos siempre disponibles, capacitaci\u00f3n...","breadcrumb":{"@id":"https:\/\/www.datinstruments.com\/es\/servicios\/#breadcrumb"},"inLanguage":"es","potentialAction":[{"@type":"ReadAction","target":["https:\/\/www.datinstruments.com\/es\/servicios\/"]}]},{"@type":"BreadcrumbList","@id":"https:\/\/www.datinstruments.com\/es\/servicios\/#breadcrumb","itemListElement":[{"@type":"ListItem","position":1,"name":"Home","item":"https:\/\/www.datinstruments.com\/es\/"},{"@type":"ListItem","position":2,"name":"Servicios"}]},{"@type":"WebSite","@id":"https:\/\/www.datinstruments.com\/es\/#website","url":"https:\/\/www.datinstruments.com\/es\/","name":"DAT instruments","description":"Datalogger para: Jet grouting \u2013 Inyecciones de cemento \u2013 GIN \u2013 TAM Grouting \u2013 Compensation grouting \u2013 Perforaci\u00f3nes \u2013 MWD \u2013 LWD \u2013 Pilote con barrena continua CFA \u2013 Deep mixing \u2013 Soil mixing \u2013 Mezcla profunda de suelos DSM \u2013 Vibroflotaci\u00f3n \u2013 Sand Compaction Piles \u2013 Excavaci\u00f3n de diafragmas \u2013 Hidrofresas \u2013 Pruebas Lugeon \u2013 Indagenes Geognosticas","publisher":{"@id":"https:\/\/www.datinstruments.com\/es\/#organization"},"potentialAction":[{"@type":"SearchAction","target":{"@type":"EntryPoint","urlTemplate":"https:\/\/www.datinstruments.com\/es\/?s={search_term_string}"},"query-input":{"@type":"PropertyValueSpecification","valueRequired":true,"valueName":"search_term_string"}}],"inLanguage":"es"},{"@type":"Organization","@id":"https:\/\/www.datinstruments.com\/es\/#organization","name":"DAT instruments","url":"https:\/\/www.datinstruments.com\/es\/","logo":{"@type":"ImageObject","inLanguage":"es","@id":"https:\/\/www.datinstruments.com\/es\/#\/schema\/logo\/image\/","url":"https:\/\/www.datinstruments.com\/es\/files\/2019\/08\/cropped-cropped-Favicon21.jpg","contentUrl":"https:\/\/www.datinstruments.com\/es\/files\/2019\/08\/cropped-cropped-Favicon21.jpg","width":512,"height":512,"caption":"DAT instruments"},"image":{"@id":"https:\/\/www.datinstruments.com\/es\/#\/schema\/logo\/image\/"},"sameAs":["https:\/\/www.facebook.com\/datinstruments"]}]}},"_links":{"self":[{"href":"http:\/\/www.datinstruments.com\/es\/wp-json\/wp\/v2\/pages\/75","targetHints":{"allow":["GET"]}}],"collection":[{"href":"http:\/\/www.datinstruments.com\/es\/wp-json\/wp\/v2\/pages"}],"about":[{"href":"http:\/\/www.datinstruments.com\/es\/wp-json\/wp\/v2\/types\/page"}],"author":[{"embeddable":true,"href":"http:\/\/www.datinstruments.com\/es\/wp-json\/wp\/v2\/users\/1"}],"replies":[{"embeddable":true,"href":"http:\/\/www.datinstruments.com\/es\/wp-json\/wp\/v2\/comments?post=75"}],"version-history":[{"count":0,"href":"http:\/\/www.datinstruments.com\/es\/wp-json\/wp\/v2\/pages\/75\/revisions"}],"wp:attachment":[{"href":"http:\/\/www.datinstruments.com\/es\/wp-json\/wp\/v2\/media?parent=75"}],"curies":[{"name":"wp","href":"https:\/\/api.w.org\/{rel}","templated":true}]}}