{"id":380,"date":"2020-08-05T14:15:07","date_gmt":"2020-08-05T12:15:07","guid":{"rendered":"http:\/\/www.datinstruments.com\/es\/?page_id=380"},"modified":"2020-08-07T11:19:29","modified_gmt":"2020-08-07T09:19:29","slug":"jet-grouting","status":"publish","type":"page","link":"http:\/\/www.datinstruments.com\/es\/jet-grouting\/","title":{"rendered":"JET GROUTING"},"content":{"rendered":"\n<p>La t\u00e9cnica del jet-grouting consinste en inyectar, bajo alta presi\u00f3n, una mezcla de cemento en el suelo. En el jet groutingbi-y-tri fluido, se a\u00f1adenaire y agua, as\u00ed que se puedan obtener pilotes de mayor di\u00e1metro diferentemente al caso del mono-fluido.<\/p>\n\n\n\n<div class=\"wp-block-image\"><figure class=\"aligncenter size-full is-resized\"><img fetchpriority=\"high\" decoding=\"async\" src=\"http:\/\/www.datinstruments.com\/es\/files\/2019\/08\/DAT-instruments-JET-4000-AME-J-datalogger-para-Jet-grouting-MWD-LWD-CFA-DSM-Vibroflotacion.jpg\" alt=\"DAT instruments, JET 4000 AME - J, datalogger para Jet grouting, Perforaci\u00f3nes, DAC test, CFA, Deep mixing, Soil mixing, Vibroflotaci\u00f3n\" class=\"wp-image-38\" width=\"590\" height=\"440\"\/><\/figure><\/div>\n\n\n\n<div class=\"alignnormal\"><div id=\"metaslider-id-260\" style=\"width: 100%; margin: 0 auto;\" class=\"ml-slider-3-97-0 metaslider metaslider-nivo metaslider-260 ml-slider ms-theme-default\" role=\"region\" aria-roledescription=\"Slideshow\" aria-label=\"Jet Grouting\" data-width=\"1080\">\n    <div id=\"metaslider_container_260\">\n        <div class='slider-wrapper theme-default'><div class='ribbon'><\/div><div id='metaslider_260' class='nivoSlider'><img decoding=\"async\" src=\"http:\/\/www.datinstruments.com\/es\/files\/2020\/06\/DAT-instruments-JET-4000-AME-J-datalogger-per-jet-grouting-bifluido-Italia-1024x379.jpg\" height=\"400\" width=\"1080\" title=\"DAT instruments, JET 4000 AME - J, datalogger per jet grouting, bifluido, Italia\" alt=\"Jet Grouting\" class=\"slider-260 slide-265\" \/><img decoding=\"async\" src=\"http:\/\/www.datinstruments.com\/es\/files\/2020\/06\/DAT-instruments-JET-4000-AME-J-datalogger-per-jet-grouting-Egitto-1024x379.jpg\" height=\"400\" width=\"1080\" title=\"DAT instruments, JET 4000 AME - J, datalogger per jet grouting, Egitto\" alt=\"\" class=\"slider-260 slide-266\" \/><img loading=\"lazy\" decoding=\"async\" src=\"http:\/\/www.datinstruments.com\/es\/files\/2020\/06\/DAT-instruments-JET-4000-AME-J-datalogger-per-jet-grouting-monofluido-Francia-1024x379.jpg\" height=\"400\" width=\"1080\" title=\"DAT instruments, JET 4000 AME - J, datalogger per jet grouting, monofluido, Francia\" alt=\"\" class=\"slider-260 slide-267\" \/><img loading=\"lazy\" decoding=\"async\" src=\"http:\/\/www.datinstruments.com\/es\/files\/2020\/06\/DAT-instruments-JET-4000-AME-J-datalogger-per-jet-grouting-trifluido-Singapore-1024x379.jpg\" height=\"400\" width=\"1080\" title=\"DAT instruments, JET 4000 AME - J, datalogger per jet grouting, trifluido, Singapore\" alt=\"\" class=\"slider-260 slide-268\" \/><\/div><\/div>\n        \n    <\/div>\n<\/div><\/div>\n\n\n\n<p><strong>Visualizaci<\/strong><strong>\u00f3<\/strong><strong>n<\/strong>, directamente a trav\u00e9s de la pantalla del datalogger, de los gr\u00e1ficos de los valores actuales y medios,<em> <\/em>en funci\u00f3n de la profundidad y informes de resumen.<\/p>\n\n\n\n<p><strong>Arranque autom\u00e1tico<\/strong> de la sonda al comienzo de la grabaci\u00f3n, <strong>bloqueo autom\u00e1tico <\/strong>al llegar a la profundidad establecida,&nbsp; <strong>gesti\u00f3n autom\u00e1tica <\/strong>del <strong>tiempo de step<\/strong> de la elevaci\u00f3n de la barra.<\/p>\n\n\n\n<p><strong>Reconocimiento autom\u00e1tico <\/strong>opcional del <strong>cambio de la barra<\/strong>, suspensi\u00f3n autom\u00e1tica de la inscripci\u00f3n.<\/p>\n\n\n\n<p><strong>Transferencia<\/strong> de datos al <strong>PC <\/strong>para archivar, procesar, exportar e imprimir informes detallados.<\/p>\n\n\n\n<p><strong>Medici<\/strong><strong>\u00f3<\/strong><strong>n<\/strong> y <strong>grabaci<\/strong><strong>\u00f3<\/strong><strong>n<\/strong>, a trav\u00e9s de los sensores adecuados, tanto durante el descenso que durante el ascenso de la barra, de los siguientes par\u00e1metros seleccionables:<\/p>\n\n\n\n<ul class=\"wp-block-list\"><li><strong>Profundidad del foro<\/strong> (JET DEPTH)<\/li><li><strong>Fuerza de empuje de la barra<\/strong> (JET FORCE)<\/li><li><strong>Velocidad traslaci\u00f3n de la barra<\/strong> (JET DEPTH)<\/li><li><strong>Par de rotaci\u00f3n de la barra<\/strong> (JET TORQ)<\/li><li><strong>Velocidad de rotaci\u00f3n de la barra<\/strong> (JET ROT)<\/li><li><strong>Inclinaci\u00f3n del mast, ejes X y Y <\/strong>(JET INCL XY)<\/li><li><strong>Presi\u00f3n y flujo del cemento<\/strong><\/li><li><strong>Presi\u00f3n y flujo del agua<\/strong><\/li><li><strong>Presi\u00f3n del aire<\/strong><\/li><li><strong>Tiempo de step<\/strong> de la elevaci\u00f3n de la barra<\/li><li><strong>Longitud<\/strong> de la <strong>columna<\/strong> inyectada<\/li><li><strong>Fecha y horario <\/strong>comienzo y final de trabajo, <strong>duraci\u00f3n<\/strong><\/li><li>C\u00e1lculo de la <strong>energ\u00eda<\/strong> relativa al suelo<\/li><li>Entrada por <strong>receptor GPS<\/strong><\/li><\/ul>\n\n\n\n<div class=\"wp-block-image\"><figure class=\"aligncenter size-full is-resized\"><img loading=\"lazy\" decoding=\"async\" src=\"http:\/\/www.datinstruments.com\/es\/files\/2020\/06\/Foglio-3JET-eng.jpg\" alt=\"Gr\u00e1fico Jet Grouting\" class=\"wp-image-303\" width=\"1000\" height=\"1400\" srcset=\"http:\/\/www.datinstruments.com\/es\/files\/2020\/06\/Foglio-3JET-eng.jpg 1000w, http:\/\/www.datinstruments.com\/es\/files\/2020\/06\/Foglio-3JET-eng-143x200.jpg 143w, http:\/\/www.datinstruments.com\/es\/files\/2020\/06\/Foglio-3JET-eng-550x770.jpg 550w, http:\/\/www.datinstruments.com\/es\/files\/2020\/06\/Foglio-3JET-eng-768x1075.jpg 768w, http:\/\/www.datinstruments.com\/es\/files\/2020\/06\/Foglio-3JET-eng-771x1080.jpg 771w, http:\/\/www.datinstruments.com\/es\/files\/2020\/06\/Foglio-3JET-eng-314x440.jpg 314w\" sizes=\"(max-width: 1000px) 100vw, 1000px\" \/><\/figure><\/div>\n\n\n\n<p>(Las automatizaciones, los accesorios y los sensores pueden modularse en funci\u00f3n del producto seleccionado y de las exigencias especificas del cliente)<\/p>\n","protected":false},"excerpt":{"rendered":"<p>La t\u00e9cnica del jet-grouting consinste en inyectar, bajo alta presi\u00f3n, una mezcla de cemento en el suelo. En el jet groutingbi-y-tri fluido, se a\u00f1adenaire y agua, as\u00ed que se puedan obtener pilotes de mayor di\u00e1metro diferentemente al caso del mono-fluido. Visualizaci\u00f3n, directamente a trav\u00e9s de la pantalla del datalogger, de los gr\u00e1ficos de los valores [&hellip;]<\/p>\n","protected":false},"author":1,"featured_media":0,"parent":0,"menu_order":0,"comment_status":"closed","ping_status":"closed","template":"","meta":{"footnotes":""},"class_list":["post-380","page","type-page","status-publish","hentry"],"yoast_head":"<!-- This site is optimized with the Yoast SEO plugin v24.8.1 - https:\/\/yoast.com\/wordpress\/plugins\/seo\/ -->\n<title>JET GROUTING - DAT instruments<\/title>\n<meta name=\"robots\" content=\"index, follow, max-snippet:-1, max-image-preview:large, max-video-preview:-1\" \/>\n<link rel=\"canonical\" href=\"https:\/\/www.datinstruments.com\/es\/jet-grouting\/\" \/>\n<meta property=\"og:locale\" content=\"es_ES\" \/>\n<meta property=\"og:type\" content=\"article\" \/>\n<meta property=\"og:title\" content=\"JET GROUTING - DAT instruments\" \/>\n<meta property=\"og:description\" content=\"La t\u00e9cnica del jet-grouting consinste en inyectar, bajo alta presi\u00f3n, una mezcla de cemento en el suelo. En el jet groutingbi-y-tri fluido, se a\u00f1adenaire y agua, as\u00ed que se puedan obtener pilotes de mayor di\u00e1metro diferentemente al caso del mono-fluido. Visualizaci\u00f3n, directamente a trav\u00e9s de la pantalla del datalogger, de los gr\u00e1ficos de los valores [&hellip;]\" \/>\n<meta property=\"og:url\" content=\"https:\/\/www.datinstruments.com\/es\/jet-grouting\/\" \/>\n<meta property=\"og:site_name\" content=\"DAT instruments\" \/>\n<meta property=\"article:publisher\" content=\"https:\/\/www.facebook.com\/datinstruments\" \/>\n<meta property=\"article:modified_time\" content=\"2020-08-07T09:19:29+00:00\" \/>\n<meta property=\"og:image\" content=\"http:\/\/www.datinstruments.com\/es\/files\/2019\/08\/DAT-instruments-JET-4000-AME-J-datalogger-para-Jet-grouting-MWD-LWD-CFA-DSM-Vibroflotacion.jpg\" \/>\n<meta name=\"twitter:card\" content=\"summary_large_image\" \/>\n<meta name=\"twitter:label1\" content=\"Tiempo de lectura\" \/>\n\t<meta name=\"twitter:data1\" content=\"1 minuto\" \/>\n<script type=\"application\/ld+json\" class=\"yoast-schema-graph\">{\"@context\":\"https:\/\/schema.org\",\"@graph\":[{\"@type\":\"WebPage\",\"@id\":\"https:\/\/www.datinstruments.com\/es\/jet-grouting\/\",\"url\":\"https:\/\/www.datinstruments.com\/es\/jet-grouting\/\",\"name\":\"JET GROUTING - DAT instruments\",\"isPartOf\":{\"@id\":\"https:\/\/www.datinstruments.com\/es\/#website\"},\"primaryImageOfPage\":{\"@id\":\"https:\/\/www.datinstruments.com\/es\/jet-grouting\/#primaryimage\"},\"image\":{\"@id\":\"https:\/\/www.datinstruments.com\/es\/jet-grouting\/#primaryimage\"},\"thumbnailUrl\":\"http:\/\/www.datinstruments.com\/es\/files\/2019\/08\/DAT-instruments-JET-4000-AME-J-datalogger-para-Jet-grouting-MWD-LWD-CFA-DSM-Vibroflotacion.jpg\",\"datePublished\":\"2020-08-05T12:15:07+00:00\",\"dateModified\":\"2020-08-07T09:19:29+00:00\",\"breadcrumb\":{\"@id\":\"https:\/\/www.datinstruments.com\/es\/jet-grouting\/#breadcrumb\"},\"inLanguage\":\"es\",\"potentialAction\":[{\"@type\":\"ReadAction\",\"target\":[\"https:\/\/www.datinstruments.com\/es\/jet-grouting\/\"]}]},{\"@type\":\"ImageObject\",\"inLanguage\":\"es\",\"@id\":\"https:\/\/www.datinstruments.com\/es\/jet-grouting\/#primaryimage\",\"url\":\"http:\/\/www.datinstruments.com\/es\/files\/2019\/08\/DAT-instruments-JET-4000-AME-J-datalogger-para-Jet-grouting-MWD-LWD-CFA-DSM-Vibroflotacion.jpg\",\"contentUrl\":\"http:\/\/www.datinstruments.com\/es\/files\/2019\/08\/DAT-instruments-JET-4000-AME-J-datalogger-para-Jet-grouting-MWD-LWD-CFA-DSM-Vibroflotacion.jpg\",\"width\":1600,\"height\":888,\"caption\":\"DAT instruments, JET 4000 AME \/ J, datalogger para Jet grouting, Perforaci\u00f3nes, MWD, LWD, CFA, Deep mixing, Soil mixing, Vibroflotaci\u00f3n\"},{\"@type\":\"BreadcrumbList\",\"@id\":\"https:\/\/www.datinstruments.com\/es\/jet-grouting\/#breadcrumb\",\"itemListElement\":[{\"@type\":\"ListItem\",\"position\":1,\"name\":\"Home\",\"item\":\"https:\/\/www.datinstruments.com\/es\/\"},{\"@type\":\"ListItem\",\"position\":2,\"name\":\"JET GROUTING\"}]},{\"@type\":\"WebSite\",\"@id\":\"https:\/\/www.datinstruments.com\/es\/#website\",\"url\":\"https:\/\/www.datinstruments.com\/es\/\",\"name\":\"DAT instruments\",\"description\":\"Datalogger para: Jet grouting \u2013 Inyecciones de cemento \u2013 GIN \u2013 TAM Grouting \u2013 Compensation grouting \u2013 Perforaci\u00f3nes \u2013 MWD \u2013 LWD \u2013 Pilote con barrena continua CFA \u2013 Deep mixing \u2013 Soil mixing \u2013 Mezcla profunda de suelos DSM \u2013 Vibroflotaci\u00f3n \u2013 Sand Compaction Piles \u2013 Excavaci\u00f3n de diafragmas \u2013 Hidrofresas \u2013 Pruebas Lugeon \u2013 Indagenes Geognosticas\",\"publisher\":{\"@id\":\"https:\/\/www.datinstruments.com\/es\/#organization\"},\"potentialAction\":[{\"@type\":\"SearchAction\",\"target\":{\"@type\":\"EntryPoint\",\"urlTemplate\":\"https:\/\/www.datinstruments.com\/es\/?s={search_term_string}\"},\"query-input\":{\"@type\":\"PropertyValueSpecification\",\"valueRequired\":true,\"valueName\":\"search_term_string\"}}],\"inLanguage\":\"es\"},{\"@type\":\"Organization\",\"@id\":\"https:\/\/www.datinstruments.com\/es\/#organization\",\"name\":\"DAT instruments\",\"url\":\"https:\/\/www.datinstruments.com\/es\/\",\"logo\":{\"@type\":\"ImageObject\",\"inLanguage\":\"es\",\"@id\":\"https:\/\/www.datinstruments.com\/es\/#\/schema\/logo\/image\/\",\"url\":\"https:\/\/www.datinstruments.com\/es\/files\/2019\/08\/cropped-cropped-Favicon21.jpg\",\"contentUrl\":\"https:\/\/www.datinstruments.com\/es\/files\/2019\/08\/cropped-cropped-Favicon21.jpg\",\"width\":512,\"height\":512,\"caption\":\"DAT instruments\"},\"image\":{\"@id\":\"https:\/\/www.datinstruments.com\/es\/#\/schema\/logo\/image\/\"},\"sameAs\":[\"https:\/\/www.facebook.com\/datinstruments\"]}]}<\/script>\n<!-- \/ Yoast SEO plugin. -->","yoast_head_json":{"title":"JET GROUTING - DAT instruments","robots":{"index":"index","follow":"follow","max-snippet":"max-snippet:-1","max-image-preview":"max-image-preview:large","max-video-preview":"max-video-preview:-1"},"canonical":"https:\/\/www.datinstruments.com\/es\/jet-grouting\/","og_locale":"es_ES","og_type":"article","og_title":"JET GROUTING - DAT instruments","og_description":"La t\u00e9cnica del jet-grouting consinste en inyectar, bajo alta presi\u00f3n, una mezcla de cemento en el suelo. En el jet groutingbi-y-tri fluido, se a\u00f1adenaire y agua, as\u00ed que se puedan obtener pilotes de mayor di\u00e1metro diferentemente al caso del mono-fluido. Visualizaci\u00f3n, directamente a trav\u00e9s de la pantalla del datalogger, de los gr\u00e1ficos de los valores [&hellip;]","og_url":"https:\/\/www.datinstruments.com\/es\/jet-grouting\/","og_site_name":"DAT instruments","article_publisher":"https:\/\/www.facebook.com\/datinstruments","article_modified_time":"2020-08-07T09:19:29+00:00","og_image":[{"url":"http:\/\/www.datinstruments.com\/es\/files\/2019\/08\/DAT-instruments-JET-4000-AME-J-datalogger-para-Jet-grouting-MWD-LWD-CFA-DSM-Vibroflotacion.jpg","type":"","width":"","height":""}],"twitter_card":"summary_large_image","twitter_misc":{"Tiempo de lectura":"1 minuto"},"schema":{"@context":"https:\/\/schema.org","@graph":[{"@type":"WebPage","@id":"https:\/\/www.datinstruments.com\/es\/jet-grouting\/","url":"https:\/\/www.datinstruments.com\/es\/jet-grouting\/","name":"JET GROUTING - DAT instruments","isPartOf":{"@id":"https:\/\/www.datinstruments.com\/es\/#website"},"primaryImageOfPage":{"@id":"https:\/\/www.datinstruments.com\/es\/jet-grouting\/#primaryimage"},"image":{"@id":"https:\/\/www.datinstruments.com\/es\/jet-grouting\/#primaryimage"},"thumbnailUrl":"http:\/\/www.datinstruments.com\/es\/files\/2019\/08\/DAT-instruments-JET-4000-AME-J-datalogger-para-Jet-grouting-MWD-LWD-CFA-DSM-Vibroflotacion.jpg","datePublished":"2020-08-05T12:15:07+00:00","dateModified":"2020-08-07T09:19:29+00:00","breadcrumb":{"@id":"https:\/\/www.datinstruments.com\/es\/jet-grouting\/#breadcrumb"},"inLanguage":"es","potentialAction":[{"@type":"ReadAction","target":["https:\/\/www.datinstruments.com\/es\/jet-grouting\/"]}]},{"@type":"ImageObject","inLanguage":"es","@id":"https:\/\/www.datinstruments.com\/es\/jet-grouting\/#primaryimage","url":"http:\/\/www.datinstruments.com\/es\/files\/2019\/08\/DAT-instruments-JET-4000-AME-J-datalogger-para-Jet-grouting-MWD-LWD-CFA-DSM-Vibroflotacion.jpg","contentUrl":"http:\/\/www.datinstruments.com\/es\/files\/2019\/08\/DAT-instruments-JET-4000-AME-J-datalogger-para-Jet-grouting-MWD-LWD-CFA-DSM-Vibroflotacion.jpg","width":1600,"height":888,"caption":"DAT instruments, JET 4000 AME \/ J, datalogger para Jet grouting, Perforaci\u00f3nes, MWD, LWD, CFA, Deep mixing, Soil mixing, Vibroflotaci\u00f3n"},{"@type":"BreadcrumbList","@id":"https:\/\/www.datinstruments.com\/es\/jet-grouting\/#breadcrumb","itemListElement":[{"@type":"ListItem","position":1,"name":"Home","item":"https:\/\/www.datinstruments.com\/es\/"},{"@type":"ListItem","position":2,"name":"JET GROUTING"}]},{"@type":"WebSite","@id":"https:\/\/www.datinstruments.com\/es\/#website","url":"https:\/\/www.datinstruments.com\/es\/","name":"DAT instruments","description":"Datalogger para: Jet grouting \u2013 Inyecciones de cemento \u2013 GIN \u2013 TAM Grouting \u2013 Compensation grouting \u2013 Perforaci\u00f3nes \u2013 MWD \u2013 LWD \u2013 Pilote con barrena continua CFA \u2013 Deep mixing \u2013 Soil mixing \u2013 Mezcla profunda de suelos DSM \u2013 Vibroflotaci\u00f3n \u2013 Sand Compaction Piles \u2013 Excavaci\u00f3n de diafragmas \u2013 Hidrofresas \u2013 Pruebas Lugeon \u2013 Indagenes Geognosticas","publisher":{"@id":"https:\/\/www.datinstruments.com\/es\/#organization"},"potentialAction":[{"@type":"SearchAction","target":{"@type":"EntryPoint","urlTemplate":"https:\/\/www.datinstruments.com\/es\/?s={search_term_string}"},"query-input":{"@type":"PropertyValueSpecification","valueRequired":true,"valueName":"search_term_string"}}],"inLanguage":"es"},{"@type":"Organization","@id":"https:\/\/www.datinstruments.com\/es\/#organization","name":"DAT instruments","url":"https:\/\/www.datinstruments.com\/es\/","logo":{"@type":"ImageObject","inLanguage":"es","@id":"https:\/\/www.datinstruments.com\/es\/#\/schema\/logo\/image\/","url":"https:\/\/www.datinstruments.com\/es\/files\/2019\/08\/cropped-cropped-Favicon21.jpg","contentUrl":"https:\/\/www.datinstruments.com\/es\/files\/2019\/08\/cropped-cropped-Favicon21.jpg","width":512,"height":512,"caption":"DAT instruments"},"image":{"@id":"https:\/\/www.datinstruments.com\/es\/#\/schema\/logo\/image\/"},"sameAs":["https:\/\/www.facebook.com\/datinstruments"]}]}},"_links":{"self":[{"href":"http:\/\/www.datinstruments.com\/es\/wp-json\/wp\/v2\/pages\/380","targetHints":{"allow":["GET"]}}],"collection":[{"href":"http:\/\/www.datinstruments.com\/es\/wp-json\/wp\/v2\/pages"}],"about":[{"href":"http:\/\/www.datinstruments.com\/es\/wp-json\/wp\/v2\/types\/page"}],"author":[{"embeddable":true,"href":"http:\/\/www.datinstruments.com\/es\/wp-json\/wp\/v2\/users\/1"}],"replies":[{"embeddable":true,"href":"http:\/\/www.datinstruments.com\/es\/wp-json\/wp\/v2\/comments?post=380"}],"version-history":[{"count":0,"href":"http:\/\/www.datinstruments.com\/es\/wp-json\/wp\/v2\/pages\/380\/revisions"}],"wp:attachment":[{"href":"http:\/\/www.datinstruments.com\/es\/wp-json\/wp\/v2\/media?parent=380"}],"curies":[{"name":"wp","href":"https:\/\/api.w.org\/{rel}","templated":true}]}}