{"id":378,"date":"2020-08-05T14:11:37","date_gmt":"2020-08-05T12:11:37","guid":{"rendered":"http:\/\/www.datinstruments.com\/es\/?page_id=378"},"modified":"2020-12-24T17:00:04","modified_gmt":"2020-12-24T16:00:04","slug":"perforaciones-mwd-lwd","status":"publish","type":"page","link":"http:\/\/www.datinstruments.com\/es\/perforaciones-mwd-lwd\/","title":{"rendered":"PERFORACIONES, MWD, LWD"},"content":{"rendered":"\n<p>A trav\u00e9s de la medici\u00f3n en tiempo real de los par\u00e1metros de perforaci\u00f3n, es posible deducirlas caracter\u00edsticas geomec\u00e1nicas del suelo. En particular, el diagraphy que se obtiene en funci\u00f3n de la profundidad, destaca las dimensiones de los distintos niveles estratigr\u00e1ficos del suelo. <\/p>\n\n\n\n<div class=\"wp-block-image\"><figure class=\"aligncenter size-large\"><img fetchpriority=\"high\" decoding=\"async\" width=\"1080\" height=\"675\" src=\"http:\/\/www.datinstruments.com\/es\/files\/2019\/08\/DAT-instruments-DAT-WideLog-datalogger-para-perforaciones-horizontales-1080x675.jpg\" alt=\"DAT instruments DAT WideLog datalogger para perforaci\u00f3nes horizontales\" class=\"wp-image-36\" srcset=\"http:\/\/www.datinstruments.com\/es\/files\/2019\/08\/DAT-instruments-DAT-WideLog-datalogger-para-perforaciones-horizontales-1080x675.jpg 1080w, http:\/\/www.datinstruments.com\/es\/files\/2019\/08\/DAT-instruments-DAT-WideLog-datalogger-para-perforaciones-horizontales-770x481.jpg 770w, http:\/\/www.datinstruments.com\/es\/files\/2019\/08\/DAT-instruments-DAT-WideLog-datalogger-para-perforaciones-horizontales-200x125.jpg 200w, http:\/\/www.datinstruments.com\/es\/files\/2019\/08\/DAT-instruments-DAT-WideLog-datalogger-para-perforaciones-horizontales-768x480.jpg 768w, http:\/\/www.datinstruments.com\/es\/files\/2019\/08\/DAT-instruments-DAT-WideLog-datalogger-para-perforaciones-horizontales-1536x960.jpg 1536w, http:\/\/www.datinstruments.com\/es\/files\/2019\/08\/DAT-instruments-DAT-WideLog-datalogger-para-perforaciones-horizontales-436x272.jpg 436w, http:\/\/www.datinstruments.com\/es\/files\/2019\/08\/DAT-instruments-DAT-WideLog-datalogger-para-perforaciones-horizontales-440x275.jpg 440w, http:\/\/www.datinstruments.com\/es\/files\/2019\/08\/DAT-instruments-DAT-WideLog-datalogger-para-perforaciones-horizontales.jpg 1600w\" sizes=\"(max-width: 1080px) 100vw, 1080px\" \/><\/figure><\/div>\n\n\n\n<figure class=\"wp-block-image size-large\"><img decoding=\"async\" width=\"1080\" height=\"575\" src=\"http:\/\/www.datinstruments.com\/es\/files\/2019\/09\/DAT-instruments-DAT-TinyLog-datalogger-para-Perforaciones-MWD-LWD-CFA-Deep-mixing-Soil-mixing-Vibroflotacion-1080x575.jpg\" alt=\"DAT instruments, DAT TinyLog, datalogger para Perforaci\u00f3nes, DAC test, CFA, Deep mixing, Soil mixing, Vibroflotaci\u00f3n\" class=\"wp-image-110\" srcset=\"http:\/\/www.datinstruments.com\/es\/files\/2019\/09\/DAT-instruments-DAT-TinyLog-datalogger-para-Perforaciones-MWD-LWD-CFA-Deep-mixing-Soil-mixing-Vibroflotacion-1080x575.jpg 1080w, http:\/\/www.datinstruments.com\/es\/files\/2019\/09\/DAT-instruments-DAT-TinyLog-datalogger-para-Perforaciones-MWD-LWD-CFA-Deep-mixing-Soil-mixing-Vibroflotacion-770x410.jpg 770w, http:\/\/www.datinstruments.com\/es\/files\/2019\/09\/DAT-instruments-DAT-TinyLog-datalogger-para-Perforaciones-MWD-LWD-CFA-Deep-mixing-Soil-mixing-Vibroflotacion-200x107.jpg 200w, http:\/\/www.datinstruments.com\/es\/files\/2019\/09\/DAT-instruments-DAT-TinyLog-datalogger-para-Perforaciones-MWD-LWD-CFA-Deep-mixing-Soil-mixing-Vibroflotacion-768x409.jpg 768w, http:\/\/www.datinstruments.com\/es\/files\/2019\/09\/DAT-instruments-DAT-TinyLog-datalogger-para-Perforaciones-MWD-LWD-CFA-Deep-mixing-Soil-mixing-Vibroflotacion-1536x818.jpg 1536w, http:\/\/www.datinstruments.com\/es\/files\/2019\/09\/DAT-instruments-DAT-TinyLog-datalogger-para-Perforaciones-MWD-LWD-CFA-Deep-mixing-Soil-mixing-Vibroflotacion-440x234.jpg 440w, http:\/\/www.datinstruments.com\/es\/files\/2019\/09\/DAT-instruments-DAT-TinyLog-datalogger-para-Perforaciones-MWD-LWD-CFA-Deep-mixing-Soil-mixing-Vibroflotacion.jpg 1600w\" sizes=\"(max-width: 1080px) 100vw, 1080px\" \/><\/figure>\n\n\n\n<p><strong>Visualizaci\u00f3n<\/strong>, directamente a trav\u00e9s de la pantalla del datalogger, de los gr\u00e1ficos de los valores actuales y medios,en funci\u00f3n de la profundidad y de los informes de resumen.<\/p>\n\n\n\n<p><strong>Arranque autom\u00e1tico<\/strong> de la sonda al comienzo de la grabaci\u00f3n, <strong>bloqueo autom\u00e1tico <\/strong>al llegar a la profundidad establecida.&nbsp;&nbsp;&nbsp;&nbsp;&nbsp;&nbsp;&nbsp;<\/p>\n\n\n\n<div class=\"wp-block-image\"><figure class=\"aligncenter size-large is-resized\"><img decoding=\"async\" src=\"http:\/\/www.datinstruments.com\/es\/files\/2019\/08\/DAT-instruments-JET-4000-AME-J-datalogger-para-Jet-grouting-MWD-LWD-CFA-DSM-Vibroflotacion.jpg\" alt=\"DAT instruments, JET 4000 AME - J, datalogger para Jet grouting, Perforaci\u00f3nes, DAC test, CFA, Deep mixing, Soil mixing, Vibroflotaci\u00f3n\" class=\"wp-image-38\" width=\"295\" height=\"220\"\/><\/figure><\/div>\n\n\n\n<div class=\"wp-block-image\"><figure class=\"aligncenter size-large is-resized\"><img loading=\"lazy\" decoding=\"async\" src=\"http:\/\/www.datinstruments.com\/es\/files\/2019\/08\/DAT-instruments-JET-SDP-IB-datalogger-para-Perforaciones-MWD-LWD.jpg\" alt=\"DAT instruments, JET SDP - IB, datalogger para Perforaci\u00f3nes, DAC test\" class=\"wp-image-42\" width=\"213\" height=\"159\"\/><\/figure><\/div>\n\n\n\n<p><strong>Reconocimiento autom\u00e1tico <\/strong>opcional del <strong>cambio de la barra<\/strong>, suspensi\u00f3n autom\u00e1tica de la inscripci\u00f3n.<\/p>\n\n\n\n<p><strong>Transferencia<\/strong> de datos al <strong>PC <\/strong>para archivar, procesar, exportar e imprimir informes detallados.<\/p>\n\n\n\n<div class=\"alignnormal\"><div id=\"metaslider-id-333\" style=\"width: 100%; margin: 0 auto;\" class=\"ml-slider-3-97-0 metaslider metaslider-nivo metaslider-333 ml-slider ms-theme-default\" role=\"region\" aria-roledescription=\"Slideshow\" aria-label=\"PERFORACIONES DAC TEST\" data-width=\"1080\">\n    <div id=\"metaslider_container_333\">\n        <div class='slider-wrapper theme-default'><div class='ribbon'><\/div><div id='metaslider_333' class='nivoSlider'><img loading=\"lazy\" decoding=\"async\" src=\"http:\/\/www.datinstruments.com\/es\/files\/2020\/06\/DAT-instruments-JET-4000-AME-J-datalogger-per-DAC-test-Francia-1024x379.jpg\" height=\"400\" width=\"1080\" title=\"DAT instruments, JET 4000 AME - J, datalogger per DAC test, Francia\" alt=\"PERFORACIONES DAC TEST\" class=\"slider-333 slide-339\" \/><img loading=\"lazy\" decoding=\"async\" src=\"http:\/\/www.datinstruments.com\/es\/files\/2020\/06\/DAT-instruments-JET-4000-AME-J-datalogger-per-DAC-test-Tunisia-1024x379.jpg\" height=\"400\" width=\"1080\" title=\"DAT instruments, JET 4000 AME - J, datalogger per DAC test, Tunisia\" alt=\"\" class=\"slider-333 slide-340\" \/><img loading=\"lazy\" decoding=\"async\" src=\"http:\/\/www.datinstruments.com\/es\/files\/2020\/06\/DAT-instruments-JET-4000-AME-J-datalogger-per-perforazioni-orizzontali-Italia-1000x370.jpg\" height=\"400\" width=\"1080\" title=\"DAT instruments, JET 4000 AME - J, datalogger per perforazioni orizzontali, Italia\" alt=\"\" class=\"slider-333 slide-341\" \/><img loading=\"lazy\" decoding=\"async\" src=\"http:\/\/www.datinstruments.com\/es\/files\/2020\/06\/DAT-instruments-JET-4000-AME-J-datalogger-per-perforazioni-Croazia-1024x379.jpg\" height=\"400\" width=\"1080\" title=\"DAT instruments, JET 4000 AME - J, datalogger per perforazioni, Croazia\" alt=\"\" class=\"slider-333 slide-342\" \/><img loading=\"lazy\" decoding=\"async\" src=\"http:\/\/www.datinstruments.com\/es\/files\/2020\/06\/DAT-instruments-JET-4000-AME-J-datalogger-per-perforazioni-Egitto-1024x379.jpg\" height=\"400\" width=\"1080\" title=\"DAT instruments, JET 4000 AME - J, datalogger per perforazioni, Egitto\" alt=\"\" class=\"slider-333 slide-343\" \/><\/div><\/div>\n        \n    <\/div>\n<\/div><\/div>\n\n\n\n<ul class=\"wp-block-list\"><li><strong>Profundidad del foro<\/strong> (JET DEPTH)<\/li><li><strong>Fuerza de empuje de la barra<\/strong> (JET FORCE)<\/li><li><strong>Velocidad traslaci\u00f3n de la barra<\/strong> (JET DEPTH)<\/li><li><strong>Par de rotaci\u00f3n de la barra<\/strong> (JET TORQ)<\/li><li><strong>Velocidad de rotaci\u00f3n de la barra<\/strong> (JET ROT)<\/li><li><strong>Inclinaci\u00f3n del mast, ejes X y Y <\/strong>(JET INCL XY)<\/li><li><strong>Presi\u00f3n del fluido de perforaci\u00f3n<\/strong> (JET PRESS)<\/li><li><strong>Flujo y Volumen del fluido<\/strong> (JET FLOW)<\/li><li><strong>Fecha y horario <\/strong>comienzo y final de trabajo, <strong>duraci\u00f3n<\/strong><\/li><li>C\u00e1lculo de la <strong>energ\u00eda<\/strong> relativa al suelo.<\/li><li>Entrada por <strong>receptor GPS<\/strong><\/li><\/ul>\n\n\n\n<div class=\"wp-block-image\"><figure class=\"aligncenter size-full is-resized\"><img loading=\"lazy\" decoding=\"async\" src=\"http:\/\/www.datinstruments.com\/es\/files\/2020\/06\/Foglio-drill-nuovo.jpg\" alt=\"Gr\u00e1fico perforaci\u00f3n\" class=\"wp-image-344\" width=\"782\" height=\"1094\" srcset=\"http:\/\/www.datinstruments.com\/es\/files\/2020\/06\/Foglio-drill-nuovo.jpg 782w, http:\/\/www.datinstruments.com\/es\/files\/2020\/06\/Foglio-drill-nuovo-143x200.jpg 143w, http:\/\/www.datinstruments.com\/es\/files\/2020\/06\/Foglio-drill-nuovo-550x770.jpg 550w, http:\/\/www.datinstruments.com\/es\/files\/2020\/06\/Foglio-drill-nuovo-768x1074.jpg 768w, http:\/\/www.datinstruments.com\/es\/files\/2020\/06\/Foglio-drill-nuovo-772x1080.jpg 772w, http:\/\/www.datinstruments.com\/es\/files\/2020\/06\/Foglio-drill-nuovo-315x440.jpg 315w\" sizes=\"(max-width: 782px) 100vw, 782px\" \/><\/figure><\/div>\n\n\n\n<div class=\"wp-block-image\"><figure class=\"aligncenter size-full is-resized\"><img loading=\"lazy\" decoding=\"async\" src=\"http:\/\/www.datinstruments.com\/es\/files\/2020\/06\/Perforazione.jpg\" alt=\"EasyDAT Perforaci\u00f3n\" class=\"wp-image-345\" width=\"888\" height=\"722\" srcset=\"http:\/\/www.datinstruments.com\/es\/files\/2020\/06\/Perforazione.jpg 888w, http:\/\/www.datinstruments.com\/es\/files\/2020\/06\/Perforazione-200x163.jpg 200w, http:\/\/www.datinstruments.com\/es\/files\/2020\/06\/Perforazione-770x626.jpg 770w, http:\/\/www.datinstruments.com\/es\/files\/2020\/06\/Perforazione-768x624.jpg 768w, http:\/\/www.datinstruments.com\/es\/files\/2020\/06\/Perforazione-440x358.jpg 440w\" sizes=\"(max-width: 888px) 100vw, 888px\" \/><\/figure><\/div>\n\n\n\n<p>(Las automatizaciones, los accesorios y los sensores pueden modularse en funci\u00f3n del producto seleccionado y de las exigencias especificas del cliente)<\/p>\n","protected":false},"excerpt":{"rendered":"<p>A trav\u00e9s de la medici\u00f3n en tiempo real de los par\u00e1metros de perforaci\u00f3n, es posible deducirlas caracter\u00edsticas geomec\u00e1nicas del suelo. En particular, el diagraphy que se obtiene en funci\u00f3n de la profundidad, destaca las dimensiones de los distintos niveles estratigr\u00e1ficos del suelo. Visualizaci\u00f3n, directamente a trav\u00e9s de la pantalla del datalogger, de los gr\u00e1ficos de [&hellip;]<\/p>\n","protected":false},"author":1,"featured_media":0,"parent":0,"menu_order":0,"comment_status":"closed","ping_status":"closed","template":"","meta":{"footnotes":""},"class_list":["post-378","page","type-page","status-publish","hentry"],"yoast_head":"<!-- This site is optimized with the Yoast SEO plugin v24.8.1 - https:\/\/yoast.com\/wordpress\/plugins\/seo\/ -->\n<title>PERFORACIONES, MWD, LWD - DAT instruments<\/title>\n<meta name=\"robots\" content=\"index, follow, max-snippet:-1, max-image-preview:large, max-video-preview:-1\" \/>\n<link rel=\"canonical\" href=\"http:\/\/www.datinstruments.com\/es\/perforaciones-mwd-lwd\/\" \/>\n<meta property=\"og:locale\" content=\"es_ES\" \/>\n<meta property=\"og:type\" content=\"article\" \/>\n<meta property=\"og:title\" content=\"PERFORACIONES, MWD, LWD - DAT instruments\" \/>\n<meta property=\"og:description\" content=\"A trav\u00e9s de la medici\u00f3n en tiempo real de los par\u00e1metros de perforaci\u00f3n, es posible deducirlas caracter\u00edsticas geomec\u00e1nicas del suelo. En particular, el diagraphy que se obtiene en funci\u00f3n de la profundidad, destaca las dimensiones de los distintos niveles estratigr\u00e1ficos del suelo. Visualizaci\u00f3n, directamente a trav\u00e9s de la pantalla del datalogger, de los gr\u00e1ficos de [&hellip;]\" \/>\n<meta property=\"og:url\" content=\"http:\/\/www.datinstruments.com\/es\/perforaciones-mwd-lwd\/\" \/>\n<meta property=\"og:site_name\" content=\"DAT instruments\" \/>\n<meta property=\"article:publisher\" content=\"https:\/\/www.facebook.com\/datinstruments\" \/>\n<meta property=\"article:modified_time\" content=\"2020-12-24T16:00:04+00:00\" \/>\n<meta property=\"og:image\" content=\"http:\/\/www.datinstruments.com\/es\/files\/2019\/08\/DAT-instruments-DAT-WideLog-datalogger-para-perforaciones-horizontales-1080x675.jpg\" \/>\n<meta name=\"twitter:card\" content=\"summary_large_image\" \/>\n<meta name=\"twitter:label1\" content=\"Tiempo de lectura\" \/>\n\t<meta name=\"twitter:data1\" content=\"1 minuto\" \/>\n<script type=\"application\/ld+json\" class=\"yoast-schema-graph\">{\"@context\":\"https:\/\/schema.org\",\"@graph\":[{\"@type\":\"WebPage\",\"@id\":\"http:\/\/www.datinstruments.com\/es\/perforaciones-mwd-lwd\/\",\"url\":\"http:\/\/www.datinstruments.com\/es\/perforaciones-mwd-lwd\/\",\"name\":\"PERFORACIONES, MWD, LWD - DAT instruments\",\"isPartOf\":{\"@id\":\"https:\/\/www.datinstruments.com\/es\/#website\"},\"primaryImageOfPage\":{\"@id\":\"http:\/\/www.datinstruments.com\/es\/perforaciones-mwd-lwd\/#primaryimage\"},\"image\":{\"@id\":\"http:\/\/www.datinstruments.com\/es\/perforaciones-mwd-lwd\/#primaryimage\"},\"thumbnailUrl\":\"http:\/\/www.datinstruments.com\/es\/files\/2019\/08\/DAT-instruments-DAT-WideLog-datalogger-para-perforaciones-horizontales-1080x675.jpg\",\"datePublished\":\"2020-08-05T12:11:37+00:00\",\"dateModified\":\"2020-12-24T16:00:04+00:00\",\"breadcrumb\":{\"@id\":\"http:\/\/www.datinstruments.com\/es\/perforaciones-mwd-lwd\/#breadcrumb\"},\"inLanguage\":\"es\",\"potentialAction\":[{\"@type\":\"ReadAction\",\"target\":[\"http:\/\/www.datinstruments.com\/es\/perforaciones-mwd-lwd\/\"]}]},{\"@type\":\"ImageObject\",\"inLanguage\":\"es\",\"@id\":\"http:\/\/www.datinstruments.com\/es\/perforaciones-mwd-lwd\/#primaryimage\",\"url\":\"http:\/\/www.datinstruments.com\/es\/files\/2019\/08\/DAT-instruments-DAT-WideLog-datalogger-para-perforaciones-horizontales.jpg\",\"contentUrl\":\"http:\/\/www.datinstruments.com\/es\/files\/2019\/08\/DAT-instruments-DAT-WideLog-datalogger-para-perforaciones-horizontales.jpg\",\"width\":1600,\"height\":1000,\"caption\":\"DAT instruments, DAT WideLog, datalogger para perforaci\u00f3nes horizontales\"},{\"@type\":\"BreadcrumbList\",\"@id\":\"http:\/\/www.datinstruments.com\/es\/perforaciones-mwd-lwd\/#breadcrumb\",\"itemListElement\":[{\"@type\":\"ListItem\",\"position\":1,\"name\":\"Home\",\"item\":\"https:\/\/www.datinstruments.com\/es\/\"},{\"@type\":\"ListItem\",\"position\":2,\"name\":\"PERFORACIONES, MWD, LWD\"}]},{\"@type\":\"WebSite\",\"@id\":\"https:\/\/www.datinstruments.com\/es\/#website\",\"url\":\"https:\/\/www.datinstruments.com\/es\/\",\"name\":\"DAT instruments\",\"description\":\"Datalogger para: Jet grouting \u2013 Inyecciones de cemento \u2013 GIN \u2013 TAM Grouting \u2013 Compensation grouting \u2013 Perforaci\u00f3nes \u2013 MWD \u2013 LWD \u2013 Pilote con barrena continua CFA \u2013 Deep mixing \u2013 Soil mixing \u2013 Mezcla profunda de suelos DSM \u2013 Vibroflotaci\u00f3n \u2013 Sand Compaction Piles \u2013 Excavaci\u00f3n de diafragmas \u2013 Hidrofresas \u2013 Pruebas Lugeon \u2013 Indagenes Geognosticas\",\"publisher\":{\"@id\":\"https:\/\/www.datinstruments.com\/es\/#organization\"},\"potentialAction\":[{\"@type\":\"SearchAction\",\"target\":{\"@type\":\"EntryPoint\",\"urlTemplate\":\"https:\/\/www.datinstruments.com\/es\/?s={search_term_string}\"},\"query-input\":{\"@type\":\"PropertyValueSpecification\",\"valueRequired\":true,\"valueName\":\"search_term_string\"}}],\"inLanguage\":\"es\"},{\"@type\":\"Organization\",\"@id\":\"https:\/\/www.datinstruments.com\/es\/#organization\",\"name\":\"DAT instruments\",\"url\":\"https:\/\/www.datinstruments.com\/es\/\",\"logo\":{\"@type\":\"ImageObject\",\"inLanguage\":\"es\",\"@id\":\"https:\/\/www.datinstruments.com\/es\/#\/schema\/logo\/image\/\",\"url\":\"https:\/\/www.datinstruments.com\/es\/files\/2019\/08\/cropped-cropped-Favicon21.jpg\",\"contentUrl\":\"https:\/\/www.datinstruments.com\/es\/files\/2019\/08\/cropped-cropped-Favicon21.jpg\",\"width\":512,\"height\":512,\"caption\":\"DAT instruments\"},\"image\":{\"@id\":\"https:\/\/www.datinstruments.com\/es\/#\/schema\/logo\/image\/\"},\"sameAs\":[\"https:\/\/www.facebook.com\/datinstruments\"]}]}<\/script>\n<!-- \/ Yoast SEO plugin. -->","yoast_head_json":{"title":"PERFORACIONES, MWD, LWD - DAT instruments","robots":{"index":"index","follow":"follow","max-snippet":"max-snippet:-1","max-image-preview":"max-image-preview:large","max-video-preview":"max-video-preview:-1"},"canonical":"http:\/\/www.datinstruments.com\/es\/perforaciones-mwd-lwd\/","og_locale":"es_ES","og_type":"article","og_title":"PERFORACIONES, MWD, LWD - DAT instruments","og_description":"A trav\u00e9s de la medici\u00f3n en tiempo real de los par\u00e1metros de perforaci\u00f3n, es posible deducirlas caracter\u00edsticas geomec\u00e1nicas del suelo. En particular, el diagraphy que se obtiene en funci\u00f3n de la profundidad, destaca las dimensiones de los distintos niveles estratigr\u00e1ficos del suelo. Visualizaci\u00f3n, directamente a trav\u00e9s de la pantalla del datalogger, de los gr\u00e1ficos de [&hellip;]","og_url":"http:\/\/www.datinstruments.com\/es\/perforaciones-mwd-lwd\/","og_site_name":"DAT instruments","article_publisher":"https:\/\/www.facebook.com\/datinstruments","article_modified_time":"2020-12-24T16:00:04+00:00","og_image":[{"url":"http:\/\/www.datinstruments.com\/es\/files\/2019\/08\/DAT-instruments-DAT-WideLog-datalogger-para-perforaciones-horizontales-1080x675.jpg","type":"","width":"","height":""}],"twitter_card":"summary_large_image","twitter_misc":{"Tiempo de lectura":"1 minuto"},"schema":{"@context":"https:\/\/schema.org","@graph":[{"@type":"WebPage","@id":"http:\/\/www.datinstruments.com\/es\/perforaciones-mwd-lwd\/","url":"http:\/\/www.datinstruments.com\/es\/perforaciones-mwd-lwd\/","name":"PERFORACIONES, MWD, LWD - DAT instruments","isPartOf":{"@id":"https:\/\/www.datinstruments.com\/es\/#website"},"primaryImageOfPage":{"@id":"http:\/\/www.datinstruments.com\/es\/perforaciones-mwd-lwd\/#primaryimage"},"image":{"@id":"http:\/\/www.datinstruments.com\/es\/perforaciones-mwd-lwd\/#primaryimage"},"thumbnailUrl":"http:\/\/www.datinstruments.com\/es\/files\/2019\/08\/DAT-instruments-DAT-WideLog-datalogger-para-perforaciones-horizontales-1080x675.jpg","datePublished":"2020-08-05T12:11:37+00:00","dateModified":"2020-12-24T16:00:04+00:00","breadcrumb":{"@id":"http:\/\/www.datinstruments.com\/es\/perforaciones-mwd-lwd\/#breadcrumb"},"inLanguage":"es","potentialAction":[{"@type":"ReadAction","target":["http:\/\/www.datinstruments.com\/es\/perforaciones-mwd-lwd\/"]}]},{"@type":"ImageObject","inLanguage":"es","@id":"http:\/\/www.datinstruments.com\/es\/perforaciones-mwd-lwd\/#primaryimage","url":"http:\/\/www.datinstruments.com\/es\/files\/2019\/08\/DAT-instruments-DAT-WideLog-datalogger-para-perforaciones-horizontales.jpg","contentUrl":"http:\/\/www.datinstruments.com\/es\/files\/2019\/08\/DAT-instruments-DAT-WideLog-datalogger-para-perforaciones-horizontales.jpg","width":1600,"height":1000,"caption":"DAT instruments, DAT WideLog, datalogger para perforaci\u00f3nes horizontales"},{"@type":"BreadcrumbList","@id":"http:\/\/www.datinstruments.com\/es\/perforaciones-mwd-lwd\/#breadcrumb","itemListElement":[{"@type":"ListItem","position":1,"name":"Home","item":"https:\/\/www.datinstruments.com\/es\/"},{"@type":"ListItem","position":2,"name":"PERFORACIONES, MWD, LWD"}]},{"@type":"WebSite","@id":"https:\/\/www.datinstruments.com\/es\/#website","url":"https:\/\/www.datinstruments.com\/es\/","name":"DAT instruments","description":"Datalogger para: Jet grouting \u2013 Inyecciones de cemento \u2013 GIN \u2013 TAM Grouting \u2013 Compensation grouting \u2013 Perforaci\u00f3nes \u2013 MWD \u2013 LWD \u2013 Pilote con barrena continua CFA \u2013 Deep mixing \u2013 Soil mixing \u2013 Mezcla profunda de suelos DSM \u2013 Vibroflotaci\u00f3n \u2013 Sand Compaction Piles \u2013 Excavaci\u00f3n de diafragmas \u2013 Hidrofresas \u2013 Pruebas Lugeon \u2013 Indagenes Geognosticas","publisher":{"@id":"https:\/\/www.datinstruments.com\/es\/#organization"},"potentialAction":[{"@type":"SearchAction","target":{"@type":"EntryPoint","urlTemplate":"https:\/\/www.datinstruments.com\/es\/?s={search_term_string}"},"query-input":{"@type":"PropertyValueSpecification","valueRequired":true,"valueName":"search_term_string"}}],"inLanguage":"es"},{"@type":"Organization","@id":"https:\/\/www.datinstruments.com\/es\/#organization","name":"DAT instruments","url":"https:\/\/www.datinstruments.com\/es\/","logo":{"@type":"ImageObject","inLanguage":"es","@id":"https:\/\/www.datinstruments.com\/es\/#\/schema\/logo\/image\/","url":"https:\/\/www.datinstruments.com\/es\/files\/2019\/08\/cropped-cropped-Favicon21.jpg","contentUrl":"https:\/\/www.datinstruments.com\/es\/files\/2019\/08\/cropped-cropped-Favicon21.jpg","width":512,"height":512,"caption":"DAT instruments"},"image":{"@id":"https:\/\/www.datinstruments.com\/es\/#\/schema\/logo\/image\/"},"sameAs":["https:\/\/www.facebook.com\/datinstruments"]}]}},"_links":{"self":[{"href":"http:\/\/www.datinstruments.com\/es\/wp-json\/wp\/v2\/pages\/378","targetHints":{"allow":["GET"]}}],"collection":[{"href":"http:\/\/www.datinstruments.com\/es\/wp-json\/wp\/v2\/pages"}],"about":[{"href":"http:\/\/www.datinstruments.com\/es\/wp-json\/wp\/v2\/types\/page"}],"author":[{"embeddable":true,"href":"http:\/\/www.datinstruments.com\/es\/wp-json\/wp\/v2\/users\/1"}],"replies":[{"embeddable":true,"href":"http:\/\/www.datinstruments.com\/es\/wp-json\/wp\/v2\/comments?post=378"}],"version-history":[{"count":0,"href":"http:\/\/www.datinstruments.com\/es\/wp-json\/wp\/v2\/pages\/378\/revisions"}],"wp:attachment":[{"href":"http:\/\/www.datinstruments.com\/es\/wp-json\/wp\/v2\/media?parent=378"}],"curies":[{"name":"wp","href":"https:\/\/api.w.org\/{rel}","templated":true}]}}