{"id":377,"date":"2020-08-05T14:09:32","date_gmt":"2020-08-05T12:09:32","guid":{"rendered":"http:\/\/www.datinstruments.com\/es\/?page_id=377"},"modified":"2020-12-18T12:15:57","modified_gmt":"2020-12-18T11:15:57","slug":"excavacion-de-diafragmas-y-hydromills","status":"publish","type":"page","link":"http:\/\/www.datinstruments.com\/es\/excavacion-de-diafragmas-y-hydromills\/","title":{"rendered":"EXCAVACI\u00d3N DE DIAFRAGMAS Y HYDROMILLS"},"content":{"rendered":"\n<p>En la ejecuci\u00f3n de la excavaci\u00f3n de diafragmas y hydromills se deben tomar todas las medidas necesarias para llevar a cabo el trabajo de acuerdo con los requerimientos del proyecto. La verticalidad y la rotaci\u00f3n del diafragma realizado requieren una particular atenci\u00f3n, al fin de garantizar la impermeabilidad de los juntos. <\/p>\n\n\n\n<div class=\"wp-block-image\"><figure class=\"aligncenter size-full is-resized\"><img fetchpriority=\"high\" decoding=\"async\" src=\"http:\/\/www.datinstruments.com\/es\/files\/2019\/08\/DAT-instruments-JET-DSP-100-H-datalogger-para-Hidrofresas.jpg\" alt=\"DAT instruments, JET DSP 100 - H, datalogger para Hidrofresas, excavaci\u00f3n de diafragmas y hydromills\" class=\"wp-image-40\" width=\"425\" height=\"317\" srcset=\"http:\/\/www.datinstruments.com\/es\/files\/2019\/08\/DAT-instruments-JET-DSP-100-H-datalogger-para-Hidrofresas.jpg 425w, http:\/\/www.datinstruments.com\/es\/files\/2019\/08\/DAT-instruments-JET-DSP-100-H-datalogger-para-Hidrofresas-200x149.jpg 200w\" sizes=\"(max-width: 425px) 100vw, 425px\" \/><\/figure><\/div>\n\n\n\n<div class=\"alignnormal\"><div id=\"metaslider-id-287\" style=\"width: 100%; margin: 0 auto;\" class=\"ml-slider-3-97-0 metaslider metaslider-nivo metaslider-287 ml-slider ms-theme-default\" role=\"region\" aria-roledescription=\"Slideshow\" aria-label=\"Diafragmas\" data-width=\"1080\">\n    <div id=\"metaslider_container_287\">\n        <div class='slider-wrapper theme-default'><div class='ribbon'><\/div><div id='metaslider_287' class='nivoSlider'><img decoding=\"async\" src=\"http:\/\/www.datinstruments.com\/es\/files\/2020\/06\/DAT-instruments-JET-DSP-100-D-datalogger-per-scavo-di-diaframmi-Ecuador-1000x370.jpg\" height=\"400\" width=\"1080\" title=\"DAT instruments, JET DSP 100 - D, datalogger per scavo di diaframmi, Ecuador\" alt=\"Diafragmas, Hydromills\" class=\"slider-287 slide-293\" \/><img decoding=\"async\" src=\"http:\/\/www.datinstruments.com\/es\/files\/2020\/06\/DAT-instruments-JET-DSP-100-D-datalogger-per-scavo-di-diaframmi-sensore-di-inclinazione-e-rotazione-benna-Turchia-1000x370.jpg\" height=\"400\" width=\"1080\" title=\"DAT instruments, JET DSP 100 - D, datalogger per scavo di diaframmi, sensore di inclinazione e rotazione benna, Turchia\" alt=\"\" class=\"slider-287 slide-294\" \/><img loading=\"lazy\" decoding=\"async\" src=\"http:\/\/www.datinstruments.com\/es\/files\/2020\/06\/DAT-instruments-JET-DSP-100-D-datalogger-per-scavo-di-diaframmi-sensore-di-profondit\u00e0-India-1000x370.jpg\" height=\"400\" width=\"1080\" title=\"DAT instruments, JET DSP 100 - D, datalogger per scavo di diaframmi, sensore di profondit\u00e0, India\" alt=\"\" class=\"slider-287 slide-295\" \/><img loading=\"lazy\" decoding=\"async\" src=\"http:\/\/www.datinstruments.com\/es\/files\/2020\/06\/DAT-instruments-JET-DSP-100-D-datalogger-per-scavo-di-diaframmi-Turchia-1000x370.jpg\" height=\"400\" width=\"1080\" title=\"DAT instruments, JET DSP 100 - D, datalogger per scavo di diaframmi, Turchia\" alt=\"\" class=\"slider-287 slide-296\" \/><img loading=\"lazy\" decoding=\"async\" src=\"http:\/\/www.datinstruments.com\/es\/files\/2020\/06\/DAT-instruments-JET-DSP-100-H-datalogger-per-idrofrese-sensore-velocit\u00e0-di-rotazione-India-1000x370.jpg\" height=\"400\" width=\"1080\" title=\"DAT instruments, JET DSP 100 - H, datalogger per idrofrese, sensore velocit\u00e0 di rotazione, India\" alt=\"\" class=\"slider-287 slide-297\" \/><\/div><\/div>\n        \n    <\/div>\n<\/div><\/div>\n\n\n\n<div class=\"wp-block-image\"><figure class=\"aligncenter size-medium is-resized\"><img loading=\"lazy\" decoding=\"async\" src=\"http:\/\/www.datinstruments.com\/es\/files\/2020\/06\/Diaframmi-770x626.jpg\" alt=\"EasyDAT Diafragmas\" class=\"wp-image-331\" width=\"770\" height=\"626\" srcset=\"http:\/\/www.datinstruments.com\/es\/files\/2020\/06\/Diaframmi-770x626.jpg 770w, http:\/\/www.datinstruments.com\/es\/files\/2020\/06\/Diaframmi-200x163.jpg 200w, http:\/\/www.datinstruments.com\/es\/files\/2020\/06\/Diaframmi-768x624.jpg 768w, http:\/\/www.datinstruments.com\/es\/files\/2020\/06\/Diaframmi-440x358.jpg 440w, http:\/\/www.datinstruments.com\/es\/files\/2020\/06\/Diaframmi.jpg 888w\" sizes=\"(max-width: 770px) 100vw, 770px\" \/><\/figure><\/div>\n\n\n\n<h3 class=\"wp-block-heading\">Los par\u00e1metros:<\/h3>\n\n\n\n<p>El datalogger va a monstrar, en una gran pantalla retroiluminada, y a grabar en la memoria interna, los siguientes par\u00e1metros:<\/p>\n\n\n\n<p><strong>Profundidad <\/strong>(m, con una resoluci\u00f3n de 1 cm)<\/p>\n\n\n\n<p><strong>Inclinaci\u00f3n <\/strong>en los dos ejes X y Y con respecto a la vertical (con resoluci\u00f3n de 0,1 \u00b0)<\/p>\n\n\n\n<p><strong>Rotaci\u00f3n <\/strong>del <strong>cangil\u00f3n<\/strong>, eje Z (con una resoluci\u00f3n de 1\u00b0)<\/p>\n\n\n\n<p><strong>Desviaci\u00f3n <\/strong>en los dos ejes X y Y con respecto a la vertical (con resoluci\u00f3n de 1 cm)<\/p>\n\n\n\n<p>Los datos se adquieren a trav\u00e9s de los sensores instalados en el equipo de excavaci\u00f3n de diafragmas y hydromills. La conexi\u00f3n del sensor de inclinaci\u00f3n para el datalogger se puede hacer a trav\u00e9s de cable o radio. El data logger puede registrar los datos de la excavaci\u00f3n en funci\u00f3n de la profundidad. \u00a0Durante las muchas carreras necesarias para realizar el diafragma, en el datalogger se van a mostrar los datos de cada una. Los datos de la \u00faltima carrera tambi\u00e9n se registran para analizar la excavaci\u00f3n en el PC de su oficina. El datalogger se configura a trav\u00e9s del PC. De esta manera Usted puede calibrar los sensores, ajustar los par\u00e1metros de la adquisici\u00f3n de datos e indicar los valores de la escala de los gr\u00e1ficos.<\/p>\n\n\n\n<h3 class=\"wp-block-heading\">Par\u00e1metros adicionales registrados:<\/h3>\n\n\n\n<ul class=\"wp-block-list\"><li><strong>Velocidad de rotaci\u00f3n de la hydromill<\/strong><\/li><li><strong>Presi\u00f3n\/flujo de la bomba de barro<\/strong>.<\/li><\/ul>\n\n\n\n<p>El JET DSP 100 \/ D puede registrar los datos de la excavaci\u00f3n de diafragmas y hydromills en funci\u00f3n de la profundidad. A lo largo de los numerosos movimiento \u00a0necesarios para realizar el diafragma, es posible visualizar los datos de cada trazo. Adem\u00e1s, los datos del \u00faltimo trazo se registran para analizar la excavaci\u00f3n en el ordenador en la oficina. El datalogger se puede configurar a trav\u00e9s del ordenador. De esta manera, es posible calibrar los sensores, establecer los par\u00e1metros de adquisici\u00f3n de datos e indicar los valores m\u00e1ximos de la escala de los gr\u00e1ficos.<\/p>\n\n\n\n<h4 class=\"wp-block-heading\">Visualizaci\u00f3n de la verticalidad y de la rotaci\u00f3n en tiempo real<\/h4>\n\n\n\n<p>DAT instruments es capaz de conectar el sensor de inclinaci\u00f3n y rotaci\u00f3n no solo por radio, sino tambi\u00e9n por cable. De esta manera los datos se visualizan en tiempo real en la pantalla del operador. Esta soluci\u00f3n est\u00e1 disponible tanto para cuchara mec\u00e1nica, como para hydromills.<\/p>\n\n\n\n<p>(Las automatizaciones, los accesorios y los sensores pueden modularse en funci\u00f3n del producto seleccionado y de las exigencias especificas del cliente)<\/p>\n","protected":false},"excerpt":{"rendered":"<p>En la ejecuci\u00f3n de la excavaci\u00f3n de diafragmas y hydromills se deben tomar todas las medidas necesarias para llevar a cabo el trabajo de acuerdo con los requerimientos del proyecto. La verticalidad y la rotaci\u00f3n del diafragma realizado requieren una particular atenci\u00f3n, al fin de garantizar la impermeabilidad de los juntos. Los par\u00e1metros: El datalogger [&hellip;]<\/p>\n","protected":false},"author":1,"featured_media":0,"parent":0,"menu_order":0,"comment_status":"closed","ping_status":"closed","template":"","meta":{"footnotes":""},"class_list":["post-377","page","type-page","status-publish","hentry"],"yoast_head":"<!-- This site is optimized with the Yoast SEO plugin v24.8.1 - https:\/\/yoast.com\/wordpress\/plugins\/seo\/ -->\n<title>EXCAVACI\u00d3N DE DIAFRAGMAS Y HYDROMILLS<\/title>\n<meta name=\"description\" content=\"El datalogger JET DSP 100 \/ D puede registrar los datos de la excavaci\u00f3n de diafragmas y hydromills en funci\u00f3n de la profundidad.\" \/>\n<meta name=\"robots\" content=\"index, follow, max-snippet:-1, max-image-preview:large, max-video-preview:-1\" \/>\n<link rel=\"canonical\" href=\"https:\/\/www.datinstruments.com\/es\/excavacion-de-diafragmas-y-hydromills\/\" \/>\n<meta property=\"og:locale\" content=\"es_ES\" \/>\n<meta property=\"og:type\" content=\"article\" \/>\n<meta property=\"og:title\" content=\"EXCAVACI\u00d3N DE DIAFRAGMAS Y HYDROMILLS\" \/>\n<meta property=\"og:description\" content=\"El datalogger JET DSP 100 \/ D puede registrar los datos de la excavaci\u00f3n de diafragmas y hydromills en funci\u00f3n de la profundidad.\" \/>\n<meta property=\"og:url\" content=\"https:\/\/www.datinstruments.com\/es\/excavacion-de-diafragmas-y-hydromills\/\" \/>\n<meta property=\"og:site_name\" content=\"DAT instruments\" \/>\n<meta property=\"article:publisher\" content=\"https:\/\/www.facebook.com\/datinstruments\" \/>\n<meta property=\"article:modified_time\" content=\"2020-12-18T11:15:57+00:00\" \/>\n<meta property=\"og:image\" content=\"http:\/\/www.datinstruments.com\/es\/files\/2019\/08\/DAT-instruments-JET-DSP-100-H-datalogger-para-Hidrofresas.jpg\" \/>\n<meta name=\"twitter:card\" content=\"summary_large_image\" \/>\n<meta name=\"twitter:label1\" content=\"Tiempo de lectura\" \/>\n\t<meta name=\"twitter:data1\" content=\"2 minutos\" \/>\n<script type=\"application\/ld+json\" class=\"yoast-schema-graph\">{\"@context\":\"https:\/\/schema.org\",\"@graph\":[{\"@type\":\"WebPage\",\"@id\":\"https:\/\/www.datinstruments.com\/es\/excavacion-de-diafragmas-y-hydromills\/\",\"url\":\"https:\/\/www.datinstruments.com\/es\/excavacion-de-diafragmas-y-hydromills\/\",\"name\":\"EXCAVACI\u00d3N DE DIAFRAGMAS Y HYDROMILLS\",\"isPartOf\":{\"@id\":\"https:\/\/www.datinstruments.com\/es\/#website\"},\"primaryImageOfPage\":{\"@id\":\"https:\/\/www.datinstruments.com\/es\/excavacion-de-diafragmas-y-hydromills\/#primaryimage\"},\"image\":{\"@id\":\"https:\/\/www.datinstruments.com\/es\/excavacion-de-diafragmas-y-hydromills\/#primaryimage\"},\"thumbnailUrl\":\"http:\/\/www.datinstruments.com\/es\/files\/2019\/08\/DAT-instruments-JET-DSP-100-H-datalogger-para-Hidrofresas.jpg\",\"datePublished\":\"2020-08-05T12:09:32+00:00\",\"dateModified\":\"2020-12-18T11:15:57+00:00\",\"description\":\"El datalogger JET DSP 100 \/ D puede registrar los datos de la excavaci\u00f3n de diafragmas y hydromills en funci\u00f3n de la profundidad.\",\"breadcrumb\":{\"@id\":\"https:\/\/www.datinstruments.com\/es\/excavacion-de-diafragmas-y-hydromills\/#breadcrumb\"},\"inLanguage\":\"es\",\"potentialAction\":[{\"@type\":\"ReadAction\",\"target\":[\"https:\/\/www.datinstruments.com\/es\/excavacion-de-diafragmas-y-hydromills\/\"]}]},{\"@type\":\"ImageObject\",\"inLanguage\":\"es\",\"@id\":\"https:\/\/www.datinstruments.com\/es\/excavacion-de-diafragmas-y-hydromills\/#primaryimage\",\"url\":\"http:\/\/www.datinstruments.com\/es\/files\/2019\/08\/DAT-instruments-JET-DSP-100-H-datalogger-para-Hidrofresas.jpg\",\"contentUrl\":\"http:\/\/www.datinstruments.com\/es\/files\/2019\/08\/DAT-instruments-JET-DSP-100-H-datalogger-para-Hidrofresas.jpg\",\"width\":425,\"height\":317,\"caption\":\"DAT instruments, JET DSP 100 - H, datalogger para Hidrofresas\"},{\"@type\":\"BreadcrumbList\",\"@id\":\"https:\/\/www.datinstruments.com\/es\/excavacion-de-diafragmas-y-hydromills\/#breadcrumb\",\"itemListElement\":[{\"@type\":\"ListItem\",\"position\":1,\"name\":\"Home\",\"item\":\"https:\/\/www.datinstruments.com\/es\/\"},{\"@type\":\"ListItem\",\"position\":2,\"name\":\"EXCAVACI\u00d3N DE DIAFRAGMAS Y HYDROMILLS\"}]},{\"@type\":\"WebSite\",\"@id\":\"https:\/\/www.datinstruments.com\/es\/#website\",\"url\":\"https:\/\/www.datinstruments.com\/es\/\",\"name\":\"DAT instruments\",\"description\":\"Datalogger para: Jet grouting \u2013 Inyecciones de cemento \u2013 GIN \u2013 TAM Grouting \u2013 Compensation grouting \u2013 Perforaci\u00f3nes \u2013 MWD \u2013 LWD \u2013 Pilote con barrena continua CFA \u2013 Deep mixing \u2013 Soil mixing \u2013 Mezcla profunda de suelos DSM \u2013 Vibroflotaci\u00f3n \u2013 Sand Compaction Piles \u2013 Excavaci\u00f3n de diafragmas \u2013 Hidrofresas \u2013 Pruebas Lugeon \u2013 Indagenes Geognosticas\",\"publisher\":{\"@id\":\"https:\/\/www.datinstruments.com\/es\/#organization\"},\"potentialAction\":[{\"@type\":\"SearchAction\",\"target\":{\"@type\":\"EntryPoint\",\"urlTemplate\":\"https:\/\/www.datinstruments.com\/es\/?s={search_term_string}\"},\"query-input\":{\"@type\":\"PropertyValueSpecification\",\"valueRequired\":true,\"valueName\":\"search_term_string\"}}],\"inLanguage\":\"es\"},{\"@type\":\"Organization\",\"@id\":\"https:\/\/www.datinstruments.com\/es\/#organization\",\"name\":\"DAT instruments\",\"url\":\"https:\/\/www.datinstruments.com\/es\/\",\"logo\":{\"@type\":\"ImageObject\",\"inLanguage\":\"es\",\"@id\":\"https:\/\/www.datinstruments.com\/es\/#\/schema\/logo\/image\/\",\"url\":\"https:\/\/www.datinstruments.com\/es\/files\/2019\/08\/cropped-cropped-Favicon21.jpg\",\"contentUrl\":\"https:\/\/www.datinstruments.com\/es\/files\/2019\/08\/cropped-cropped-Favicon21.jpg\",\"width\":512,\"height\":512,\"caption\":\"DAT instruments\"},\"image\":{\"@id\":\"https:\/\/www.datinstruments.com\/es\/#\/schema\/logo\/image\/\"},\"sameAs\":[\"https:\/\/www.facebook.com\/datinstruments\"]}]}<\/script>\n<!-- \/ Yoast SEO plugin. -->","yoast_head_json":{"title":"EXCAVACI\u00d3N DE DIAFRAGMAS Y HYDROMILLS","description":"El datalogger JET DSP 100 \/ D puede registrar los datos de la excavaci\u00f3n de diafragmas y hydromills en funci\u00f3n de la profundidad.","robots":{"index":"index","follow":"follow","max-snippet":"max-snippet:-1","max-image-preview":"max-image-preview:large","max-video-preview":"max-video-preview:-1"},"canonical":"https:\/\/www.datinstruments.com\/es\/excavacion-de-diafragmas-y-hydromills\/","og_locale":"es_ES","og_type":"article","og_title":"EXCAVACI\u00d3N DE DIAFRAGMAS Y HYDROMILLS","og_description":"El datalogger JET DSP 100 \/ D puede registrar los datos de la excavaci\u00f3n de diafragmas y hydromills en funci\u00f3n de la profundidad.","og_url":"https:\/\/www.datinstruments.com\/es\/excavacion-de-diafragmas-y-hydromills\/","og_site_name":"DAT instruments","article_publisher":"https:\/\/www.facebook.com\/datinstruments","article_modified_time":"2020-12-18T11:15:57+00:00","og_image":[{"url":"http:\/\/www.datinstruments.com\/es\/files\/2019\/08\/DAT-instruments-JET-DSP-100-H-datalogger-para-Hidrofresas.jpg","type":"","width":"","height":""}],"twitter_card":"summary_large_image","twitter_misc":{"Tiempo de lectura":"2 minutos"},"schema":{"@context":"https:\/\/schema.org","@graph":[{"@type":"WebPage","@id":"https:\/\/www.datinstruments.com\/es\/excavacion-de-diafragmas-y-hydromills\/","url":"https:\/\/www.datinstruments.com\/es\/excavacion-de-diafragmas-y-hydromills\/","name":"EXCAVACI\u00d3N DE DIAFRAGMAS Y HYDROMILLS","isPartOf":{"@id":"https:\/\/www.datinstruments.com\/es\/#website"},"primaryImageOfPage":{"@id":"https:\/\/www.datinstruments.com\/es\/excavacion-de-diafragmas-y-hydromills\/#primaryimage"},"image":{"@id":"https:\/\/www.datinstruments.com\/es\/excavacion-de-diafragmas-y-hydromills\/#primaryimage"},"thumbnailUrl":"http:\/\/www.datinstruments.com\/es\/files\/2019\/08\/DAT-instruments-JET-DSP-100-H-datalogger-para-Hidrofresas.jpg","datePublished":"2020-08-05T12:09:32+00:00","dateModified":"2020-12-18T11:15:57+00:00","description":"El datalogger JET DSP 100 \/ D puede registrar los datos de la excavaci\u00f3n de diafragmas y hydromills en funci\u00f3n de la profundidad.","breadcrumb":{"@id":"https:\/\/www.datinstruments.com\/es\/excavacion-de-diafragmas-y-hydromills\/#breadcrumb"},"inLanguage":"es","potentialAction":[{"@type":"ReadAction","target":["https:\/\/www.datinstruments.com\/es\/excavacion-de-diafragmas-y-hydromills\/"]}]},{"@type":"ImageObject","inLanguage":"es","@id":"https:\/\/www.datinstruments.com\/es\/excavacion-de-diafragmas-y-hydromills\/#primaryimage","url":"http:\/\/www.datinstruments.com\/es\/files\/2019\/08\/DAT-instruments-JET-DSP-100-H-datalogger-para-Hidrofresas.jpg","contentUrl":"http:\/\/www.datinstruments.com\/es\/files\/2019\/08\/DAT-instruments-JET-DSP-100-H-datalogger-para-Hidrofresas.jpg","width":425,"height":317,"caption":"DAT instruments, JET DSP 100 - H, datalogger para Hidrofresas"},{"@type":"BreadcrumbList","@id":"https:\/\/www.datinstruments.com\/es\/excavacion-de-diafragmas-y-hydromills\/#breadcrumb","itemListElement":[{"@type":"ListItem","position":1,"name":"Home","item":"https:\/\/www.datinstruments.com\/es\/"},{"@type":"ListItem","position":2,"name":"EXCAVACI\u00d3N DE DIAFRAGMAS Y HYDROMILLS"}]},{"@type":"WebSite","@id":"https:\/\/www.datinstruments.com\/es\/#website","url":"https:\/\/www.datinstruments.com\/es\/","name":"DAT instruments","description":"Datalogger para: Jet grouting \u2013 Inyecciones de cemento \u2013 GIN \u2013 TAM Grouting \u2013 Compensation grouting \u2013 Perforaci\u00f3nes \u2013 MWD \u2013 LWD \u2013 Pilote con barrena continua CFA \u2013 Deep mixing \u2013 Soil mixing \u2013 Mezcla profunda de suelos DSM \u2013 Vibroflotaci\u00f3n \u2013 Sand Compaction Piles \u2013 Excavaci\u00f3n de diafragmas \u2013 Hidrofresas \u2013 Pruebas Lugeon \u2013 Indagenes Geognosticas","publisher":{"@id":"https:\/\/www.datinstruments.com\/es\/#organization"},"potentialAction":[{"@type":"SearchAction","target":{"@type":"EntryPoint","urlTemplate":"https:\/\/www.datinstruments.com\/es\/?s={search_term_string}"},"query-input":{"@type":"PropertyValueSpecification","valueRequired":true,"valueName":"search_term_string"}}],"inLanguage":"es"},{"@type":"Organization","@id":"https:\/\/www.datinstruments.com\/es\/#organization","name":"DAT instruments","url":"https:\/\/www.datinstruments.com\/es\/","logo":{"@type":"ImageObject","inLanguage":"es","@id":"https:\/\/www.datinstruments.com\/es\/#\/schema\/logo\/image\/","url":"https:\/\/www.datinstruments.com\/es\/files\/2019\/08\/cropped-cropped-Favicon21.jpg","contentUrl":"https:\/\/www.datinstruments.com\/es\/files\/2019\/08\/cropped-cropped-Favicon21.jpg","width":512,"height":512,"caption":"DAT instruments"},"image":{"@id":"https:\/\/www.datinstruments.com\/es\/#\/schema\/logo\/image\/"},"sameAs":["https:\/\/www.facebook.com\/datinstruments"]}]}},"_links":{"self":[{"href":"http:\/\/www.datinstruments.com\/es\/wp-json\/wp\/v2\/pages\/377","targetHints":{"allow":["GET"]}}],"collection":[{"href":"http:\/\/www.datinstruments.com\/es\/wp-json\/wp\/v2\/pages"}],"about":[{"href":"http:\/\/www.datinstruments.com\/es\/wp-json\/wp\/v2\/types\/page"}],"author":[{"embeddable":true,"href":"http:\/\/www.datinstruments.com\/es\/wp-json\/wp\/v2\/users\/1"}],"replies":[{"embeddable":true,"href":"http:\/\/www.datinstruments.com\/es\/wp-json\/wp\/v2\/comments?post=377"}],"version-history":[{"count":0,"href":"http:\/\/www.datinstruments.com\/es\/wp-json\/wp\/v2\/pages\/377\/revisions"}],"wp:attachment":[{"href":"http:\/\/www.datinstruments.com\/es\/wp-json\/wp\/v2\/media?parent=377"}],"curies":[{"name":"wp","href":"https:\/\/api.w.org\/{rel}","templated":true}]}}